{"id":9333,"date":"2025-05-28T15:27:15","date_gmt":"2025-05-28T13:27:15","guid":{"rendered":"https:\/\/chemicalguys.cleaning\/product\/non%20class\u00e9\/chemical-guys-signature-scent-air-freshener-odor-eliminator-473ml\/"},"modified":"2025-05-30T13:26:41","modified_gmt":"2025-05-30T11:26:41","slug":"chemical-guys-signature-scent-air-freshener-odor-eliminator-473ml","status":"publish","type":"product","link":"https:\/\/chemicalguys.cleaning\/fr\/product\/interieur-fr\/desodorisants\/chemical-guys-signature-scent-air-freshener-odor-eliminator-473ml\/","title":{"rendered":"Chemical Guys Signature Scent Air Freshener &amp; Odor Eliminator (473ml)"},"content":{"rendered":"<p>Pimentez vos journ\u00e9es avec le d\u00e9sodorisant Signature Scent Air Freshener, qui apportera \u00e0 votre espace l&rsquo;allure sensuelle d&rsquo;un club de strip-tease. Avec ses notes de s\u00e9duction fum\u00e9e, de p\u00e9tales de fleurs sensuelles et sa touche audacieuse, c&rsquo;est comme si vous sentiez le parfum sensuel d&rsquo;un artiste vedette. Vaporisez-le dans votre voiture ou votre chambre et laissez l&rsquo;excitation \u00e9lectrique et sauvage vous emporter.<\/p>\n<p>&#8211; UNIQUE ET M\u00c9MORABLE &#8211; Cr\u00e9ez une atmosph\u00e8re unique dans votre voiture ou votre espace avec ce parfum signature unique en son genre. Cette fragrance amusante \u00e9voque les souvenirs cr\u00e9\u00e9s sur les poteaux brillant et dans les cabines priv\u00e9es et sombres des clubs exclusifs<br \/>&#8211; REVIVEZ DES SOUVENIRS &#8211; Signature Scent est le d\u00e9sodorisant qui distille cette odeur si famili\u00e8re que vous ne sentirez nulle part ailleurs, et qui a \u00e9t\u00e9 m\u00e9lang\u00e9e \u00e0 des enzymes \u00e9liminant les odeurs pour une exp\u00e9rience d&rsquo;air pur \u00e0 tout moment<br \/>&#8211; D\u00c9SODORISANT DE HAUTE QUALIT\u00c9 &#8211; Un m\u00e9lange unique de parfums de haute qualit\u00e9 et d&rsquo;\u00e9liminateurs d&rsquo;odeurs assure une exp\u00e9rience de conduite agr\u00e9able<br \/>&#8211; UTILISATION UNIVERSELLE &#8211; Ne se limite pas aux voitures, utilisez-le \u00e0 la maison, au bureau ou dans tout espace qui a besoin d&rsquo;un parfum agr\u00e9able<br \/>&#8211; \u00c9LIMINE LES MAUVAISES ODEURS &#8211; Neutralise efficacement et remplace les odeurs ind\u00e9sirables par un parfum captivant<\/p>\n<span class=\"et_bloom_bottom_trigger\"><\/span>","protected":false},"excerpt":{"rendered":"<p>Chemical Guys Signature Scent Air Freshener &amp; Odor Eliminator (473ml)<\/p>\n","protected":false},"featured_media":8286,"comment_status":"closed","ping_status":"closed","template":"","meta":{"_et_pb_use_builder":"","_et_pb_old_content":"","_et_gb_content_width":""},"product_brand":[],"product_cat":[246,351],"product_tag":[508],"class_list":{"0":"post-9333","1":"product","2":"type-product","3":"status-publish","4":"has-post-thumbnail","6":"product_cat-desodorisants","7":"product_cat-interieur-fr","8":"product_tag-chemical-guys-3","9":"pa_couleur-orange","10":"pa_kleur-orange-fr","11":"pa_materiaal-liquide","12":"pa_matiere-liquide","14":"first","15":"instock","16":"taxable","17":"shipping-taxable","18":"purchasable","19":"product-type-simple"},"yoast_head":"<!-- This site is optimized with the Yoast SEO plugin v27.3 - https:\/\/yoast.com\/product\/yoast-seo-wordpress\/ -->\n<title>Chemical Guys Signature Scent Air Freshener &amp; Odor Eliminator (473ml) - Chemical Guys<\/title>\n<meta name=\"robots\" content=\"index, follow, max-snippet:-1, max-image-preview:large, max-video-preview:-1\" \/>\n<link rel=\"canonical\" href=\"https:\/\/chemicalguys.cleaning\/fr\/product\/interieur-fr\/desodorisants\/chemical-guys-signature-scent-air-freshener-odor-eliminator-473ml\/\" \/>\n<meta property=\"og:locale\" content=\"fr_FR\" \/>\n<meta property=\"og:type\" content=\"article\" \/>\n<meta property=\"og:title\" content=\"Chemical Guys Signature Scent Air Freshener &amp; Odor Eliminator (473ml) - Chemical Guys\" \/>\n<meta property=\"og:description\" content=\"Chemical Guys Signature Scent Air Freshener &amp; Odor Eliminator (473ml)\" \/>\n<meta property=\"og:url\" content=\"https:\/\/chemicalguys.cleaning\/fr\/product\/interieur-fr\/desodorisants\/chemical-guys-signature-scent-air-freshener-odor-eliminator-473ml\/\" \/>\n<meta property=\"og:site_name\" content=\"Chemical Guys\" \/>\n<meta property=\"article:publisher\" content=\"https:\/\/www.facebook.com\/people\/Chemical-Guys-NL\/61576258888707\/\" \/>\n<meta property=\"article:modified_time\" content=\"2025-05-30T11:26:41+00:00\" \/>\n<meta property=\"og:image\" content=\"https:\/\/chemicalguys.cleaning\/wp-content\/uploads\/2025\/05\/2d795832-d005-45f8-beee-d9100427805f-CG_AIR06916_1.jpg\" \/>\n\t<meta property=\"og:image:width\" content=\"800\" \/>\n\t<meta property=\"og:image:height\" content=\"800\" \/>\n\t<meta property=\"og:image:type\" content=\"image\/webp\" \/>\n<meta name=\"twitter:card\" content=\"summary_large_image\" \/>\n<meta name=\"twitter:label1\" content=\"Dur\u00e9e de lecture estim\u00e9e\" \/>\n\t<meta name=\"twitter:data1\" content=\"1 minute\" \/>\n<script type=\"application\/ld+json\" class=\"yoast-schema-graph\">{\"@context\":\"https:\\\/\\\/schema.org\",\"@graph\":[{\"@type\":\"WebPage\",\"@id\":\"https:\\\/\\\/chemicalguys.cleaning\\\/fr\\\/product\\\/interieur-fr\\\/desodorisants\\\/chemical-guys-signature-scent-air-freshener-odor-eliminator-473ml\\\/\",\"url\":\"https:\\\/\\\/chemicalguys.cleaning\\\/fr\\\/product\\\/interieur-fr\\\/desodorisants\\\/chemical-guys-signature-scent-air-freshener-odor-eliminator-473ml\\\/\",\"name\":\"Chemical Guys Signature Scent Air Freshener &amp; Odor Eliminator (473ml) - Chemical Guys\",\"isPartOf\":{\"@id\":\"https:\\\/\\\/chemicalguys.cleaning\\\/fr\\\/#website\"},\"primaryImageOfPage\":{\"@id\":\"https:\\\/\\\/chemicalguys.cleaning\\\/fr\\\/product\\\/interieur-fr\\\/desodorisants\\\/chemical-guys-signature-scent-air-freshener-odor-eliminator-473ml\\\/#primaryimage\"},\"image\":{\"@id\":\"https:\\\/\\\/chemicalguys.cleaning\\\/fr\\\/product\\\/interieur-fr\\\/desodorisants\\\/chemical-guys-signature-scent-air-freshener-odor-eliminator-473ml\\\/#primaryimage\"},\"thumbnailUrl\":\"https:\\\/\\\/i0.wp.com\\\/chemicalguys.cleaning\\\/wp-content\\\/uploads\\\/2025\\\/05\\\/2d795832-d005-45f8-beee-d9100427805f-CG_AIR06916_1.jpg?fit=800%2C800&ssl=1\",\"datePublished\":\"2025-05-28T13:27:15+00:00\",\"dateModified\":\"2025-05-30T11:26:41+00:00\",\"breadcrumb\":{\"@id\":\"https:\\\/\\\/chemicalguys.cleaning\\\/fr\\\/product\\\/interieur-fr\\\/desodorisants\\\/chemical-guys-signature-scent-air-freshener-odor-eliminator-473ml\\\/#breadcrumb\"},\"inLanguage\":\"fr-FR\",\"potentialAction\":[{\"@type\":\"ReadAction\",\"target\":[\"https:\\\/\\\/chemicalguys.cleaning\\\/fr\\\/product\\\/interieur-fr\\\/desodorisants\\\/chemical-guys-signature-scent-air-freshener-odor-eliminator-473ml\\\/\"]}]},{\"@type\":\"ImageObject\",\"inLanguage\":\"fr-FR\",\"@id\":\"https:\\\/\\\/chemicalguys.cleaning\\\/fr\\\/product\\\/interieur-fr\\\/desodorisants\\\/chemical-guys-signature-scent-air-freshener-odor-eliminator-473ml\\\/#primaryimage\",\"url\":\"https:\\\/\\\/i0.wp.com\\\/chemicalguys.cleaning\\\/wp-content\\\/uploads\\\/2025\\\/05\\\/2d795832-d005-45f8-beee-d9100427805f-CG_AIR06916_1.jpg?fit=800%2C800&ssl=1\",\"contentUrl\":\"https:\\\/\\\/i0.wp.com\\\/chemicalguys.cleaning\\\/wp-content\\\/uploads\\\/2025\\\/05\\\/2d795832-d005-45f8-beee-d9100427805f-CG_AIR06916_1.jpg?fit=800%2C800&ssl=1\",\"width\":800,\"height\":800},{\"@type\":\"BreadcrumbList\",\"@id\":\"https:\\\/\\\/chemicalguys.cleaning\\\/fr\\\/product\\\/interieur-fr\\\/desodorisants\\\/chemical-guys-signature-scent-air-freshener-odor-eliminator-473ml\\\/#breadcrumb\",\"itemListElement\":[{\"@type\":\"ListItem\",\"position\":1,\"name\":\"Home\",\"item\":\"https:\\\/\\\/chemicalguys.cleaning\\\/fr\\\/\"},{\"@type\":\"ListItem\",\"position\":2,\"name\":\"Boutique\",\"item\":\"https:\\\/\\\/chemicalguys.cleaning\\\/fr\\\/shop\\\/\"},{\"@type\":\"ListItem\",\"position\":3,\"name\":\"Chemical Guys Signature Scent Air Freshener &amp; Odor Eliminator (473ml)\"}]},{\"@type\":\"WebSite\",\"@id\":\"https:\\\/\\\/chemicalguys.cleaning\\\/fr\\\/#website\",\"url\":\"https:\\\/\\\/chemicalguys.cleaning\\\/fr\\\/\",\"name\":\"Chemical Guys\",\"description\":\"Reinigings- en verzorgingsproducten\",\"publisher\":{\"@id\":\"https:\\\/\\\/chemicalguys.cleaning\\\/fr\\\/#organization\"},\"potentialAction\":[{\"@type\":\"SearchAction\",\"target\":{\"@type\":\"EntryPoint\",\"urlTemplate\":\"https:\\\/\\\/chemicalguys.cleaning\\\/fr\\\/?s={search_term_string}\"},\"query-input\":{\"@type\":\"PropertyValueSpecification\",\"valueRequired\":true,\"valueName\":\"search_term_string\"}}],\"inLanguage\":\"fr-FR\"},{\"@type\":\"Organization\",\"@id\":\"https:\\\/\\\/chemicalguys.cleaning\\\/fr\\\/#organization\",\"name\":\"chemicalguys.cleaning\",\"url\":\"https:\\\/\\\/chemicalguys.cleaning\\\/fr\\\/\",\"logo\":{\"@type\":\"ImageObject\",\"inLanguage\":\"fr-FR\",\"@id\":\"https:\\\/\\\/chemicalguys.cleaning\\\/fr\\\/#\\\/schema\\\/logo\\\/image\\\/\",\"url\":\"https:\\\/\\\/i0.wp.com\\\/chemicalguys.cleaning\\\/wp-content\\\/uploads\\\/2025\\\/05\\\/ChemicalGuys-Logo-Official-Detailed.png?fit=2880%2C2880&ssl=1\",\"contentUrl\":\"https:\\\/\\\/i0.wp.com\\\/chemicalguys.cleaning\\\/wp-content\\\/uploads\\\/2025\\\/05\\\/ChemicalGuys-Logo-Official-Detailed.png?fit=2880%2C2880&ssl=1\",\"width\":2880,\"height\":2880,\"caption\":\"chemicalguys.cleaning\"},\"image\":{\"@id\":\"https:\\\/\\\/chemicalguys.cleaning\\\/fr\\\/#\\\/schema\\\/logo\\\/image\\\/\"},\"sameAs\":[\"https:\\\/\\\/www.facebook.com\\\/people\\\/Chemical-Guys-NL\\\/61576258888707\\\/\",\"https:\\\/\\\/www.instagram.com\\\/chemicalguys_holland\\\/\"]}]}<\/script>\n<!-- \/ Yoast SEO plugin. -->","yoast_head_json":{"title":"Chemical Guys Signature Scent Air Freshener &amp; Odor Eliminator (473ml) - Chemical Guys","robots":{"index":"index","follow":"follow","max-snippet":"max-snippet:-1","max-image-preview":"max-image-preview:large","max-video-preview":"max-video-preview:-1"},"canonical":"https:\/\/chemicalguys.cleaning\/fr\/product\/interieur-fr\/desodorisants\/chemical-guys-signature-scent-air-freshener-odor-eliminator-473ml\/","og_locale":"fr_FR","og_type":"article","og_title":"Chemical Guys Signature Scent Air Freshener &amp; Odor Eliminator (473ml) - Chemical Guys","og_description":"Chemical Guys Signature Scent Air Freshener &amp; Odor Eliminator (473ml)","og_url":"https:\/\/chemicalguys.cleaning\/fr\/product\/interieur-fr\/desodorisants\/chemical-guys-signature-scent-air-freshener-odor-eliminator-473ml\/","og_site_name":"Chemical Guys","article_publisher":"https:\/\/www.facebook.com\/people\/Chemical-Guys-NL\/61576258888707\/","article_modified_time":"2025-05-30T11:26:41+00:00","og_image":[{"width":800,"height":800,"url":"https:\/\/chemicalguys.cleaning\/wp-content\/uploads\/2025\/05\/2d795832-d005-45f8-beee-d9100427805f-CG_AIR06916_1.jpg","type":"image\/webp"}],"twitter_card":"summary_large_image","twitter_misc":{"Dur\u00e9e de lecture estim\u00e9e":"1 minute"},"schema":{"@context":"https:\/\/schema.org","@graph":[{"@type":"WebPage","@id":"https:\/\/chemicalguys.cleaning\/fr\/product\/interieur-fr\/desodorisants\/chemical-guys-signature-scent-air-freshener-odor-eliminator-473ml\/","url":"https:\/\/chemicalguys.cleaning\/fr\/product\/interieur-fr\/desodorisants\/chemical-guys-signature-scent-air-freshener-odor-eliminator-473ml\/","name":"Chemical Guys Signature Scent Air Freshener &amp; Odor Eliminator (473ml) - Chemical Guys","isPartOf":{"@id":"https:\/\/chemicalguys.cleaning\/fr\/#website"},"primaryImageOfPage":{"@id":"https:\/\/chemicalguys.cleaning\/fr\/product\/interieur-fr\/desodorisants\/chemical-guys-signature-scent-air-freshener-odor-eliminator-473ml\/#primaryimage"},"image":{"@id":"https:\/\/chemicalguys.cleaning\/fr\/product\/interieur-fr\/desodorisants\/chemical-guys-signature-scent-air-freshener-odor-eliminator-473ml\/#primaryimage"},"thumbnailUrl":"https:\/\/i0.wp.com\/chemicalguys.cleaning\/wp-content\/uploads\/2025\/05\/2d795832-d005-45f8-beee-d9100427805f-CG_AIR06916_1.jpg?fit=800%2C800&ssl=1","datePublished":"2025-05-28T13:27:15+00:00","dateModified":"2025-05-30T11:26:41+00:00","breadcrumb":{"@id":"https:\/\/chemicalguys.cleaning\/fr\/product\/interieur-fr\/desodorisants\/chemical-guys-signature-scent-air-freshener-odor-eliminator-473ml\/#breadcrumb"},"inLanguage":"fr-FR","potentialAction":[{"@type":"ReadAction","target":["https:\/\/chemicalguys.cleaning\/fr\/product\/interieur-fr\/desodorisants\/chemical-guys-signature-scent-air-freshener-odor-eliminator-473ml\/"]}]},{"@type":"ImageObject","inLanguage":"fr-FR","@id":"https:\/\/chemicalguys.cleaning\/fr\/product\/interieur-fr\/desodorisants\/chemical-guys-signature-scent-air-freshener-odor-eliminator-473ml\/#primaryimage","url":"https:\/\/i0.wp.com\/chemicalguys.cleaning\/wp-content\/uploads\/2025\/05\/2d795832-d005-45f8-beee-d9100427805f-CG_AIR06916_1.jpg?fit=800%2C800&ssl=1","contentUrl":"https:\/\/i0.wp.com\/chemicalguys.cleaning\/wp-content\/uploads\/2025\/05\/2d795832-d005-45f8-beee-d9100427805f-CG_AIR06916_1.jpg?fit=800%2C800&ssl=1","width":800,"height":800},{"@type":"BreadcrumbList","@id":"https:\/\/chemicalguys.cleaning\/fr\/product\/interieur-fr\/desodorisants\/chemical-guys-signature-scent-air-freshener-odor-eliminator-473ml\/#breadcrumb","itemListElement":[{"@type":"ListItem","position":1,"name":"Home","item":"https:\/\/chemicalguys.cleaning\/fr\/"},{"@type":"ListItem","position":2,"name":"Boutique","item":"https:\/\/chemicalguys.cleaning\/fr\/shop\/"},{"@type":"ListItem","position":3,"name":"Chemical Guys Signature Scent Air Freshener &amp; Odor Eliminator (473ml)"}]},{"@type":"WebSite","@id":"https:\/\/chemicalguys.cleaning\/fr\/#website","url":"https:\/\/chemicalguys.cleaning\/fr\/","name":"Chemical Guys","description":"Reinigings- en verzorgingsproducten","publisher":{"@id":"https:\/\/chemicalguys.cleaning\/fr\/#organization"},"potentialAction":[{"@type":"SearchAction","target":{"@type":"EntryPoint","urlTemplate":"https:\/\/chemicalguys.cleaning\/fr\/?s={search_term_string}"},"query-input":{"@type":"PropertyValueSpecification","valueRequired":true,"valueName":"search_term_string"}}],"inLanguage":"fr-FR"},{"@type":"Organization","@id":"https:\/\/chemicalguys.cleaning\/fr\/#organization","name":"chemicalguys.cleaning","url":"https:\/\/chemicalguys.cleaning\/fr\/","logo":{"@type":"ImageObject","inLanguage":"fr-FR","@id":"https:\/\/chemicalguys.cleaning\/fr\/#\/schema\/logo\/image\/","url":"https:\/\/i0.wp.com\/chemicalguys.cleaning\/wp-content\/uploads\/2025\/05\/ChemicalGuys-Logo-Official-Detailed.png?fit=2880%2C2880&ssl=1","contentUrl":"https:\/\/i0.wp.com\/chemicalguys.cleaning\/wp-content\/uploads\/2025\/05\/ChemicalGuys-Logo-Official-Detailed.png?fit=2880%2C2880&ssl=1","width":2880,"height":2880,"caption":"chemicalguys.cleaning"},"image":{"@id":"https:\/\/chemicalguys.cleaning\/fr\/#\/schema\/logo\/image\/"},"sameAs":["https:\/\/www.facebook.com\/people\/Chemical-Guys-NL\/61576258888707\/","https:\/\/www.instagram.com\/chemicalguys_holland\/"]}]}},"jetpack_sharing_enabled":true,"_links":{"self":[{"href":"https:\/\/chemicalguys.cleaning\/fr\/wp-json\/wp\/v2\/product\/9333","targetHints":{"allow":["GET"]}}],"collection":[{"href":"https:\/\/chemicalguys.cleaning\/fr\/wp-json\/wp\/v2\/product"}],"about":[{"href":"https:\/\/chemicalguys.cleaning\/fr\/wp-json\/wp\/v2\/types\/product"}],"replies":[{"embeddable":true,"href":"https:\/\/chemicalguys.cleaning\/fr\/wp-json\/wp\/v2\/comments?post=9333"}],"wp:featuredmedia":[{"embeddable":true,"href":"https:\/\/chemicalguys.cleaning\/fr\/wp-json\/wp\/v2\/media\/8286"}],"wp:attachment":[{"href":"https:\/\/chemicalguys.cleaning\/fr\/wp-json\/wp\/v2\/media?parent=9333"}],"wp:term":[{"taxonomy":"product_brand","embeddable":true,"href":"https:\/\/chemicalguys.cleaning\/fr\/wp-json\/wp\/v2\/product_brand?post=9333"},{"taxonomy":"product_cat","embeddable":true,"href":"https:\/\/chemicalguys.cleaning\/fr\/wp-json\/wp\/v2\/product_cat?post=9333"},{"taxonomy":"product_tag","embeddable":true,"href":"https:\/\/chemicalguys.cleaning\/fr\/wp-json\/wp\/v2\/product_tag?post=9333"}],"curies":[{"name":"wp","href":"https:\/\/api.w.org\/{rel}","templated":true}]}}