{"id":9329,"date":"2025-05-28T15:22:29","date_gmt":"2025-05-28T13:22:29","guid":{"rendered":"https:\/\/chemicalguys.cleaning\/product\/non%20class\u00e9\/chemical-guys-pina-colada-scent-air-freshener-odor-eliminator-473ml\/"},"modified":"2025-05-30T12:41:05","modified_gmt":"2025-05-30T10:41:05","slug":"chemical-guys-pina-colada-scent-air-freshener-odor-eliminator-473ml","status":"publish","type":"product","link":"https:\/\/chemicalguys.cleaning\/fr\/product\/interieur-fr\/desodorisants\/chemical-guys-pina-colada-scent-air-freshener-odor-eliminator-473ml\/","title":{"rendered":"Chemical Guys Pina Colada Scent Air Freshener &amp; Odor Eliminator (473ml)"},"content":{"rendered":"<p>Plongez dans un paradis tropical avec notre d\u00e9sodorisant Pi\u00f1a Colada Paradise. D\u00e9couvrez l&rsquo;ar\u00f4me rafra\u00eechissant de la noix de coco cr\u00e9meuse et de l&rsquo;ananas juteux, qui rappelle les plages de sables et les journ\u00e9es ensoleill\u00e9es. Parfait pour ceux qui ont envie d&rsquo;un peu de bonheur estival o\u00f9 qu&rsquo;ils aillent.<\/p>\n<p>&#8211; SENTEUR PARADIS TROPICAL &#8211; La senteur Pi\u00f1a Colada est un m\u00e9lange gourmand de cr\u00e8me de noix de coco et d&rsquo;ananas frais, offrant un d\u00e9sodorisant doux et riche qui rappelle les chaudes nuits d&rsquo;\u00e9t\u00e9 dans les Cara\u00efbes<br \/>&#8211; \u00c9LIMINATEUR D&rsquo;ODEURS &#8211; Pi\u00f1a Colada n&rsquo;est pas seulement un parfum agr\u00e9able, il \u00e9limine \u00e9galement les mauvaises odeurs gr\u00e2ce \u00e0 des agents actifs qui les \u00e9liminent \u00e0 la source<br \/>&#8211; EXTRAITS NATURELS &#8211; Fabriqu\u00e9 avec des extraits naturels d&rsquo;ananas et de noix de coco, le parfum Pi\u00f1a Colada offre un ar\u00f4me authentique de paradis tropical, contrairement aux autres d\u00e9sodorisants qui utilisent des produits chimiques<br \/>&#8211; SATISFACTION INSTANTAN\u00c9E &#8211; Le parfum vif du jus d&rsquo;ananas frais et le parfum riche et moelleux de la noix de coco de Pi\u00f1a Colada Scent stimulent et apaisent les sens pour une satisfaction instantan\u00e9e qui met l&rsquo;eau \u00e0 la bouche<br \/>&#8211; LA MARQUE PR\u00c9F\u00c9R\u00c9E POUR L&rsquo;ENTRETIEN DES VOITURES &#8211; Les passionn\u00e9s de voitures choisissent Chemical Guys, non seulement pour ses produits d&rsquo;entretien de qualit\u00e9 sup\u00e9rieure, mais aussi pour son service client de premier ordre et ses vastes connaissances en mati\u00e8re de detailing. Chemical Guys est plus qu&rsquo;une marque, c&rsquo;est un style de vie suivi dans le monde entier<\/p>\n<span class=\"et_bloom_bottom_trigger\"><\/span>","protected":false},"excerpt":{"rendered":"<p>Chemical Guys Pina Colada Scent Air Freshener &amp; Odor Eliminator (473ml)<\/p>\n","protected":false},"featured_media":8202,"comment_status":"closed","ping_status":"closed","template":"","meta":{"_et_pb_use_builder":"","_et_pb_old_content":"","_et_gb_content_width":""},"product_brand":[],"product_cat":[246,351],"product_tag":[508],"class_list":{"0":"post-9329","1":"product","2":"type-product","3":"status-publish","4":"has-post-thumbnail","6":"product_cat-desodorisants","7":"product_cat-interieur-fr","8":"product_tag-chemical-guys-3","9":"pa_couleur-jaune","10":"pa_kleur-jaune","11":"pa_materiaal-liquide","12":"pa_matiere-liquide","14":"first","15":"onbackorder","16":"taxable","17":"shipping-taxable","18":"purchasable","19":"product-type-simple"},"yoast_head":"<!-- This site is optimized with the Yoast SEO plugin v27.4 - https:\/\/yoast.com\/product\/yoast-seo-wordpress\/ -->\n<title>Chemical Guys Pina Colada Scent Air Freshener &amp; Odor Eliminator (473ml) - Chemical Guys<\/title>\n<meta name=\"robots\" content=\"index, follow, max-snippet:-1, max-image-preview:large, max-video-preview:-1\" \/>\n<link rel=\"canonical\" href=\"https:\/\/chemicalguys.cleaning\/fr\/product\/interieur-fr\/desodorisants\/chemical-guys-pina-colada-scent-air-freshener-odor-eliminator-473ml\/\" \/>\n<meta property=\"og:locale\" content=\"fr_FR\" \/>\n<meta property=\"og:type\" content=\"article\" \/>\n<meta property=\"og:title\" content=\"Chemical Guys Pina Colada Scent Air Freshener &amp; Odor Eliminator (473ml) - Chemical Guys\" \/>\n<meta property=\"og:description\" content=\"Chemical Guys Pina Colada Scent Air Freshener &amp; Odor Eliminator (473ml)\" \/>\n<meta property=\"og:url\" content=\"https:\/\/chemicalguys.cleaning\/fr\/product\/interieur-fr\/desodorisants\/chemical-guys-pina-colada-scent-air-freshener-odor-eliminator-473ml\/\" \/>\n<meta property=\"og:site_name\" content=\"Chemical Guys\" \/>\n<meta property=\"article:publisher\" content=\"https:\/\/www.facebook.com\/people\/Chemical-Guys-NL\/61576258888707\/\" \/>\n<meta property=\"article:modified_time\" content=\"2025-05-30T10:41:05+00:00\" \/>\n<meta property=\"og:image\" content=\"https:\/\/chemicalguys.cleaning\/wp-content\/uploads\/2025\/05\/e0a63133-948c-4555-a8fc-5d817f7c46c4-CG_AIR22916_1.jpg\" \/>\n\t<meta property=\"og:image:width\" content=\"800\" \/>\n\t<meta property=\"og:image:height\" content=\"800\" \/>\n\t<meta property=\"og:image:type\" content=\"image\/webp\" \/>\n<meta name=\"twitter:card\" content=\"summary_large_image\" \/>\n<meta name=\"twitter:label1\" content=\"Dur\u00e9e de lecture estim\u00e9e\" \/>\n\t<meta name=\"twitter:data1\" content=\"1 minute\" \/>\n<script type=\"application\/ld+json\" class=\"yoast-schema-graph\">{\"@context\":\"https:\\\/\\\/schema.org\",\"@graph\":[{\"@type\":\"WebPage\",\"@id\":\"https:\\\/\\\/chemicalguys.cleaning\\\/fr\\\/product\\\/interieur-fr\\\/desodorisants\\\/chemical-guys-pina-colada-scent-air-freshener-odor-eliminator-473ml\\\/\",\"url\":\"https:\\\/\\\/chemicalguys.cleaning\\\/fr\\\/product\\\/interieur-fr\\\/desodorisants\\\/chemical-guys-pina-colada-scent-air-freshener-odor-eliminator-473ml\\\/\",\"name\":\"Chemical Guys Pina Colada Scent Air Freshener &amp; Odor Eliminator (473ml) - Chemical Guys\",\"isPartOf\":{\"@id\":\"https:\\\/\\\/chemicalguys.cleaning\\\/fr\\\/#website\"},\"primaryImageOfPage\":{\"@id\":\"https:\\\/\\\/chemicalguys.cleaning\\\/fr\\\/product\\\/interieur-fr\\\/desodorisants\\\/chemical-guys-pina-colada-scent-air-freshener-odor-eliminator-473ml\\\/#primaryimage\"},\"image\":{\"@id\":\"https:\\\/\\\/chemicalguys.cleaning\\\/fr\\\/product\\\/interieur-fr\\\/desodorisants\\\/chemical-guys-pina-colada-scent-air-freshener-odor-eliminator-473ml\\\/#primaryimage\"},\"thumbnailUrl\":\"https:\\\/\\\/i0.wp.com\\\/chemicalguys.cleaning\\\/wp-content\\\/uploads\\\/2025\\\/05\\\/e0a63133-948c-4555-a8fc-5d817f7c46c4-CG_AIR22916_1.jpg?fit=800%2C800&ssl=1\",\"datePublished\":\"2025-05-28T13:22:29+00:00\",\"dateModified\":\"2025-05-30T10:41:05+00:00\",\"breadcrumb\":{\"@id\":\"https:\\\/\\\/chemicalguys.cleaning\\\/fr\\\/product\\\/interieur-fr\\\/desodorisants\\\/chemical-guys-pina-colada-scent-air-freshener-odor-eliminator-473ml\\\/#breadcrumb\"},\"inLanguage\":\"fr-FR\",\"potentialAction\":[{\"@type\":\"ReadAction\",\"target\":[\"https:\\\/\\\/chemicalguys.cleaning\\\/fr\\\/product\\\/interieur-fr\\\/desodorisants\\\/chemical-guys-pina-colada-scent-air-freshener-odor-eliminator-473ml\\\/\"]}]},{\"@type\":\"ImageObject\",\"inLanguage\":\"fr-FR\",\"@id\":\"https:\\\/\\\/chemicalguys.cleaning\\\/fr\\\/product\\\/interieur-fr\\\/desodorisants\\\/chemical-guys-pina-colada-scent-air-freshener-odor-eliminator-473ml\\\/#primaryimage\",\"url\":\"https:\\\/\\\/i0.wp.com\\\/chemicalguys.cleaning\\\/wp-content\\\/uploads\\\/2025\\\/05\\\/e0a63133-948c-4555-a8fc-5d817f7c46c4-CG_AIR22916_1.jpg?fit=800%2C800&ssl=1\",\"contentUrl\":\"https:\\\/\\\/i0.wp.com\\\/chemicalguys.cleaning\\\/wp-content\\\/uploads\\\/2025\\\/05\\\/e0a63133-948c-4555-a8fc-5d817f7c46c4-CG_AIR22916_1.jpg?fit=800%2C800&ssl=1\",\"width\":800,\"height\":800},{\"@type\":\"BreadcrumbList\",\"@id\":\"https:\\\/\\\/chemicalguys.cleaning\\\/fr\\\/product\\\/interieur-fr\\\/desodorisants\\\/chemical-guys-pina-colada-scent-air-freshener-odor-eliminator-473ml\\\/#breadcrumb\",\"itemListElement\":[{\"@type\":\"ListItem\",\"position\":1,\"name\":\"Home\",\"item\":\"https:\\\/\\\/chemicalguys.cleaning\\\/fr\\\/\"},{\"@type\":\"ListItem\",\"position\":2,\"name\":\"Boutique\",\"item\":\"https:\\\/\\\/chemicalguys.cleaning\\\/fr\\\/shop\\\/\"},{\"@type\":\"ListItem\",\"position\":3,\"name\":\"Chemical Guys Pina Colada Scent Air Freshener &amp; Odor Eliminator (473ml)\"}]},{\"@type\":\"WebSite\",\"@id\":\"https:\\\/\\\/chemicalguys.cleaning\\\/fr\\\/#website\",\"url\":\"https:\\\/\\\/chemicalguys.cleaning\\\/fr\\\/\",\"name\":\"Chemical Guys\",\"description\":\"Reinigings- en verzorgingsproducten\",\"publisher\":{\"@id\":\"https:\\\/\\\/chemicalguys.cleaning\\\/fr\\\/#organization\"},\"potentialAction\":[{\"@type\":\"SearchAction\",\"target\":{\"@type\":\"EntryPoint\",\"urlTemplate\":\"https:\\\/\\\/chemicalguys.cleaning\\\/fr\\\/?s={search_term_string}\"},\"query-input\":{\"@type\":\"PropertyValueSpecification\",\"valueRequired\":true,\"valueName\":\"search_term_string\"}}],\"inLanguage\":\"fr-FR\"},{\"@type\":\"Organization\",\"@id\":\"https:\\\/\\\/chemicalguys.cleaning\\\/fr\\\/#organization\",\"name\":\"chemicalguys.cleaning\",\"url\":\"https:\\\/\\\/chemicalguys.cleaning\\\/fr\\\/\",\"logo\":{\"@type\":\"ImageObject\",\"inLanguage\":\"fr-FR\",\"@id\":\"https:\\\/\\\/chemicalguys.cleaning\\\/fr\\\/#\\\/schema\\\/logo\\\/image\\\/\",\"url\":\"https:\\\/\\\/i0.wp.com\\\/chemicalguys.cleaning\\\/wp-content\\\/uploads\\\/2025\\\/05\\\/ChemicalGuys-Logo-Official-Detailed.png?fit=2880%2C2880&ssl=1\",\"contentUrl\":\"https:\\\/\\\/i0.wp.com\\\/chemicalguys.cleaning\\\/wp-content\\\/uploads\\\/2025\\\/05\\\/ChemicalGuys-Logo-Official-Detailed.png?fit=2880%2C2880&ssl=1\",\"width\":2880,\"height\":2880,\"caption\":\"chemicalguys.cleaning\"},\"image\":{\"@id\":\"https:\\\/\\\/chemicalguys.cleaning\\\/fr\\\/#\\\/schema\\\/logo\\\/image\\\/\"},\"sameAs\":[\"https:\\\/\\\/www.facebook.com\\\/people\\\/Chemical-Guys-NL\\\/61576258888707\\\/\",\"https:\\\/\\\/www.instagram.com\\\/chemicalguys_holland\\\/\"]}]}<\/script>\n<!-- \/ Yoast SEO plugin. -->","yoast_head_json":{"title":"Chemical Guys Pina Colada Scent Air Freshener &amp; Odor Eliminator (473ml) - Chemical Guys","robots":{"index":"index","follow":"follow","max-snippet":"max-snippet:-1","max-image-preview":"max-image-preview:large","max-video-preview":"max-video-preview:-1"},"canonical":"https:\/\/chemicalguys.cleaning\/fr\/product\/interieur-fr\/desodorisants\/chemical-guys-pina-colada-scent-air-freshener-odor-eliminator-473ml\/","og_locale":"fr_FR","og_type":"article","og_title":"Chemical Guys Pina Colada Scent Air Freshener &amp; Odor Eliminator (473ml) - Chemical Guys","og_description":"Chemical Guys Pina Colada Scent Air Freshener &amp; Odor Eliminator (473ml)","og_url":"https:\/\/chemicalguys.cleaning\/fr\/product\/interieur-fr\/desodorisants\/chemical-guys-pina-colada-scent-air-freshener-odor-eliminator-473ml\/","og_site_name":"Chemical Guys","article_publisher":"https:\/\/www.facebook.com\/people\/Chemical-Guys-NL\/61576258888707\/","article_modified_time":"2025-05-30T10:41:05+00:00","og_image":[{"width":800,"height":800,"url":"https:\/\/chemicalguys.cleaning\/wp-content\/uploads\/2025\/05\/e0a63133-948c-4555-a8fc-5d817f7c46c4-CG_AIR22916_1.jpg","type":"image\/webp"}],"twitter_card":"summary_large_image","twitter_misc":{"Dur\u00e9e de lecture estim\u00e9e":"1 minute"},"schema":{"@context":"https:\/\/schema.org","@graph":[{"@type":"WebPage","@id":"https:\/\/chemicalguys.cleaning\/fr\/product\/interieur-fr\/desodorisants\/chemical-guys-pina-colada-scent-air-freshener-odor-eliminator-473ml\/","url":"https:\/\/chemicalguys.cleaning\/fr\/product\/interieur-fr\/desodorisants\/chemical-guys-pina-colada-scent-air-freshener-odor-eliminator-473ml\/","name":"Chemical Guys Pina Colada Scent Air Freshener &amp; Odor Eliminator (473ml) - Chemical Guys","isPartOf":{"@id":"https:\/\/chemicalguys.cleaning\/fr\/#website"},"primaryImageOfPage":{"@id":"https:\/\/chemicalguys.cleaning\/fr\/product\/interieur-fr\/desodorisants\/chemical-guys-pina-colada-scent-air-freshener-odor-eliminator-473ml\/#primaryimage"},"image":{"@id":"https:\/\/chemicalguys.cleaning\/fr\/product\/interieur-fr\/desodorisants\/chemical-guys-pina-colada-scent-air-freshener-odor-eliminator-473ml\/#primaryimage"},"thumbnailUrl":"https:\/\/i0.wp.com\/chemicalguys.cleaning\/wp-content\/uploads\/2025\/05\/e0a63133-948c-4555-a8fc-5d817f7c46c4-CG_AIR22916_1.jpg?fit=800%2C800&ssl=1","datePublished":"2025-05-28T13:22:29+00:00","dateModified":"2025-05-30T10:41:05+00:00","breadcrumb":{"@id":"https:\/\/chemicalguys.cleaning\/fr\/product\/interieur-fr\/desodorisants\/chemical-guys-pina-colada-scent-air-freshener-odor-eliminator-473ml\/#breadcrumb"},"inLanguage":"fr-FR","potentialAction":[{"@type":"ReadAction","target":["https:\/\/chemicalguys.cleaning\/fr\/product\/interieur-fr\/desodorisants\/chemical-guys-pina-colada-scent-air-freshener-odor-eliminator-473ml\/"]}]},{"@type":"ImageObject","inLanguage":"fr-FR","@id":"https:\/\/chemicalguys.cleaning\/fr\/product\/interieur-fr\/desodorisants\/chemical-guys-pina-colada-scent-air-freshener-odor-eliminator-473ml\/#primaryimage","url":"https:\/\/i0.wp.com\/chemicalguys.cleaning\/wp-content\/uploads\/2025\/05\/e0a63133-948c-4555-a8fc-5d817f7c46c4-CG_AIR22916_1.jpg?fit=800%2C800&ssl=1","contentUrl":"https:\/\/i0.wp.com\/chemicalguys.cleaning\/wp-content\/uploads\/2025\/05\/e0a63133-948c-4555-a8fc-5d817f7c46c4-CG_AIR22916_1.jpg?fit=800%2C800&ssl=1","width":800,"height":800},{"@type":"BreadcrumbList","@id":"https:\/\/chemicalguys.cleaning\/fr\/product\/interieur-fr\/desodorisants\/chemical-guys-pina-colada-scent-air-freshener-odor-eliminator-473ml\/#breadcrumb","itemListElement":[{"@type":"ListItem","position":1,"name":"Home","item":"https:\/\/chemicalguys.cleaning\/fr\/"},{"@type":"ListItem","position":2,"name":"Boutique","item":"https:\/\/chemicalguys.cleaning\/fr\/shop\/"},{"@type":"ListItem","position":3,"name":"Chemical Guys Pina Colada Scent Air Freshener &amp; Odor Eliminator (473ml)"}]},{"@type":"WebSite","@id":"https:\/\/chemicalguys.cleaning\/fr\/#website","url":"https:\/\/chemicalguys.cleaning\/fr\/","name":"Chemical Guys","description":"Reinigings- en verzorgingsproducten","publisher":{"@id":"https:\/\/chemicalguys.cleaning\/fr\/#organization"},"potentialAction":[{"@type":"SearchAction","target":{"@type":"EntryPoint","urlTemplate":"https:\/\/chemicalguys.cleaning\/fr\/?s={search_term_string}"},"query-input":{"@type":"PropertyValueSpecification","valueRequired":true,"valueName":"search_term_string"}}],"inLanguage":"fr-FR"},{"@type":"Organization","@id":"https:\/\/chemicalguys.cleaning\/fr\/#organization","name":"chemicalguys.cleaning","url":"https:\/\/chemicalguys.cleaning\/fr\/","logo":{"@type":"ImageObject","inLanguage":"fr-FR","@id":"https:\/\/chemicalguys.cleaning\/fr\/#\/schema\/logo\/image\/","url":"https:\/\/i0.wp.com\/chemicalguys.cleaning\/wp-content\/uploads\/2025\/05\/ChemicalGuys-Logo-Official-Detailed.png?fit=2880%2C2880&ssl=1","contentUrl":"https:\/\/i0.wp.com\/chemicalguys.cleaning\/wp-content\/uploads\/2025\/05\/ChemicalGuys-Logo-Official-Detailed.png?fit=2880%2C2880&ssl=1","width":2880,"height":2880,"caption":"chemicalguys.cleaning"},"image":{"@id":"https:\/\/chemicalguys.cleaning\/fr\/#\/schema\/logo\/image\/"},"sameAs":["https:\/\/www.facebook.com\/people\/Chemical-Guys-NL\/61576258888707\/","https:\/\/www.instagram.com\/chemicalguys_holland\/"]}]}},"jetpack_sharing_enabled":true,"_links":{"self":[{"href":"https:\/\/chemicalguys.cleaning\/fr\/wp-json\/wp\/v2\/product\/9329","targetHints":{"allow":["GET"]}}],"collection":[{"href":"https:\/\/chemicalguys.cleaning\/fr\/wp-json\/wp\/v2\/product"}],"about":[{"href":"https:\/\/chemicalguys.cleaning\/fr\/wp-json\/wp\/v2\/types\/product"}],"replies":[{"embeddable":true,"href":"https:\/\/chemicalguys.cleaning\/fr\/wp-json\/wp\/v2\/comments?post=9329"}],"wp:featuredmedia":[{"embeddable":true,"href":"https:\/\/chemicalguys.cleaning\/fr\/wp-json\/wp\/v2\/media\/8202"}],"wp:attachment":[{"href":"https:\/\/chemicalguys.cleaning\/fr\/wp-json\/wp\/v2\/media?parent=9329"}],"wp:term":[{"taxonomy":"product_brand","embeddable":true,"href":"https:\/\/chemicalguys.cleaning\/fr\/wp-json\/wp\/v2\/product_brand?post=9329"},{"taxonomy":"product_cat","embeddable":true,"href":"https:\/\/chemicalguys.cleaning\/fr\/wp-json\/wp\/v2\/product_cat?post=9329"},{"taxonomy":"product_tag","embeddable":true,"href":"https:\/\/chemicalguys.cleaning\/fr\/wp-json\/wp\/v2\/product_tag?post=9329"}],"curies":[{"name":"wp","href":"https:\/\/api.w.org\/{rel}","templated":true}]}}