{"id":9328,"date":"2025-05-28T15:22:29","date_gmt":"2025-05-28T13:22:29","guid":{"rendered":"https:\/\/chemicalguys.cleaning\/product\/non%20class\u00e9\/chemical-guys-heavy-duty-water-spot-remover-473ml\/"},"modified":"2025-05-30T12:39:18","modified_gmt":"2025-05-30T10:39:18","slug":"chemical-guys-heavy-duty-water-spot-remover-473ml","status":"publish","type":"product","link":"https:\/\/chemicalguys.cleaning\/fr\/product\/nettoyage-preparation\/nettoyants\/chemical-guys-heavy-duty-water-spot-remover-473ml\/","title":{"rendered":"Chemical Guys Heavy Duty Water Spot Remover (473ml)"},"content":{"rendered":"<p>Le produit Heavy Duty Water Spot Remover est un gel sp\u00e9cialement formul\u00e9 pour \u00e9liminer les taches d&rsquo;eau tenaces et les traces d&rsquo;eau dure. Facile \u00e0 appliquer, il convient parfaitement \u00e0 diverses surfaces et garantit un fini sans traces. Qu&rsquo;il s&rsquo;agisse de taches tenaces sur la peinture ou le verre, ce produit de nettoyage redonnera clart\u00e9 et brillance \u00e0 ces surfaces. Il est donc indispensable pour tous ceux qui souhaitent maintenir leurs surfaces en parfait \u00e9tat.<\/p>\n<p>&#8211; Sa formule acide douce neutralise les taches alcalines et d&rsquo;eau dure sur la peinture, le verre et le m\u00e9tal poli <br \/>&#8211; Pr\u00e9pare les surfaces des v\u00e9hicules avant l&rsquo;application de la cire<br \/>&#8211; Pr\u00e9vient les dommages permanents caus\u00e9s par l&rsquo;eau dure<\/p>\n<span class=\"et_bloom_bottom_trigger\"><\/span>","protected":false},"excerpt":{"rendered":"<p>Chemical Guys Heavy Duty Water Spot Remover (473ml)<\/p>\n","protected":false},"featured_media":8177,"comment_status":"closed","ping_status":"closed","template":"","meta":{"_et_pb_use_builder":"","_et_pb_old_content":"","_et_gb_content_width":""},"product_brand":[],"product_cat":[390,396],"product_tag":[508],"class_list":{"0":"post-9328","1":"product","2":"type-product","3":"status-publish","4":"has-post-thumbnail","6":"product_cat-nettoyage-preparation","7":"product_cat-nettoyants","8":"product_tag-chemical-guys-3","9":"pa_couleur-orange","10":"pa_kleur-orange-fr","11":"pa_materiaal-liquide","12":"pa_matiere-liquide","14":"first","15":"onbackorder","16":"taxable","17":"shipping-taxable","18":"purchasable","19":"product-type-simple"},"yoast_head":"<!-- This site is optimized with the Yoast SEO plugin v27.4 - https:\/\/yoast.com\/product\/yoast-seo-wordpress\/ -->\n<title>Chemical Guys Heavy Duty Water Spot Remover (473ml) - Chemical Guys<\/title>\n<meta name=\"robots\" content=\"index, follow, max-snippet:-1, max-image-preview:large, max-video-preview:-1\" \/>\n<link rel=\"canonical\" href=\"https:\/\/chemicalguys.cleaning\/fr\/product\/nettoyage-preparation\/nettoyants\/chemical-guys-heavy-duty-water-spot-remover-473ml\/\" \/>\n<meta property=\"og:locale\" content=\"fr_FR\" \/>\n<meta property=\"og:type\" content=\"article\" \/>\n<meta property=\"og:title\" content=\"Chemical Guys Heavy Duty Water Spot Remover (473ml) - Chemical Guys\" \/>\n<meta property=\"og:description\" content=\"Chemical Guys Heavy Duty Water Spot Remover (473ml)\" \/>\n<meta property=\"og:url\" content=\"https:\/\/chemicalguys.cleaning\/fr\/product\/nettoyage-preparation\/nettoyants\/chemical-guys-heavy-duty-water-spot-remover-473ml\/\" \/>\n<meta property=\"og:site_name\" content=\"Chemical Guys\" \/>\n<meta property=\"article:publisher\" content=\"https:\/\/www.facebook.com\/people\/Chemical-Guys-NL\/61576258888707\/\" \/>\n<meta property=\"article:modified_time\" content=\"2025-05-30T10:39:18+00:00\" \/>\n<meta property=\"og:image\" content=\"https:\/\/chemicalguys.cleaning\/wp-content\/uploads\/2025\/05\/275f2d64-92dd-4754-a08e-09fa57959131-CG_SPI10816_1.jpg\" \/>\n\t<meta property=\"og:image:width\" content=\"800\" \/>\n\t<meta property=\"og:image:height\" content=\"800\" \/>\n\t<meta property=\"og:image:type\" content=\"image\/webp\" \/>\n<meta name=\"twitter:card\" content=\"summary_large_image\" \/>\n<meta name=\"twitter:label1\" content=\"Dur\u00e9e de lecture estim\u00e9e\" \/>\n\t<meta name=\"twitter:data1\" content=\"1 minute\" \/>\n<script type=\"application\/ld+json\" class=\"yoast-schema-graph\">{\"@context\":\"https:\\\/\\\/schema.org\",\"@graph\":[{\"@type\":\"WebPage\",\"@id\":\"https:\\\/\\\/chemicalguys.cleaning\\\/fr\\\/product\\\/nettoyage-preparation\\\/nettoyants\\\/chemical-guys-heavy-duty-water-spot-remover-473ml\\\/\",\"url\":\"https:\\\/\\\/chemicalguys.cleaning\\\/fr\\\/product\\\/nettoyage-preparation\\\/nettoyants\\\/chemical-guys-heavy-duty-water-spot-remover-473ml\\\/\",\"name\":\"Chemical Guys Heavy Duty Water Spot Remover (473ml) - Chemical Guys\",\"isPartOf\":{\"@id\":\"https:\\\/\\\/chemicalguys.cleaning\\\/fr\\\/#website\"},\"primaryImageOfPage\":{\"@id\":\"https:\\\/\\\/chemicalguys.cleaning\\\/fr\\\/product\\\/nettoyage-preparation\\\/nettoyants\\\/chemical-guys-heavy-duty-water-spot-remover-473ml\\\/#primaryimage\"},\"image\":{\"@id\":\"https:\\\/\\\/chemicalguys.cleaning\\\/fr\\\/product\\\/nettoyage-preparation\\\/nettoyants\\\/chemical-guys-heavy-duty-water-spot-remover-473ml\\\/#primaryimage\"},\"thumbnailUrl\":\"https:\\\/\\\/i0.wp.com\\\/chemicalguys.cleaning\\\/wp-content\\\/uploads\\\/2025\\\/05\\\/275f2d64-92dd-4754-a08e-09fa57959131-CG_SPI10816_1.jpg?fit=800%2C800&ssl=1\",\"datePublished\":\"2025-05-28T13:22:29+00:00\",\"dateModified\":\"2025-05-30T10:39:18+00:00\",\"breadcrumb\":{\"@id\":\"https:\\\/\\\/chemicalguys.cleaning\\\/fr\\\/product\\\/nettoyage-preparation\\\/nettoyants\\\/chemical-guys-heavy-duty-water-spot-remover-473ml\\\/#breadcrumb\"},\"inLanguage\":\"fr-FR\",\"potentialAction\":[{\"@type\":\"ReadAction\",\"target\":[\"https:\\\/\\\/chemicalguys.cleaning\\\/fr\\\/product\\\/nettoyage-preparation\\\/nettoyants\\\/chemical-guys-heavy-duty-water-spot-remover-473ml\\\/\"]}]},{\"@type\":\"ImageObject\",\"inLanguage\":\"fr-FR\",\"@id\":\"https:\\\/\\\/chemicalguys.cleaning\\\/fr\\\/product\\\/nettoyage-preparation\\\/nettoyants\\\/chemical-guys-heavy-duty-water-spot-remover-473ml\\\/#primaryimage\",\"url\":\"https:\\\/\\\/i0.wp.com\\\/chemicalguys.cleaning\\\/wp-content\\\/uploads\\\/2025\\\/05\\\/275f2d64-92dd-4754-a08e-09fa57959131-CG_SPI10816_1.jpg?fit=800%2C800&ssl=1\",\"contentUrl\":\"https:\\\/\\\/i0.wp.com\\\/chemicalguys.cleaning\\\/wp-content\\\/uploads\\\/2025\\\/05\\\/275f2d64-92dd-4754-a08e-09fa57959131-CG_SPI10816_1.jpg?fit=800%2C800&ssl=1\",\"width\":800,\"height\":800},{\"@type\":\"BreadcrumbList\",\"@id\":\"https:\\\/\\\/chemicalguys.cleaning\\\/fr\\\/product\\\/nettoyage-preparation\\\/nettoyants\\\/chemical-guys-heavy-duty-water-spot-remover-473ml\\\/#breadcrumb\",\"itemListElement\":[{\"@type\":\"ListItem\",\"position\":1,\"name\":\"Home\",\"item\":\"https:\\\/\\\/chemicalguys.cleaning\\\/fr\\\/\"},{\"@type\":\"ListItem\",\"position\":2,\"name\":\"Boutique\",\"item\":\"https:\\\/\\\/chemicalguys.cleaning\\\/fr\\\/shop\\\/\"},{\"@type\":\"ListItem\",\"position\":3,\"name\":\"Chemical Guys Heavy Duty Water Spot Remover (473ml)\"}]},{\"@type\":\"WebSite\",\"@id\":\"https:\\\/\\\/chemicalguys.cleaning\\\/fr\\\/#website\",\"url\":\"https:\\\/\\\/chemicalguys.cleaning\\\/fr\\\/\",\"name\":\"Chemical Guys\",\"description\":\"Reinigings- en verzorgingsproducten\",\"publisher\":{\"@id\":\"https:\\\/\\\/chemicalguys.cleaning\\\/fr\\\/#organization\"},\"potentialAction\":[{\"@type\":\"SearchAction\",\"target\":{\"@type\":\"EntryPoint\",\"urlTemplate\":\"https:\\\/\\\/chemicalguys.cleaning\\\/fr\\\/?s={search_term_string}\"},\"query-input\":{\"@type\":\"PropertyValueSpecification\",\"valueRequired\":true,\"valueName\":\"search_term_string\"}}],\"inLanguage\":\"fr-FR\"},{\"@type\":\"Organization\",\"@id\":\"https:\\\/\\\/chemicalguys.cleaning\\\/fr\\\/#organization\",\"name\":\"chemicalguys.cleaning\",\"url\":\"https:\\\/\\\/chemicalguys.cleaning\\\/fr\\\/\",\"logo\":{\"@type\":\"ImageObject\",\"inLanguage\":\"fr-FR\",\"@id\":\"https:\\\/\\\/chemicalguys.cleaning\\\/fr\\\/#\\\/schema\\\/logo\\\/image\\\/\",\"url\":\"https:\\\/\\\/i0.wp.com\\\/chemicalguys.cleaning\\\/wp-content\\\/uploads\\\/2025\\\/05\\\/ChemicalGuys-Logo-Official-Detailed.png?fit=2880%2C2880&ssl=1\",\"contentUrl\":\"https:\\\/\\\/i0.wp.com\\\/chemicalguys.cleaning\\\/wp-content\\\/uploads\\\/2025\\\/05\\\/ChemicalGuys-Logo-Official-Detailed.png?fit=2880%2C2880&ssl=1\",\"width\":2880,\"height\":2880,\"caption\":\"chemicalguys.cleaning\"},\"image\":{\"@id\":\"https:\\\/\\\/chemicalguys.cleaning\\\/fr\\\/#\\\/schema\\\/logo\\\/image\\\/\"},\"sameAs\":[\"https:\\\/\\\/www.facebook.com\\\/people\\\/Chemical-Guys-NL\\\/61576258888707\\\/\",\"https:\\\/\\\/www.instagram.com\\\/chemicalguys_holland\\\/\"]}]}<\/script>\n<!-- \/ Yoast SEO plugin. -->","yoast_head_json":{"title":"Chemical Guys Heavy Duty Water Spot Remover (473ml) - Chemical Guys","robots":{"index":"index","follow":"follow","max-snippet":"max-snippet:-1","max-image-preview":"max-image-preview:large","max-video-preview":"max-video-preview:-1"},"canonical":"https:\/\/chemicalguys.cleaning\/fr\/product\/nettoyage-preparation\/nettoyants\/chemical-guys-heavy-duty-water-spot-remover-473ml\/","og_locale":"fr_FR","og_type":"article","og_title":"Chemical Guys Heavy Duty Water Spot Remover (473ml) - Chemical Guys","og_description":"Chemical Guys Heavy Duty Water Spot Remover (473ml)","og_url":"https:\/\/chemicalguys.cleaning\/fr\/product\/nettoyage-preparation\/nettoyants\/chemical-guys-heavy-duty-water-spot-remover-473ml\/","og_site_name":"Chemical Guys","article_publisher":"https:\/\/www.facebook.com\/people\/Chemical-Guys-NL\/61576258888707\/","article_modified_time":"2025-05-30T10:39:18+00:00","og_image":[{"width":800,"height":800,"url":"https:\/\/chemicalguys.cleaning\/wp-content\/uploads\/2025\/05\/275f2d64-92dd-4754-a08e-09fa57959131-CG_SPI10816_1.jpg","type":"image\/webp"}],"twitter_card":"summary_large_image","twitter_misc":{"Dur\u00e9e de lecture estim\u00e9e":"1 minute"},"schema":{"@context":"https:\/\/schema.org","@graph":[{"@type":"WebPage","@id":"https:\/\/chemicalguys.cleaning\/fr\/product\/nettoyage-preparation\/nettoyants\/chemical-guys-heavy-duty-water-spot-remover-473ml\/","url":"https:\/\/chemicalguys.cleaning\/fr\/product\/nettoyage-preparation\/nettoyants\/chemical-guys-heavy-duty-water-spot-remover-473ml\/","name":"Chemical Guys Heavy Duty Water Spot Remover (473ml) - Chemical Guys","isPartOf":{"@id":"https:\/\/chemicalguys.cleaning\/fr\/#website"},"primaryImageOfPage":{"@id":"https:\/\/chemicalguys.cleaning\/fr\/product\/nettoyage-preparation\/nettoyants\/chemical-guys-heavy-duty-water-spot-remover-473ml\/#primaryimage"},"image":{"@id":"https:\/\/chemicalguys.cleaning\/fr\/product\/nettoyage-preparation\/nettoyants\/chemical-guys-heavy-duty-water-spot-remover-473ml\/#primaryimage"},"thumbnailUrl":"https:\/\/i0.wp.com\/chemicalguys.cleaning\/wp-content\/uploads\/2025\/05\/275f2d64-92dd-4754-a08e-09fa57959131-CG_SPI10816_1.jpg?fit=800%2C800&ssl=1","datePublished":"2025-05-28T13:22:29+00:00","dateModified":"2025-05-30T10:39:18+00:00","breadcrumb":{"@id":"https:\/\/chemicalguys.cleaning\/fr\/product\/nettoyage-preparation\/nettoyants\/chemical-guys-heavy-duty-water-spot-remover-473ml\/#breadcrumb"},"inLanguage":"fr-FR","potentialAction":[{"@type":"ReadAction","target":["https:\/\/chemicalguys.cleaning\/fr\/product\/nettoyage-preparation\/nettoyants\/chemical-guys-heavy-duty-water-spot-remover-473ml\/"]}]},{"@type":"ImageObject","inLanguage":"fr-FR","@id":"https:\/\/chemicalguys.cleaning\/fr\/product\/nettoyage-preparation\/nettoyants\/chemical-guys-heavy-duty-water-spot-remover-473ml\/#primaryimage","url":"https:\/\/i0.wp.com\/chemicalguys.cleaning\/wp-content\/uploads\/2025\/05\/275f2d64-92dd-4754-a08e-09fa57959131-CG_SPI10816_1.jpg?fit=800%2C800&ssl=1","contentUrl":"https:\/\/i0.wp.com\/chemicalguys.cleaning\/wp-content\/uploads\/2025\/05\/275f2d64-92dd-4754-a08e-09fa57959131-CG_SPI10816_1.jpg?fit=800%2C800&ssl=1","width":800,"height":800},{"@type":"BreadcrumbList","@id":"https:\/\/chemicalguys.cleaning\/fr\/product\/nettoyage-preparation\/nettoyants\/chemical-guys-heavy-duty-water-spot-remover-473ml\/#breadcrumb","itemListElement":[{"@type":"ListItem","position":1,"name":"Home","item":"https:\/\/chemicalguys.cleaning\/fr\/"},{"@type":"ListItem","position":2,"name":"Boutique","item":"https:\/\/chemicalguys.cleaning\/fr\/shop\/"},{"@type":"ListItem","position":3,"name":"Chemical Guys Heavy Duty Water Spot Remover (473ml)"}]},{"@type":"WebSite","@id":"https:\/\/chemicalguys.cleaning\/fr\/#website","url":"https:\/\/chemicalguys.cleaning\/fr\/","name":"Chemical Guys","description":"Reinigings- en verzorgingsproducten","publisher":{"@id":"https:\/\/chemicalguys.cleaning\/fr\/#organization"},"potentialAction":[{"@type":"SearchAction","target":{"@type":"EntryPoint","urlTemplate":"https:\/\/chemicalguys.cleaning\/fr\/?s={search_term_string}"},"query-input":{"@type":"PropertyValueSpecification","valueRequired":true,"valueName":"search_term_string"}}],"inLanguage":"fr-FR"},{"@type":"Organization","@id":"https:\/\/chemicalguys.cleaning\/fr\/#organization","name":"chemicalguys.cleaning","url":"https:\/\/chemicalguys.cleaning\/fr\/","logo":{"@type":"ImageObject","inLanguage":"fr-FR","@id":"https:\/\/chemicalguys.cleaning\/fr\/#\/schema\/logo\/image\/","url":"https:\/\/i0.wp.com\/chemicalguys.cleaning\/wp-content\/uploads\/2025\/05\/ChemicalGuys-Logo-Official-Detailed.png?fit=2880%2C2880&ssl=1","contentUrl":"https:\/\/i0.wp.com\/chemicalguys.cleaning\/wp-content\/uploads\/2025\/05\/ChemicalGuys-Logo-Official-Detailed.png?fit=2880%2C2880&ssl=1","width":2880,"height":2880,"caption":"chemicalguys.cleaning"},"image":{"@id":"https:\/\/chemicalguys.cleaning\/fr\/#\/schema\/logo\/image\/"},"sameAs":["https:\/\/www.facebook.com\/people\/Chemical-Guys-NL\/61576258888707\/","https:\/\/www.instagram.com\/chemicalguys_holland\/"]}]}},"jetpack_sharing_enabled":true,"_links":{"self":[{"href":"https:\/\/chemicalguys.cleaning\/fr\/wp-json\/wp\/v2\/product\/9328","targetHints":{"allow":["GET"]}}],"collection":[{"href":"https:\/\/chemicalguys.cleaning\/fr\/wp-json\/wp\/v2\/product"}],"about":[{"href":"https:\/\/chemicalguys.cleaning\/fr\/wp-json\/wp\/v2\/types\/product"}],"replies":[{"embeddable":true,"href":"https:\/\/chemicalguys.cleaning\/fr\/wp-json\/wp\/v2\/comments?post=9328"}],"wp:featuredmedia":[{"embeddable":true,"href":"https:\/\/chemicalguys.cleaning\/fr\/wp-json\/wp\/v2\/media\/8177"}],"wp:attachment":[{"href":"https:\/\/chemicalguys.cleaning\/fr\/wp-json\/wp\/v2\/media?parent=9328"}],"wp:term":[{"taxonomy":"product_brand","embeddable":true,"href":"https:\/\/chemicalguys.cleaning\/fr\/wp-json\/wp\/v2\/product_brand?post=9328"},{"taxonomy":"product_cat","embeddable":true,"href":"https:\/\/chemicalguys.cleaning\/fr\/wp-json\/wp\/v2\/product_cat?post=9328"},{"taxonomy":"product_tag","embeddable":true,"href":"https:\/\/chemicalguys.cleaning\/fr\/wp-json\/wp\/v2\/product_tag?post=9328"}],"curies":[{"name":"wp","href":"https:\/\/api.w.org\/{rel}","templated":true}]}}