{"id":9325,"date":"2025-05-28T15:22:29","date_gmt":"2025-05-28T13:22:29","guid":{"rendered":"https:\/\/chemicalguys.cleaning\/product\/non%20class\u00e9\/chemical-guys-wheel-works-wheel-body-brush\/"},"modified":"2025-05-30T12:34:06","modified_gmt":"2025-05-30T10:34:06","slug":"chemical-guys-wheel-works-wheel-body-brush","status":"publish","type":"product","link":"https:\/\/chemicalguys.cleaning\/fr\/product\/jantes-pneus\/brosses-de-roue\/chemical-guys-wheel-works-wheel-body-brush\/","title":{"rendered":"Chemical Guys Wheel Works Wheel &amp; Body Brush"},"content":{"rendered":"<p>La Wheel Works Medium Duty Wheel &amp; Body Brush est une brosse douce de type &lsquo;flagged-tip&rsquo; (poils fendus), suffisamment r\u00e9sistante pour \u00e9liminer la salet\u00e9 en profondeur, mais suffisamment douce pour les pi\u00e8ces sensibles du moteur et les finitions des jantes. Parfaite pour nettoyer les compartiments moteur, les ch\u00e2ssis, les jantes, etc.<\/p>\n<p>&#8211; Parmi nos brosses et outils pour roues, la brosse Wheel Works est la meilleure brosse medium-duty pour nettoyer les compartiments moteur, ch\u00e2ssis et roues<br \/>&#8211; Poils medium-duty<br \/>&#8211; Les poils doux \u00e9liminent la salet\u00e9 et r\u00e9sidus pour une finition parfaite<br \/>&#8211; Les poils fendus permettent d&rsquo;\u00e9viter les rayures et les marques sur les surfaces<br \/>&#8211; Permet de nettoyer les compartiments moteur avec un nettoyant tout usage ou un d\u00e9graissant<\/p>\n<span class=\"et_bloom_bottom_trigger\"><\/span>","protected":false},"excerpt":{"rendered":"<p>Chemical Guys Wheel Works Wheel &amp; Body Brush<\/p>\n","protected":false},"featured_media":8110,"comment_status":"closed","ping_status":"closed","template":"","meta":{"_et_pb_use_builder":"","_et_pb_old_content":"","_et_gb_content_width":""},"product_brand":[],"product_cat":[405,399],"product_tag":[508],"class_list":{"0":"post-9325","1":"product","2":"type-product","3":"status-publish","4":"has-post-thumbnail","6":"product_cat-brosses-de-roue","7":"product_cat-jantes-pneus","8":"product_tag-chemical-guys-3","9":"pa_couleur-gris","10":"pa_kleur-gris","11":"pa_materiaal-matiere-synthetique","12":"pa_matiere-plastique","14":"first","15":"instock","16":"taxable","17":"shipping-taxable","18":"purchasable","19":"product-type-simple"},"yoast_head":"<!-- This site is optimized with the Yoast SEO plugin v27.4 - https:\/\/yoast.com\/product\/yoast-seo-wordpress\/ -->\n<title>Chemical Guys Wheel Works Wheel &amp; Body Brush - Chemical Guys<\/title>\n<meta name=\"robots\" content=\"index, follow, max-snippet:-1, max-image-preview:large, max-video-preview:-1\" \/>\n<link rel=\"canonical\" href=\"https:\/\/chemicalguys.cleaning\/fr\/product\/jantes-pneus\/brosses-de-roue\/chemical-guys-wheel-works-wheel-body-brush\/\" \/>\n<meta property=\"og:locale\" content=\"fr_FR\" \/>\n<meta property=\"og:type\" content=\"article\" \/>\n<meta property=\"og:title\" content=\"Chemical Guys Wheel Works Wheel &amp; Body Brush - Chemical Guys\" \/>\n<meta property=\"og:description\" content=\"Chemical Guys Wheel Works Wheel &amp; Body Brush\" \/>\n<meta property=\"og:url\" content=\"https:\/\/chemicalguys.cleaning\/fr\/product\/jantes-pneus\/brosses-de-roue\/chemical-guys-wheel-works-wheel-body-brush\/\" \/>\n<meta property=\"og:site_name\" content=\"Chemical Guys\" \/>\n<meta property=\"article:publisher\" content=\"https:\/\/www.facebook.com\/people\/Chemical-Guys-NL\/61576258888707\/\" \/>\n<meta property=\"article:modified_time\" content=\"2025-05-30T10:34:06+00:00\" \/>\n<meta property=\"og:image\" content=\"https:\/\/chemicalguys.cleaning\/wp-content\/uploads\/2025\/05\/0967cd06-e2fd-4aff-8b8b-75e4f08fe0da-CG_ACCG09_1.jpg\" \/>\n\t<meta property=\"og:image:width\" content=\"800\" \/>\n\t<meta property=\"og:image:height\" content=\"800\" \/>\n\t<meta property=\"og:image:type\" content=\"image\/webp\" \/>\n<meta name=\"twitter:card\" content=\"summary_large_image\" \/>\n<meta name=\"twitter:label1\" content=\"Dur\u00e9e de lecture estim\u00e9e\" \/>\n\t<meta name=\"twitter:data1\" content=\"1 minute\" \/>\n<script type=\"application\/ld+json\" class=\"yoast-schema-graph\">{\"@context\":\"https:\\\/\\\/schema.org\",\"@graph\":[{\"@type\":\"WebPage\",\"@id\":\"https:\\\/\\\/chemicalguys.cleaning\\\/fr\\\/product\\\/jantes-pneus\\\/brosses-de-roue\\\/chemical-guys-wheel-works-wheel-body-brush\\\/\",\"url\":\"https:\\\/\\\/chemicalguys.cleaning\\\/fr\\\/product\\\/jantes-pneus\\\/brosses-de-roue\\\/chemical-guys-wheel-works-wheel-body-brush\\\/\",\"name\":\"Chemical Guys Wheel Works Wheel &amp; Body Brush - Chemical Guys\",\"isPartOf\":{\"@id\":\"https:\\\/\\\/chemicalguys.cleaning\\\/fr\\\/#website\"},\"primaryImageOfPage\":{\"@id\":\"https:\\\/\\\/chemicalguys.cleaning\\\/fr\\\/product\\\/jantes-pneus\\\/brosses-de-roue\\\/chemical-guys-wheel-works-wheel-body-brush\\\/#primaryimage\"},\"image\":{\"@id\":\"https:\\\/\\\/chemicalguys.cleaning\\\/fr\\\/product\\\/jantes-pneus\\\/brosses-de-roue\\\/chemical-guys-wheel-works-wheel-body-brush\\\/#primaryimage\"},\"thumbnailUrl\":\"https:\\\/\\\/i0.wp.com\\\/chemicalguys.cleaning\\\/wp-content\\\/uploads\\\/2025\\\/05\\\/0967cd06-e2fd-4aff-8b8b-75e4f08fe0da-CG_ACCG09_1.jpg?fit=800%2C800&ssl=1\",\"datePublished\":\"2025-05-28T13:22:29+00:00\",\"dateModified\":\"2025-05-30T10:34:06+00:00\",\"breadcrumb\":{\"@id\":\"https:\\\/\\\/chemicalguys.cleaning\\\/fr\\\/product\\\/jantes-pneus\\\/brosses-de-roue\\\/chemical-guys-wheel-works-wheel-body-brush\\\/#breadcrumb\"},\"inLanguage\":\"fr-FR\",\"potentialAction\":[{\"@type\":\"ReadAction\",\"target\":[\"https:\\\/\\\/chemicalguys.cleaning\\\/fr\\\/product\\\/jantes-pneus\\\/brosses-de-roue\\\/chemical-guys-wheel-works-wheel-body-brush\\\/\"]}]},{\"@type\":\"ImageObject\",\"inLanguage\":\"fr-FR\",\"@id\":\"https:\\\/\\\/chemicalguys.cleaning\\\/fr\\\/product\\\/jantes-pneus\\\/brosses-de-roue\\\/chemical-guys-wheel-works-wheel-body-brush\\\/#primaryimage\",\"url\":\"https:\\\/\\\/i0.wp.com\\\/chemicalguys.cleaning\\\/wp-content\\\/uploads\\\/2025\\\/05\\\/0967cd06-e2fd-4aff-8b8b-75e4f08fe0da-CG_ACCG09_1.jpg?fit=800%2C800&ssl=1\",\"contentUrl\":\"https:\\\/\\\/i0.wp.com\\\/chemicalguys.cleaning\\\/wp-content\\\/uploads\\\/2025\\\/05\\\/0967cd06-e2fd-4aff-8b8b-75e4f08fe0da-CG_ACCG09_1.jpg?fit=800%2C800&ssl=1\",\"width\":800,\"height\":800},{\"@type\":\"BreadcrumbList\",\"@id\":\"https:\\\/\\\/chemicalguys.cleaning\\\/fr\\\/product\\\/jantes-pneus\\\/brosses-de-roue\\\/chemical-guys-wheel-works-wheel-body-brush\\\/#breadcrumb\",\"itemListElement\":[{\"@type\":\"ListItem\",\"position\":1,\"name\":\"Home\",\"item\":\"https:\\\/\\\/chemicalguys.cleaning\\\/fr\\\/\"},{\"@type\":\"ListItem\",\"position\":2,\"name\":\"Boutique\",\"item\":\"https:\\\/\\\/chemicalguys.cleaning\\\/fr\\\/shop\\\/\"},{\"@type\":\"ListItem\",\"position\":3,\"name\":\"Chemical Guys Wheel Works Wheel &amp; Body Brush\"}]},{\"@type\":\"WebSite\",\"@id\":\"https:\\\/\\\/chemicalguys.cleaning\\\/fr\\\/#website\",\"url\":\"https:\\\/\\\/chemicalguys.cleaning\\\/fr\\\/\",\"name\":\"Chemical Guys\",\"description\":\"Reinigings- en verzorgingsproducten\",\"publisher\":{\"@id\":\"https:\\\/\\\/chemicalguys.cleaning\\\/fr\\\/#organization\"},\"potentialAction\":[{\"@type\":\"SearchAction\",\"target\":{\"@type\":\"EntryPoint\",\"urlTemplate\":\"https:\\\/\\\/chemicalguys.cleaning\\\/fr\\\/?s={search_term_string}\"},\"query-input\":{\"@type\":\"PropertyValueSpecification\",\"valueRequired\":true,\"valueName\":\"search_term_string\"}}],\"inLanguage\":\"fr-FR\"},{\"@type\":\"Organization\",\"@id\":\"https:\\\/\\\/chemicalguys.cleaning\\\/fr\\\/#organization\",\"name\":\"chemicalguys.cleaning\",\"url\":\"https:\\\/\\\/chemicalguys.cleaning\\\/fr\\\/\",\"logo\":{\"@type\":\"ImageObject\",\"inLanguage\":\"fr-FR\",\"@id\":\"https:\\\/\\\/chemicalguys.cleaning\\\/fr\\\/#\\\/schema\\\/logo\\\/image\\\/\",\"url\":\"https:\\\/\\\/i0.wp.com\\\/chemicalguys.cleaning\\\/wp-content\\\/uploads\\\/2025\\\/05\\\/ChemicalGuys-Logo-Official-Detailed.png?fit=2880%2C2880&ssl=1\",\"contentUrl\":\"https:\\\/\\\/i0.wp.com\\\/chemicalguys.cleaning\\\/wp-content\\\/uploads\\\/2025\\\/05\\\/ChemicalGuys-Logo-Official-Detailed.png?fit=2880%2C2880&ssl=1\",\"width\":2880,\"height\":2880,\"caption\":\"chemicalguys.cleaning\"},\"image\":{\"@id\":\"https:\\\/\\\/chemicalguys.cleaning\\\/fr\\\/#\\\/schema\\\/logo\\\/image\\\/\"},\"sameAs\":[\"https:\\\/\\\/www.facebook.com\\\/people\\\/Chemical-Guys-NL\\\/61576258888707\\\/\",\"https:\\\/\\\/www.instagram.com\\\/chemicalguys_holland\\\/\"]}]}<\/script>\n<!-- \/ Yoast SEO plugin. -->","yoast_head_json":{"title":"Chemical Guys Wheel Works Wheel &amp; Body Brush - Chemical Guys","robots":{"index":"index","follow":"follow","max-snippet":"max-snippet:-1","max-image-preview":"max-image-preview:large","max-video-preview":"max-video-preview:-1"},"canonical":"https:\/\/chemicalguys.cleaning\/fr\/product\/jantes-pneus\/brosses-de-roue\/chemical-guys-wheel-works-wheel-body-brush\/","og_locale":"fr_FR","og_type":"article","og_title":"Chemical Guys Wheel Works Wheel &amp; Body Brush - Chemical Guys","og_description":"Chemical Guys Wheel Works Wheel &amp; Body Brush","og_url":"https:\/\/chemicalguys.cleaning\/fr\/product\/jantes-pneus\/brosses-de-roue\/chemical-guys-wheel-works-wheel-body-brush\/","og_site_name":"Chemical Guys","article_publisher":"https:\/\/www.facebook.com\/people\/Chemical-Guys-NL\/61576258888707\/","article_modified_time":"2025-05-30T10:34:06+00:00","og_image":[{"width":800,"height":800,"url":"https:\/\/chemicalguys.cleaning\/wp-content\/uploads\/2025\/05\/0967cd06-e2fd-4aff-8b8b-75e4f08fe0da-CG_ACCG09_1.jpg","type":"image\/webp"}],"twitter_card":"summary_large_image","twitter_misc":{"Dur\u00e9e de lecture estim\u00e9e":"1 minute"},"schema":{"@context":"https:\/\/schema.org","@graph":[{"@type":"WebPage","@id":"https:\/\/chemicalguys.cleaning\/fr\/product\/jantes-pneus\/brosses-de-roue\/chemical-guys-wheel-works-wheel-body-brush\/","url":"https:\/\/chemicalguys.cleaning\/fr\/product\/jantes-pneus\/brosses-de-roue\/chemical-guys-wheel-works-wheel-body-brush\/","name":"Chemical Guys Wheel Works Wheel &amp; Body Brush - Chemical Guys","isPartOf":{"@id":"https:\/\/chemicalguys.cleaning\/fr\/#website"},"primaryImageOfPage":{"@id":"https:\/\/chemicalguys.cleaning\/fr\/product\/jantes-pneus\/brosses-de-roue\/chemical-guys-wheel-works-wheel-body-brush\/#primaryimage"},"image":{"@id":"https:\/\/chemicalguys.cleaning\/fr\/product\/jantes-pneus\/brosses-de-roue\/chemical-guys-wheel-works-wheel-body-brush\/#primaryimage"},"thumbnailUrl":"https:\/\/i0.wp.com\/chemicalguys.cleaning\/wp-content\/uploads\/2025\/05\/0967cd06-e2fd-4aff-8b8b-75e4f08fe0da-CG_ACCG09_1.jpg?fit=800%2C800&ssl=1","datePublished":"2025-05-28T13:22:29+00:00","dateModified":"2025-05-30T10:34:06+00:00","breadcrumb":{"@id":"https:\/\/chemicalguys.cleaning\/fr\/product\/jantes-pneus\/brosses-de-roue\/chemical-guys-wheel-works-wheel-body-brush\/#breadcrumb"},"inLanguage":"fr-FR","potentialAction":[{"@type":"ReadAction","target":["https:\/\/chemicalguys.cleaning\/fr\/product\/jantes-pneus\/brosses-de-roue\/chemical-guys-wheel-works-wheel-body-brush\/"]}]},{"@type":"ImageObject","inLanguage":"fr-FR","@id":"https:\/\/chemicalguys.cleaning\/fr\/product\/jantes-pneus\/brosses-de-roue\/chemical-guys-wheel-works-wheel-body-brush\/#primaryimage","url":"https:\/\/i0.wp.com\/chemicalguys.cleaning\/wp-content\/uploads\/2025\/05\/0967cd06-e2fd-4aff-8b8b-75e4f08fe0da-CG_ACCG09_1.jpg?fit=800%2C800&ssl=1","contentUrl":"https:\/\/i0.wp.com\/chemicalguys.cleaning\/wp-content\/uploads\/2025\/05\/0967cd06-e2fd-4aff-8b8b-75e4f08fe0da-CG_ACCG09_1.jpg?fit=800%2C800&ssl=1","width":800,"height":800},{"@type":"BreadcrumbList","@id":"https:\/\/chemicalguys.cleaning\/fr\/product\/jantes-pneus\/brosses-de-roue\/chemical-guys-wheel-works-wheel-body-brush\/#breadcrumb","itemListElement":[{"@type":"ListItem","position":1,"name":"Home","item":"https:\/\/chemicalguys.cleaning\/fr\/"},{"@type":"ListItem","position":2,"name":"Boutique","item":"https:\/\/chemicalguys.cleaning\/fr\/shop\/"},{"@type":"ListItem","position":3,"name":"Chemical Guys Wheel Works Wheel &amp; Body Brush"}]},{"@type":"WebSite","@id":"https:\/\/chemicalguys.cleaning\/fr\/#website","url":"https:\/\/chemicalguys.cleaning\/fr\/","name":"Chemical Guys","description":"Reinigings- en verzorgingsproducten","publisher":{"@id":"https:\/\/chemicalguys.cleaning\/fr\/#organization"},"potentialAction":[{"@type":"SearchAction","target":{"@type":"EntryPoint","urlTemplate":"https:\/\/chemicalguys.cleaning\/fr\/?s={search_term_string}"},"query-input":{"@type":"PropertyValueSpecification","valueRequired":true,"valueName":"search_term_string"}}],"inLanguage":"fr-FR"},{"@type":"Organization","@id":"https:\/\/chemicalguys.cleaning\/fr\/#organization","name":"chemicalguys.cleaning","url":"https:\/\/chemicalguys.cleaning\/fr\/","logo":{"@type":"ImageObject","inLanguage":"fr-FR","@id":"https:\/\/chemicalguys.cleaning\/fr\/#\/schema\/logo\/image\/","url":"https:\/\/i0.wp.com\/chemicalguys.cleaning\/wp-content\/uploads\/2025\/05\/ChemicalGuys-Logo-Official-Detailed.png?fit=2880%2C2880&ssl=1","contentUrl":"https:\/\/i0.wp.com\/chemicalguys.cleaning\/wp-content\/uploads\/2025\/05\/ChemicalGuys-Logo-Official-Detailed.png?fit=2880%2C2880&ssl=1","width":2880,"height":2880,"caption":"chemicalguys.cleaning"},"image":{"@id":"https:\/\/chemicalguys.cleaning\/fr\/#\/schema\/logo\/image\/"},"sameAs":["https:\/\/www.facebook.com\/people\/Chemical-Guys-NL\/61576258888707\/","https:\/\/www.instagram.com\/chemicalguys_holland\/"]}]}},"jetpack_sharing_enabled":true,"_links":{"self":[{"href":"https:\/\/chemicalguys.cleaning\/fr\/wp-json\/wp\/v2\/product\/9325","targetHints":{"allow":["GET"]}}],"collection":[{"href":"https:\/\/chemicalguys.cleaning\/fr\/wp-json\/wp\/v2\/product"}],"about":[{"href":"https:\/\/chemicalguys.cleaning\/fr\/wp-json\/wp\/v2\/types\/product"}],"replies":[{"embeddable":true,"href":"https:\/\/chemicalguys.cleaning\/fr\/wp-json\/wp\/v2\/comments?post=9325"}],"wp:featuredmedia":[{"embeddable":true,"href":"https:\/\/chemicalguys.cleaning\/fr\/wp-json\/wp\/v2\/media\/8110"}],"wp:attachment":[{"href":"https:\/\/chemicalguys.cleaning\/fr\/wp-json\/wp\/v2\/media?parent=9325"}],"wp:term":[{"taxonomy":"product_brand","embeddable":true,"href":"https:\/\/chemicalguys.cleaning\/fr\/wp-json\/wp\/v2\/product_brand?post=9325"},{"taxonomy":"product_cat","embeddable":true,"href":"https:\/\/chemicalguys.cleaning\/fr\/wp-json\/wp\/v2\/product_cat?post=9325"},{"taxonomy":"product_tag","embeddable":true,"href":"https:\/\/chemicalguys.cleaning\/fr\/wp-json\/wp\/v2\/product_tag?post=9325"}],"curies":[{"name":"wp","href":"https:\/\/api.w.org\/{rel}","templated":true}]}}