{"id":9322,"date":"2025-05-28T15:22:29","date_gmt":"2025-05-28T13:22:29","guid":{"rendered":"https:\/\/chemicalguys.cleaning\/product\/non%20class\u00e9\/chemical-guys-og-clay-bar-yellow-light-medium-100gr\/"},"modified":"2025-05-30T12:19:02","modified_gmt":"2025-05-30T10:19:02","slug":"chemical-guys-og-clay-bar-yellow-light-medium-100gr","status":"publish","type":"product","link":"https:\/\/chemicalguys.cleaning\/fr\/product\/nettoyage-preparation\/nettoyants\/chemical-guys-og-clay-bar-yellow-light-medium-100gr\/","title":{"rendered":"Chemical Guys OG Clay Bar Yellow (Light\/Medium) (100gr)"},"content":{"rendered":"<p>L&rsquo;OG Clay Bar est le produit pr\u00e9f\u00e9r\u00e9 des professionnels et des amateurs de detailing. Il \u00e9limine les niveaux de contamination l\u00e9gers \u00e0 moyens pour rendre la peinture rugueuse du v\u00e9hicule aussi lisse que du verre et aide votre cire et votre sealant \u00e0 durer plus longtemps.<\/p>\n<p>&#8211; Parmi nos clay bars, l&rsquo;OG Clay Bar est id\u00e9ale pour pour retirer les contaminations douces &amp; mod\u00e9r\u00e9es ne et la restauration d&rsquo;une surface lisse<br \/>&#8211; Formule originale \u00e9prouv\u00e9e pour restaurer les surfaces lisses comme du verre<br \/>&#8211; Extrait les niveaux de contamination l\u00e9gers \u00e0 moyens tels que les fientes d&rsquo;oiseaux s\u00e9ch\u00e9es et les \u00e9raflures superficielles<br \/>&#8211; Garantit un polissage sans rayures ni marques<br \/>&#8211; Aide votre scellant et votre cire \u00e0 durer plus longtemps<br \/>&#8211; P\u00e9n\u00e8tre profond\u00e9ment dans les pores pour un nettoyage optimal<\/p>\n<span class=\"et_bloom_bottom_trigger\"><\/span>","protected":false},"excerpt":{"rendered":"<p>Chemical Guys OG Clay Bar Yellow (Light\/Medium) (100gr)<\/p>\n","protected":false},"featured_media":8047,"comment_status":"closed","ping_status":"closed","template":"","meta":{"_et_pb_use_builder":"","_et_pb_old_content":"","_et_gb_content_width":""},"product_brand":[],"product_cat":[390,396],"product_tag":[508],"class_list":{"0":"post-9322","1":"product","2":"type-product","3":"status-publish","4":"has-post-thumbnail","6":"product_cat-nettoyage-preparation","7":"product_cat-nettoyants","8":"product_tag-chemical-guys-3","9":"pa_couleur-jaune","10":"pa_kleur-jaune","11":"pa_matiere-argile","13":"first","14":"instock","15":"taxable","16":"shipping-taxable","17":"purchasable","18":"product-type-simple"},"yoast_head":"<!-- This site is optimized with the Yoast SEO plugin v27.5 - https:\/\/yoast.com\/product\/yoast-seo-wordpress\/ -->\n<title>Chemical Guys OG Clay Bar Yellow (Light\/Medium) (100gr) - Chemical Guys<\/title>\n<meta name=\"robots\" content=\"index, follow, max-snippet:-1, max-image-preview:large, max-video-preview:-1\" \/>\n<link rel=\"canonical\" href=\"https:\/\/chemicalguys.cleaning\/fr\/product\/nettoyage-preparation\/nettoyants\/chemical-guys-og-clay-bar-yellow-light-medium-100gr\/\" \/>\n<meta property=\"og:locale\" content=\"fr_FR\" \/>\n<meta property=\"og:type\" content=\"article\" \/>\n<meta property=\"og:title\" content=\"Chemical Guys OG Clay Bar Yellow (Light\/Medium) (100gr) - Chemical Guys\" \/>\n<meta property=\"og:description\" content=\"Chemical Guys OG Clay Bar Yellow (Light\/Medium) (100gr)\" \/>\n<meta property=\"og:url\" content=\"https:\/\/chemicalguys.cleaning\/fr\/product\/nettoyage-preparation\/nettoyants\/chemical-guys-og-clay-bar-yellow-light-medium-100gr\/\" \/>\n<meta property=\"og:site_name\" content=\"Chemical Guys\" \/>\n<meta property=\"article:publisher\" content=\"https:\/\/www.facebook.com\/people\/Chemical-Guys-NL\/61576258888707\/\" \/>\n<meta property=\"article:modified_time\" content=\"2025-05-30T10:19:02+00:00\" \/>\n<meta property=\"og:image\" content=\"https:\/\/chemicalguys.cleaning\/wp-content\/uploads\/2025\/05\/32ed9ff9-8783-4390-986f-b298a941f362-CG_CLY400_1.jpg\" \/>\n\t<meta property=\"og:image:width\" content=\"800\" \/>\n\t<meta property=\"og:image:height\" content=\"800\" \/>\n\t<meta property=\"og:image:type\" content=\"image\/webp\" \/>\n<meta name=\"twitter:card\" content=\"summary_large_image\" \/>\n<meta name=\"twitter:label1\" content=\"Dur\u00e9e de lecture estim\u00e9e\" \/>\n\t<meta name=\"twitter:data1\" content=\"1 minute\" \/>\n<script type=\"application\/ld+json\" class=\"yoast-schema-graph\">{\"@context\":\"https:\\\/\\\/schema.org\",\"@graph\":[{\"@type\":\"WebPage\",\"@id\":\"https:\\\/\\\/chemicalguys.cleaning\\\/fr\\\/product\\\/nettoyage-preparation\\\/nettoyants\\\/chemical-guys-og-clay-bar-yellow-light-medium-100gr\\\/\",\"url\":\"https:\\\/\\\/chemicalguys.cleaning\\\/fr\\\/product\\\/nettoyage-preparation\\\/nettoyants\\\/chemical-guys-og-clay-bar-yellow-light-medium-100gr\\\/\",\"name\":\"Chemical Guys OG Clay Bar Yellow (Light\\\/Medium) (100gr) - Chemical Guys\",\"isPartOf\":{\"@id\":\"https:\\\/\\\/chemicalguys.cleaning\\\/fr\\\/#website\"},\"primaryImageOfPage\":{\"@id\":\"https:\\\/\\\/chemicalguys.cleaning\\\/fr\\\/product\\\/nettoyage-preparation\\\/nettoyants\\\/chemical-guys-og-clay-bar-yellow-light-medium-100gr\\\/#primaryimage\"},\"image\":{\"@id\":\"https:\\\/\\\/chemicalguys.cleaning\\\/fr\\\/product\\\/nettoyage-preparation\\\/nettoyants\\\/chemical-guys-og-clay-bar-yellow-light-medium-100gr\\\/#primaryimage\"},\"thumbnailUrl\":\"https:\\\/\\\/i0.wp.com\\\/chemicalguys.cleaning\\\/wp-content\\\/uploads\\\/2025\\\/05\\\/32ed9ff9-8783-4390-986f-b298a941f362-CG_CLY400_1.jpg?fit=800%2C800&ssl=1\",\"datePublished\":\"2025-05-28T13:22:29+00:00\",\"dateModified\":\"2025-05-30T10:19:02+00:00\",\"breadcrumb\":{\"@id\":\"https:\\\/\\\/chemicalguys.cleaning\\\/fr\\\/product\\\/nettoyage-preparation\\\/nettoyants\\\/chemical-guys-og-clay-bar-yellow-light-medium-100gr\\\/#breadcrumb\"},\"inLanguage\":\"fr-FR\",\"potentialAction\":[{\"@type\":\"ReadAction\",\"target\":[\"https:\\\/\\\/chemicalguys.cleaning\\\/fr\\\/product\\\/nettoyage-preparation\\\/nettoyants\\\/chemical-guys-og-clay-bar-yellow-light-medium-100gr\\\/\"]}]},{\"@type\":\"ImageObject\",\"inLanguage\":\"fr-FR\",\"@id\":\"https:\\\/\\\/chemicalguys.cleaning\\\/fr\\\/product\\\/nettoyage-preparation\\\/nettoyants\\\/chemical-guys-og-clay-bar-yellow-light-medium-100gr\\\/#primaryimage\",\"url\":\"https:\\\/\\\/i0.wp.com\\\/chemicalguys.cleaning\\\/wp-content\\\/uploads\\\/2025\\\/05\\\/32ed9ff9-8783-4390-986f-b298a941f362-CG_CLY400_1.jpg?fit=800%2C800&ssl=1\",\"contentUrl\":\"https:\\\/\\\/i0.wp.com\\\/chemicalguys.cleaning\\\/wp-content\\\/uploads\\\/2025\\\/05\\\/32ed9ff9-8783-4390-986f-b298a941f362-CG_CLY400_1.jpg?fit=800%2C800&ssl=1\",\"width\":800,\"height\":800},{\"@type\":\"BreadcrumbList\",\"@id\":\"https:\\\/\\\/chemicalguys.cleaning\\\/fr\\\/product\\\/nettoyage-preparation\\\/nettoyants\\\/chemical-guys-og-clay-bar-yellow-light-medium-100gr\\\/#breadcrumb\",\"itemListElement\":[{\"@type\":\"ListItem\",\"position\":1,\"name\":\"Home\",\"item\":\"https:\\\/\\\/chemicalguys.cleaning\\\/fr\\\/\"},{\"@type\":\"ListItem\",\"position\":2,\"name\":\"Boutique\",\"item\":\"https:\\\/\\\/chemicalguys.cleaning\\\/fr\\\/shop\\\/\"},{\"@type\":\"ListItem\",\"position\":3,\"name\":\"Chemical Guys OG Clay Bar Yellow (Light\\\/Medium) (100gr)\"}]},{\"@type\":\"WebSite\",\"@id\":\"https:\\\/\\\/chemicalguys.cleaning\\\/fr\\\/#website\",\"url\":\"https:\\\/\\\/chemicalguys.cleaning\\\/fr\\\/\",\"name\":\"Chemical Guys\",\"description\":\"Reinigings- en verzorgingsproducten\",\"publisher\":{\"@id\":\"https:\\\/\\\/chemicalguys.cleaning\\\/fr\\\/#organization\"},\"potentialAction\":[{\"@type\":\"SearchAction\",\"target\":{\"@type\":\"EntryPoint\",\"urlTemplate\":\"https:\\\/\\\/chemicalguys.cleaning\\\/fr\\\/?s={search_term_string}\"},\"query-input\":{\"@type\":\"PropertyValueSpecification\",\"valueRequired\":true,\"valueName\":\"search_term_string\"}}],\"inLanguage\":\"fr-FR\"},{\"@type\":\"Organization\",\"@id\":\"https:\\\/\\\/chemicalguys.cleaning\\\/fr\\\/#organization\",\"name\":\"chemicalguys.cleaning\",\"url\":\"https:\\\/\\\/chemicalguys.cleaning\\\/fr\\\/\",\"logo\":{\"@type\":\"ImageObject\",\"inLanguage\":\"fr-FR\",\"@id\":\"https:\\\/\\\/chemicalguys.cleaning\\\/fr\\\/#\\\/schema\\\/logo\\\/image\\\/\",\"url\":\"https:\\\/\\\/i0.wp.com\\\/chemicalguys.cleaning\\\/wp-content\\\/uploads\\\/2025\\\/05\\\/ChemicalGuys-Logo-Official-Detailed.png?fit=2880%2C2880&ssl=1\",\"contentUrl\":\"https:\\\/\\\/i0.wp.com\\\/chemicalguys.cleaning\\\/wp-content\\\/uploads\\\/2025\\\/05\\\/ChemicalGuys-Logo-Official-Detailed.png?fit=2880%2C2880&ssl=1\",\"width\":2880,\"height\":2880,\"caption\":\"chemicalguys.cleaning\"},\"image\":{\"@id\":\"https:\\\/\\\/chemicalguys.cleaning\\\/fr\\\/#\\\/schema\\\/logo\\\/image\\\/\"},\"sameAs\":[\"https:\\\/\\\/www.facebook.com\\\/people\\\/Chemical-Guys-NL\\\/61576258888707\\\/\",\"https:\\\/\\\/www.instagram.com\\\/chemicalguys_holland\\\/\"]}]}<\/script>\n<!-- \/ Yoast SEO plugin. -->","yoast_head_json":{"title":"Chemical Guys OG Clay Bar Yellow (Light\/Medium) (100gr) - Chemical Guys","robots":{"index":"index","follow":"follow","max-snippet":"max-snippet:-1","max-image-preview":"max-image-preview:large","max-video-preview":"max-video-preview:-1"},"canonical":"https:\/\/chemicalguys.cleaning\/fr\/product\/nettoyage-preparation\/nettoyants\/chemical-guys-og-clay-bar-yellow-light-medium-100gr\/","og_locale":"fr_FR","og_type":"article","og_title":"Chemical Guys OG Clay Bar Yellow (Light\/Medium) (100gr) - Chemical Guys","og_description":"Chemical Guys OG Clay Bar Yellow (Light\/Medium) (100gr)","og_url":"https:\/\/chemicalguys.cleaning\/fr\/product\/nettoyage-preparation\/nettoyants\/chemical-guys-og-clay-bar-yellow-light-medium-100gr\/","og_site_name":"Chemical Guys","article_publisher":"https:\/\/www.facebook.com\/people\/Chemical-Guys-NL\/61576258888707\/","article_modified_time":"2025-05-30T10:19:02+00:00","og_image":[{"width":800,"height":800,"url":"https:\/\/chemicalguys.cleaning\/wp-content\/uploads\/2025\/05\/32ed9ff9-8783-4390-986f-b298a941f362-CG_CLY400_1.jpg","type":"image\/webp"}],"twitter_card":"summary_large_image","twitter_misc":{"Dur\u00e9e de lecture estim\u00e9e":"1 minute"},"schema":{"@context":"https:\/\/schema.org","@graph":[{"@type":"WebPage","@id":"https:\/\/chemicalguys.cleaning\/fr\/product\/nettoyage-preparation\/nettoyants\/chemical-guys-og-clay-bar-yellow-light-medium-100gr\/","url":"https:\/\/chemicalguys.cleaning\/fr\/product\/nettoyage-preparation\/nettoyants\/chemical-guys-og-clay-bar-yellow-light-medium-100gr\/","name":"Chemical Guys OG Clay Bar Yellow (Light\/Medium) (100gr) - Chemical Guys","isPartOf":{"@id":"https:\/\/chemicalguys.cleaning\/fr\/#website"},"primaryImageOfPage":{"@id":"https:\/\/chemicalguys.cleaning\/fr\/product\/nettoyage-preparation\/nettoyants\/chemical-guys-og-clay-bar-yellow-light-medium-100gr\/#primaryimage"},"image":{"@id":"https:\/\/chemicalguys.cleaning\/fr\/product\/nettoyage-preparation\/nettoyants\/chemical-guys-og-clay-bar-yellow-light-medium-100gr\/#primaryimage"},"thumbnailUrl":"https:\/\/i0.wp.com\/chemicalguys.cleaning\/wp-content\/uploads\/2025\/05\/32ed9ff9-8783-4390-986f-b298a941f362-CG_CLY400_1.jpg?fit=800%2C800&ssl=1","datePublished":"2025-05-28T13:22:29+00:00","dateModified":"2025-05-30T10:19:02+00:00","breadcrumb":{"@id":"https:\/\/chemicalguys.cleaning\/fr\/product\/nettoyage-preparation\/nettoyants\/chemical-guys-og-clay-bar-yellow-light-medium-100gr\/#breadcrumb"},"inLanguage":"fr-FR","potentialAction":[{"@type":"ReadAction","target":["https:\/\/chemicalguys.cleaning\/fr\/product\/nettoyage-preparation\/nettoyants\/chemical-guys-og-clay-bar-yellow-light-medium-100gr\/"]}]},{"@type":"ImageObject","inLanguage":"fr-FR","@id":"https:\/\/chemicalguys.cleaning\/fr\/product\/nettoyage-preparation\/nettoyants\/chemical-guys-og-clay-bar-yellow-light-medium-100gr\/#primaryimage","url":"https:\/\/i0.wp.com\/chemicalguys.cleaning\/wp-content\/uploads\/2025\/05\/32ed9ff9-8783-4390-986f-b298a941f362-CG_CLY400_1.jpg?fit=800%2C800&ssl=1","contentUrl":"https:\/\/i0.wp.com\/chemicalguys.cleaning\/wp-content\/uploads\/2025\/05\/32ed9ff9-8783-4390-986f-b298a941f362-CG_CLY400_1.jpg?fit=800%2C800&ssl=1","width":800,"height":800},{"@type":"BreadcrumbList","@id":"https:\/\/chemicalguys.cleaning\/fr\/product\/nettoyage-preparation\/nettoyants\/chemical-guys-og-clay-bar-yellow-light-medium-100gr\/#breadcrumb","itemListElement":[{"@type":"ListItem","position":1,"name":"Home","item":"https:\/\/chemicalguys.cleaning\/fr\/"},{"@type":"ListItem","position":2,"name":"Boutique","item":"https:\/\/chemicalguys.cleaning\/fr\/shop\/"},{"@type":"ListItem","position":3,"name":"Chemical Guys OG Clay Bar Yellow (Light\/Medium) (100gr)"}]},{"@type":"WebSite","@id":"https:\/\/chemicalguys.cleaning\/fr\/#website","url":"https:\/\/chemicalguys.cleaning\/fr\/","name":"Chemical Guys","description":"Reinigings- en verzorgingsproducten","publisher":{"@id":"https:\/\/chemicalguys.cleaning\/fr\/#organization"},"potentialAction":[{"@type":"SearchAction","target":{"@type":"EntryPoint","urlTemplate":"https:\/\/chemicalguys.cleaning\/fr\/?s={search_term_string}"},"query-input":{"@type":"PropertyValueSpecification","valueRequired":true,"valueName":"search_term_string"}}],"inLanguage":"fr-FR"},{"@type":"Organization","@id":"https:\/\/chemicalguys.cleaning\/fr\/#organization","name":"chemicalguys.cleaning","url":"https:\/\/chemicalguys.cleaning\/fr\/","logo":{"@type":"ImageObject","inLanguage":"fr-FR","@id":"https:\/\/chemicalguys.cleaning\/fr\/#\/schema\/logo\/image\/","url":"https:\/\/i0.wp.com\/chemicalguys.cleaning\/wp-content\/uploads\/2025\/05\/ChemicalGuys-Logo-Official-Detailed.png?fit=2880%2C2880&ssl=1","contentUrl":"https:\/\/i0.wp.com\/chemicalguys.cleaning\/wp-content\/uploads\/2025\/05\/ChemicalGuys-Logo-Official-Detailed.png?fit=2880%2C2880&ssl=1","width":2880,"height":2880,"caption":"chemicalguys.cleaning"},"image":{"@id":"https:\/\/chemicalguys.cleaning\/fr\/#\/schema\/logo\/image\/"},"sameAs":["https:\/\/www.facebook.com\/people\/Chemical-Guys-NL\/61576258888707\/","https:\/\/www.instagram.com\/chemicalguys_holland\/"]}]}},"jetpack_sharing_enabled":true,"_links":{"self":[{"href":"https:\/\/chemicalguys.cleaning\/fr\/wp-json\/wp\/v2\/product\/9322","targetHints":{"allow":["GET"]}}],"collection":[{"href":"https:\/\/chemicalguys.cleaning\/fr\/wp-json\/wp\/v2\/product"}],"about":[{"href":"https:\/\/chemicalguys.cleaning\/fr\/wp-json\/wp\/v2\/types\/product"}],"replies":[{"embeddable":true,"href":"https:\/\/chemicalguys.cleaning\/fr\/wp-json\/wp\/v2\/comments?post=9322"}],"wp:featuredmedia":[{"embeddable":true,"href":"https:\/\/chemicalguys.cleaning\/fr\/wp-json\/wp\/v2\/media\/8047"}],"wp:attachment":[{"href":"https:\/\/chemicalguys.cleaning\/fr\/wp-json\/wp\/v2\/media?parent=9322"}],"wp:term":[{"taxonomy":"product_brand","embeddable":true,"href":"https:\/\/chemicalguys.cleaning\/fr\/wp-json\/wp\/v2\/product_brand?post=9322"},{"taxonomy":"product_cat","embeddable":true,"href":"https:\/\/chemicalguys.cleaning\/fr\/wp-json\/wp\/v2\/product_cat?post=9322"},{"taxonomy":"product_tag","embeddable":true,"href":"https:\/\/chemicalguys.cleaning\/fr\/wp-json\/wp\/v2\/product_tag?post=9322"}],"curies":[{"name":"wp","href":"https:\/\/api.w.org\/{rel}","templated":true}]}}