{"id":9318,"date":"2025-05-28T15:18:15","date_gmt":"2025-05-28T13:18:15","guid":{"rendered":"https:\/\/chemicalguys.cleaning\/product\/non%20class\u00e9\/chemical-guys-wheel-cleaner-signature-series-473ml\/"},"modified":"2025-05-30T11:58:49","modified_gmt":"2025-05-30T09:58:49","slug":"chemical-guys-wheel-cleaner-signature-series-473ml","status":"publish","type":"product","link":"https:\/\/chemicalguys.cleaning\/fr\/product\/jantes-pneus\/nettoyants-de-roues\/chemical-guys-wheel-cleaner-signature-series-473ml\/","title":{"rendered":"Chemical Guys Wheel Cleaner Signature Series (473ml)"},"content":{"rendered":"<p>Signature Series Wheel Cleaner est un nettoyant pour jantes puissant (et diluable) \u00e0 base d&rsquo;agrumes qui est efficace contre la poussi\u00e8re de frein et la salet\u00e9, mais suffisamment doux pour la plupart des finitions et des mat\u00e9riaux de jantes.<\/p>\n<p>&#8211; Parmi nos nettoyants pour jantes, Signature Series est le meilleur pour ceux qui ont besoin d&rsquo;une formule concentr\u00e9e et enti\u00e8rement naturelle qui peut \u00eatre dilu\u00e9e pour nettoyer en toute s\u00e9curit\u00e9 les finitions de jantes chrom\u00e9es, polies, rev\u00eatues de poudre et peintes<br \/>&#8211; \u00c9limine la salet\u00e9 et la contamination tenaces<br \/>&#8211; Aide \u00e0 pr\u00e9venir les dommages permanents aux jantes et aux freins<br \/>&#8211; \u00c9limine rapidement la salet\u00e9, les d\u00e9bris et la poussi\u00e8re de frein en quelques secondes<br \/>&#8211; Diluez la formule pour obtenir une puissance de nettoyage parfaite pour n&rsquo;importe quel usage<\/p>\n<span class=\"et_bloom_bottom_trigger\"><\/span>","protected":false},"excerpt":{"rendered":"<p>Chemical Guys Wheel Cleaner Signature Series (473ml)<\/p>\n","protected":false},"featured_media":7959,"comment_status":"closed","ping_status":"closed","template":"","meta":{"_et_pb_use_builder":"","_et_pb_old_content":"","_et_gb_content_width":""},"product_brand":[],"product_cat":[399,408],"product_tag":[508],"class_list":{"0":"post-9318","1":"product","2":"type-product","3":"status-publish","4":"has-post-thumbnail","6":"product_cat-jantes-pneus","7":"product_cat-nettoyants-de-roues","8":"product_tag-chemical-guys-3","9":"pa_couleur-bleu","10":"pa_kleur-bleu","11":"pa_materiaal-liquide","12":"pa_matiere-liquide","14":"first","15":"instock","16":"taxable","17":"shipping-taxable","18":"purchasable","19":"product-type-simple"},"yoast_head":"<!-- This site is optimized with the Yoast SEO plugin v27.4 - https:\/\/yoast.com\/product\/yoast-seo-wordpress\/ -->\n<title>Chemical Guys Wheel Cleaner Signature Series (473ml) - Chemical Guys<\/title>\n<meta name=\"robots\" content=\"index, follow, max-snippet:-1, max-image-preview:large, max-video-preview:-1\" \/>\n<link rel=\"canonical\" href=\"https:\/\/chemicalguys.cleaning\/fr\/product\/jantes-pneus\/nettoyants-de-roues\/chemical-guys-wheel-cleaner-signature-series-473ml\/\" \/>\n<meta property=\"og:locale\" content=\"fr_FR\" \/>\n<meta property=\"og:type\" content=\"article\" \/>\n<meta property=\"og:title\" content=\"Chemical Guys Wheel Cleaner Signature Series (473ml) - Chemical Guys\" \/>\n<meta property=\"og:description\" content=\"Chemical Guys Wheel Cleaner Signature Series (473ml)\" \/>\n<meta property=\"og:url\" content=\"https:\/\/chemicalguys.cleaning\/fr\/product\/jantes-pneus\/nettoyants-de-roues\/chemical-guys-wheel-cleaner-signature-series-473ml\/\" \/>\n<meta property=\"og:site_name\" content=\"Chemical Guys\" \/>\n<meta property=\"article:publisher\" content=\"https:\/\/www.facebook.com\/people\/Chemical-Guys-NL\/61576258888707\/\" \/>\n<meta property=\"article:modified_time\" content=\"2025-05-30T09:58:49+00:00\" \/>\n<meta property=\"og:image\" content=\"https:\/\/chemicalguys.cleaning\/wp-content\/uploads\/2025\/05\/a65d8496-55ee-4acd-bd93-d5be433a4935-CG_CLD20316_1.jpg\" \/>\n\t<meta property=\"og:image:width\" content=\"800\" \/>\n\t<meta property=\"og:image:height\" content=\"800\" \/>\n\t<meta property=\"og:image:type\" content=\"image\/webp\" \/>\n<meta name=\"twitter:card\" content=\"summary_large_image\" \/>\n<meta name=\"twitter:label1\" content=\"Dur\u00e9e de lecture estim\u00e9e\" \/>\n\t<meta name=\"twitter:data1\" content=\"1 minute\" \/>\n<script type=\"application\/ld+json\" class=\"yoast-schema-graph\">{\"@context\":\"https:\\\/\\\/schema.org\",\"@graph\":[{\"@type\":\"WebPage\",\"@id\":\"https:\\\/\\\/chemicalguys.cleaning\\\/fr\\\/product\\\/jantes-pneus\\\/nettoyants-de-roues\\\/chemical-guys-wheel-cleaner-signature-series-473ml\\\/\",\"url\":\"https:\\\/\\\/chemicalguys.cleaning\\\/fr\\\/product\\\/jantes-pneus\\\/nettoyants-de-roues\\\/chemical-guys-wheel-cleaner-signature-series-473ml\\\/\",\"name\":\"Chemical Guys Wheel Cleaner Signature Series (473ml) - Chemical Guys\",\"isPartOf\":{\"@id\":\"https:\\\/\\\/chemicalguys.cleaning\\\/fr\\\/#website\"},\"primaryImageOfPage\":{\"@id\":\"https:\\\/\\\/chemicalguys.cleaning\\\/fr\\\/product\\\/jantes-pneus\\\/nettoyants-de-roues\\\/chemical-guys-wheel-cleaner-signature-series-473ml\\\/#primaryimage\"},\"image\":{\"@id\":\"https:\\\/\\\/chemicalguys.cleaning\\\/fr\\\/product\\\/jantes-pneus\\\/nettoyants-de-roues\\\/chemical-guys-wheel-cleaner-signature-series-473ml\\\/#primaryimage\"},\"thumbnailUrl\":\"https:\\\/\\\/i0.wp.com\\\/chemicalguys.cleaning\\\/wp-content\\\/uploads\\\/2025\\\/05\\\/a65d8496-55ee-4acd-bd93-d5be433a4935-CG_CLD20316_1.jpg?fit=800%2C800&ssl=1\",\"datePublished\":\"2025-05-28T13:18:15+00:00\",\"dateModified\":\"2025-05-30T09:58:49+00:00\",\"breadcrumb\":{\"@id\":\"https:\\\/\\\/chemicalguys.cleaning\\\/fr\\\/product\\\/jantes-pneus\\\/nettoyants-de-roues\\\/chemical-guys-wheel-cleaner-signature-series-473ml\\\/#breadcrumb\"},\"inLanguage\":\"fr-FR\",\"potentialAction\":[{\"@type\":\"ReadAction\",\"target\":[\"https:\\\/\\\/chemicalguys.cleaning\\\/fr\\\/product\\\/jantes-pneus\\\/nettoyants-de-roues\\\/chemical-guys-wheel-cleaner-signature-series-473ml\\\/\"]}]},{\"@type\":\"ImageObject\",\"inLanguage\":\"fr-FR\",\"@id\":\"https:\\\/\\\/chemicalguys.cleaning\\\/fr\\\/product\\\/jantes-pneus\\\/nettoyants-de-roues\\\/chemical-guys-wheel-cleaner-signature-series-473ml\\\/#primaryimage\",\"url\":\"https:\\\/\\\/i0.wp.com\\\/chemicalguys.cleaning\\\/wp-content\\\/uploads\\\/2025\\\/05\\\/a65d8496-55ee-4acd-bd93-d5be433a4935-CG_CLD20316_1.jpg?fit=800%2C800&ssl=1\",\"contentUrl\":\"https:\\\/\\\/i0.wp.com\\\/chemicalguys.cleaning\\\/wp-content\\\/uploads\\\/2025\\\/05\\\/a65d8496-55ee-4acd-bd93-d5be433a4935-CG_CLD20316_1.jpg?fit=800%2C800&ssl=1\",\"width\":800,\"height\":800},{\"@type\":\"BreadcrumbList\",\"@id\":\"https:\\\/\\\/chemicalguys.cleaning\\\/fr\\\/product\\\/jantes-pneus\\\/nettoyants-de-roues\\\/chemical-guys-wheel-cleaner-signature-series-473ml\\\/#breadcrumb\",\"itemListElement\":[{\"@type\":\"ListItem\",\"position\":1,\"name\":\"Home\",\"item\":\"https:\\\/\\\/chemicalguys.cleaning\\\/fr\\\/\"},{\"@type\":\"ListItem\",\"position\":2,\"name\":\"Boutique\",\"item\":\"https:\\\/\\\/chemicalguys.cleaning\\\/fr\\\/shop\\\/\"},{\"@type\":\"ListItem\",\"position\":3,\"name\":\"Chemical Guys Wheel Cleaner Signature Series (473ml)\"}]},{\"@type\":\"WebSite\",\"@id\":\"https:\\\/\\\/chemicalguys.cleaning\\\/fr\\\/#website\",\"url\":\"https:\\\/\\\/chemicalguys.cleaning\\\/fr\\\/\",\"name\":\"Chemical Guys\",\"description\":\"Reinigings- en verzorgingsproducten\",\"publisher\":{\"@id\":\"https:\\\/\\\/chemicalguys.cleaning\\\/fr\\\/#organization\"},\"potentialAction\":[{\"@type\":\"SearchAction\",\"target\":{\"@type\":\"EntryPoint\",\"urlTemplate\":\"https:\\\/\\\/chemicalguys.cleaning\\\/fr\\\/?s={search_term_string}\"},\"query-input\":{\"@type\":\"PropertyValueSpecification\",\"valueRequired\":true,\"valueName\":\"search_term_string\"}}],\"inLanguage\":\"fr-FR\"},{\"@type\":\"Organization\",\"@id\":\"https:\\\/\\\/chemicalguys.cleaning\\\/fr\\\/#organization\",\"name\":\"chemicalguys.cleaning\",\"url\":\"https:\\\/\\\/chemicalguys.cleaning\\\/fr\\\/\",\"logo\":{\"@type\":\"ImageObject\",\"inLanguage\":\"fr-FR\",\"@id\":\"https:\\\/\\\/chemicalguys.cleaning\\\/fr\\\/#\\\/schema\\\/logo\\\/image\\\/\",\"url\":\"https:\\\/\\\/i0.wp.com\\\/chemicalguys.cleaning\\\/wp-content\\\/uploads\\\/2025\\\/05\\\/ChemicalGuys-Logo-Official-Detailed.png?fit=2880%2C2880&ssl=1\",\"contentUrl\":\"https:\\\/\\\/i0.wp.com\\\/chemicalguys.cleaning\\\/wp-content\\\/uploads\\\/2025\\\/05\\\/ChemicalGuys-Logo-Official-Detailed.png?fit=2880%2C2880&ssl=1\",\"width\":2880,\"height\":2880,\"caption\":\"chemicalguys.cleaning\"},\"image\":{\"@id\":\"https:\\\/\\\/chemicalguys.cleaning\\\/fr\\\/#\\\/schema\\\/logo\\\/image\\\/\"},\"sameAs\":[\"https:\\\/\\\/www.facebook.com\\\/people\\\/Chemical-Guys-NL\\\/61576258888707\\\/\",\"https:\\\/\\\/www.instagram.com\\\/chemicalguys_holland\\\/\"]}]}<\/script>\n<!-- \/ Yoast SEO plugin. -->","yoast_head_json":{"title":"Chemical Guys Wheel Cleaner Signature Series (473ml) - Chemical Guys","robots":{"index":"index","follow":"follow","max-snippet":"max-snippet:-1","max-image-preview":"max-image-preview:large","max-video-preview":"max-video-preview:-1"},"canonical":"https:\/\/chemicalguys.cleaning\/fr\/product\/jantes-pneus\/nettoyants-de-roues\/chemical-guys-wheel-cleaner-signature-series-473ml\/","og_locale":"fr_FR","og_type":"article","og_title":"Chemical Guys Wheel Cleaner Signature Series (473ml) - Chemical Guys","og_description":"Chemical Guys Wheel Cleaner Signature Series (473ml)","og_url":"https:\/\/chemicalguys.cleaning\/fr\/product\/jantes-pneus\/nettoyants-de-roues\/chemical-guys-wheel-cleaner-signature-series-473ml\/","og_site_name":"Chemical Guys","article_publisher":"https:\/\/www.facebook.com\/people\/Chemical-Guys-NL\/61576258888707\/","article_modified_time":"2025-05-30T09:58:49+00:00","og_image":[{"width":800,"height":800,"url":"https:\/\/chemicalguys.cleaning\/wp-content\/uploads\/2025\/05\/a65d8496-55ee-4acd-bd93-d5be433a4935-CG_CLD20316_1.jpg","type":"image\/webp"}],"twitter_card":"summary_large_image","twitter_misc":{"Dur\u00e9e de lecture estim\u00e9e":"1 minute"},"schema":{"@context":"https:\/\/schema.org","@graph":[{"@type":"WebPage","@id":"https:\/\/chemicalguys.cleaning\/fr\/product\/jantes-pneus\/nettoyants-de-roues\/chemical-guys-wheel-cleaner-signature-series-473ml\/","url":"https:\/\/chemicalguys.cleaning\/fr\/product\/jantes-pneus\/nettoyants-de-roues\/chemical-guys-wheel-cleaner-signature-series-473ml\/","name":"Chemical Guys Wheel Cleaner Signature Series (473ml) - Chemical Guys","isPartOf":{"@id":"https:\/\/chemicalguys.cleaning\/fr\/#website"},"primaryImageOfPage":{"@id":"https:\/\/chemicalguys.cleaning\/fr\/product\/jantes-pneus\/nettoyants-de-roues\/chemical-guys-wheel-cleaner-signature-series-473ml\/#primaryimage"},"image":{"@id":"https:\/\/chemicalguys.cleaning\/fr\/product\/jantes-pneus\/nettoyants-de-roues\/chemical-guys-wheel-cleaner-signature-series-473ml\/#primaryimage"},"thumbnailUrl":"https:\/\/i0.wp.com\/chemicalguys.cleaning\/wp-content\/uploads\/2025\/05\/a65d8496-55ee-4acd-bd93-d5be433a4935-CG_CLD20316_1.jpg?fit=800%2C800&ssl=1","datePublished":"2025-05-28T13:18:15+00:00","dateModified":"2025-05-30T09:58:49+00:00","breadcrumb":{"@id":"https:\/\/chemicalguys.cleaning\/fr\/product\/jantes-pneus\/nettoyants-de-roues\/chemical-guys-wheel-cleaner-signature-series-473ml\/#breadcrumb"},"inLanguage":"fr-FR","potentialAction":[{"@type":"ReadAction","target":["https:\/\/chemicalguys.cleaning\/fr\/product\/jantes-pneus\/nettoyants-de-roues\/chemical-guys-wheel-cleaner-signature-series-473ml\/"]}]},{"@type":"ImageObject","inLanguage":"fr-FR","@id":"https:\/\/chemicalguys.cleaning\/fr\/product\/jantes-pneus\/nettoyants-de-roues\/chemical-guys-wheel-cleaner-signature-series-473ml\/#primaryimage","url":"https:\/\/i0.wp.com\/chemicalguys.cleaning\/wp-content\/uploads\/2025\/05\/a65d8496-55ee-4acd-bd93-d5be433a4935-CG_CLD20316_1.jpg?fit=800%2C800&ssl=1","contentUrl":"https:\/\/i0.wp.com\/chemicalguys.cleaning\/wp-content\/uploads\/2025\/05\/a65d8496-55ee-4acd-bd93-d5be433a4935-CG_CLD20316_1.jpg?fit=800%2C800&ssl=1","width":800,"height":800},{"@type":"BreadcrumbList","@id":"https:\/\/chemicalguys.cleaning\/fr\/product\/jantes-pneus\/nettoyants-de-roues\/chemical-guys-wheel-cleaner-signature-series-473ml\/#breadcrumb","itemListElement":[{"@type":"ListItem","position":1,"name":"Home","item":"https:\/\/chemicalguys.cleaning\/fr\/"},{"@type":"ListItem","position":2,"name":"Boutique","item":"https:\/\/chemicalguys.cleaning\/fr\/shop\/"},{"@type":"ListItem","position":3,"name":"Chemical Guys Wheel Cleaner Signature Series (473ml)"}]},{"@type":"WebSite","@id":"https:\/\/chemicalguys.cleaning\/fr\/#website","url":"https:\/\/chemicalguys.cleaning\/fr\/","name":"Chemical Guys","description":"Reinigings- en verzorgingsproducten","publisher":{"@id":"https:\/\/chemicalguys.cleaning\/fr\/#organization"},"potentialAction":[{"@type":"SearchAction","target":{"@type":"EntryPoint","urlTemplate":"https:\/\/chemicalguys.cleaning\/fr\/?s={search_term_string}"},"query-input":{"@type":"PropertyValueSpecification","valueRequired":true,"valueName":"search_term_string"}}],"inLanguage":"fr-FR"},{"@type":"Organization","@id":"https:\/\/chemicalguys.cleaning\/fr\/#organization","name":"chemicalguys.cleaning","url":"https:\/\/chemicalguys.cleaning\/fr\/","logo":{"@type":"ImageObject","inLanguage":"fr-FR","@id":"https:\/\/chemicalguys.cleaning\/fr\/#\/schema\/logo\/image\/","url":"https:\/\/i0.wp.com\/chemicalguys.cleaning\/wp-content\/uploads\/2025\/05\/ChemicalGuys-Logo-Official-Detailed.png?fit=2880%2C2880&ssl=1","contentUrl":"https:\/\/i0.wp.com\/chemicalguys.cleaning\/wp-content\/uploads\/2025\/05\/ChemicalGuys-Logo-Official-Detailed.png?fit=2880%2C2880&ssl=1","width":2880,"height":2880,"caption":"chemicalguys.cleaning"},"image":{"@id":"https:\/\/chemicalguys.cleaning\/fr\/#\/schema\/logo\/image\/"},"sameAs":["https:\/\/www.facebook.com\/people\/Chemical-Guys-NL\/61576258888707\/","https:\/\/www.instagram.com\/chemicalguys_holland\/"]}]}},"jetpack_sharing_enabled":true,"_links":{"self":[{"href":"https:\/\/chemicalguys.cleaning\/fr\/wp-json\/wp\/v2\/product\/9318","targetHints":{"allow":["GET"]}}],"collection":[{"href":"https:\/\/chemicalguys.cleaning\/fr\/wp-json\/wp\/v2\/product"}],"about":[{"href":"https:\/\/chemicalguys.cleaning\/fr\/wp-json\/wp\/v2\/types\/product"}],"replies":[{"embeddable":true,"href":"https:\/\/chemicalguys.cleaning\/fr\/wp-json\/wp\/v2\/comments?post=9318"}],"wp:featuredmedia":[{"embeddable":true,"href":"https:\/\/chemicalguys.cleaning\/fr\/wp-json\/wp\/v2\/media\/7959"}],"wp:attachment":[{"href":"https:\/\/chemicalguys.cleaning\/fr\/wp-json\/wp\/v2\/media?parent=9318"}],"wp:term":[{"taxonomy":"product_brand","embeddable":true,"href":"https:\/\/chemicalguys.cleaning\/fr\/wp-json\/wp\/v2\/product_brand?post=9318"},{"taxonomy":"product_cat","embeddable":true,"href":"https:\/\/chemicalguys.cleaning\/fr\/wp-json\/wp\/v2\/product_cat?post=9318"},{"taxonomy":"product_tag","embeddable":true,"href":"https:\/\/chemicalguys.cleaning\/fr\/wp-json\/wp\/v2\/product_tag?post=9318"}],"curies":[{"name":"wp","href":"https:\/\/api.w.org\/{rel}","templated":true}]}}