{"id":9308,"date":"2025-05-28T15:14:03","date_gmt":"2025-05-28T13:14:03","guid":{"rendered":"https:\/\/chemicalguys.cleaning\/product\/non%20class\u00e9\/chemical-guys-hydroview-ceramic-glass-cleaner-coating-473ml\/"},"modified":"2025-05-30T10:34:44","modified_gmt":"2025-05-30T08:34:44","slug":"chemical-guys-hydroview-ceramic-glass-cleaner-coating-473ml","status":"publish","type":"product","link":"https:\/\/chemicalguys.cleaning\/fr\/product\/nettoyage-preparation\/nettoyants\/chemical-guys-hydroview-ceramic-glass-cleaner-coating-473ml\/","title":{"rendered":"Chemical Guys HydroView Ceramic Glass Cleaner &amp; Coating (473ml)"},"content":{"rendered":"<p>HydroView est le nettoyant pour vitres et traitement c\u00e9ramique 2 en 1 parfait pour les surfaces vitr\u00e9es int\u00e9rieures et ext\u00e9rieures. Il \u00e9limine la salet\u00e9 et la poussi\u00e8re et repousse l&rsquo;eau pour une meilleure visibilit\u00e9 sur la route.<\/p>\n<p>&#8211; Parmi nos nettoyants pour vitres, HydroView est un nettoyant et protecteur c\u00e9ramique 2 en 1 efficace<br \/>&#8211; Offre une visibilit\u00e9 claire comme du cristal et des surfaces lisses et sans contamination<br \/>&#8211; L&rsquo;effet d\u00e9perlant facilite la visibilit\u00e9 en cas de pluie<br \/>&#8211; Application facile par pulv\u00e9risation pour une protection c\u00e9ramique instantan\u00e9e des vitres, des fen\u00eatres et de verre<br \/>&#8211; Parfait pour la maison, le bureau et la voiture<\/p>\n<span class=\"et_bloom_bottom_trigger\"><\/span>","protected":false},"excerpt":{"rendered":"<p>Chemical Guys HydroView Ceramic Glass Cleaner &amp; Coating (473ml)<\/p>\n","protected":false},"featured_media":7757,"comment_status":"closed","ping_status":"closed","template":"","meta":{"_et_pb_use_builder":"","_et_pb_old_content":"","_et_gb_content_width":""},"product_brand":[],"product_cat":[390,396],"product_tag":[508],"class_list":{"0":"post-9308","1":"product","2":"type-product","3":"status-publish","4":"has-post-thumbnail","6":"product_cat-nettoyage-preparation","7":"product_cat-nettoyants","8":"product_tag-chemical-guys-3","9":"pa_couleur-pourpre","10":"pa_materiaal-liquide","11":"pa_matiere-liquide","13":"first","14":"instock","15":"taxable","16":"shipping-taxable","17":"purchasable","18":"product-type-simple"},"yoast_head":"<!-- This site is optimized with the Yoast SEO plugin v27.4 - https:\/\/yoast.com\/product\/yoast-seo-wordpress\/ -->\n<title>Chemical Guys HydroView Ceramic Glass Cleaner &amp; Coating (473ml) - Chemical Guys<\/title>\n<meta name=\"robots\" content=\"index, follow, max-snippet:-1, max-image-preview:large, max-video-preview:-1\" \/>\n<link rel=\"canonical\" href=\"https:\/\/chemicalguys.cleaning\/fr\/product\/nettoyage-preparation\/nettoyants\/chemical-guys-hydroview-ceramic-glass-cleaner-coating-473ml\/\" \/>\n<meta property=\"og:locale\" content=\"fr_FR\" \/>\n<meta property=\"og:type\" content=\"article\" \/>\n<meta property=\"og:title\" content=\"Chemical Guys HydroView Ceramic Glass Cleaner &amp; Coating (473ml) - Chemical Guys\" \/>\n<meta property=\"og:description\" content=\"Chemical Guys HydroView Ceramic Glass Cleaner &amp; Coating (473ml)\" \/>\n<meta property=\"og:url\" content=\"https:\/\/chemicalguys.cleaning\/fr\/product\/nettoyage-preparation\/nettoyants\/chemical-guys-hydroview-ceramic-glass-cleaner-coating-473ml\/\" \/>\n<meta property=\"og:site_name\" content=\"Chemical Guys\" \/>\n<meta property=\"article:publisher\" content=\"https:\/\/www.facebook.com\/people\/Chemical-Guys-NL\/61576258888707\/\" \/>\n<meta property=\"article:modified_time\" content=\"2025-05-30T08:34:44+00:00\" \/>\n<meta property=\"og:image\" content=\"https:\/\/chemicalguys.cleaning\/wp-content\/uploads\/2025\/05\/037ce946-e911-4d0a-b7bd-5536c7467713-CG_CLD30116_1.jpg\" \/>\n\t<meta property=\"og:image:width\" content=\"800\" \/>\n\t<meta property=\"og:image:height\" content=\"800\" \/>\n\t<meta property=\"og:image:type\" content=\"image\/webp\" \/>\n<meta name=\"twitter:card\" content=\"summary_large_image\" \/>\n<meta name=\"twitter:label1\" content=\"Dur\u00e9e de lecture estim\u00e9e\" \/>\n\t<meta name=\"twitter:data1\" content=\"1 minute\" \/>\n<script type=\"application\/ld+json\" class=\"yoast-schema-graph\">{\"@context\":\"https:\\\/\\\/schema.org\",\"@graph\":[{\"@type\":\"WebPage\",\"@id\":\"https:\\\/\\\/chemicalguys.cleaning\\\/fr\\\/product\\\/nettoyage-preparation\\\/nettoyants\\\/chemical-guys-hydroview-ceramic-glass-cleaner-coating-473ml\\\/\",\"url\":\"https:\\\/\\\/chemicalguys.cleaning\\\/fr\\\/product\\\/nettoyage-preparation\\\/nettoyants\\\/chemical-guys-hydroview-ceramic-glass-cleaner-coating-473ml\\\/\",\"name\":\"Chemical Guys HydroView Ceramic Glass Cleaner &amp; Coating (473ml) - Chemical Guys\",\"isPartOf\":{\"@id\":\"https:\\\/\\\/chemicalguys.cleaning\\\/fr\\\/#website\"},\"primaryImageOfPage\":{\"@id\":\"https:\\\/\\\/chemicalguys.cleaning\\\/fr\\\/product\\\/nettoyage-preparation\\\/nettoyants\\\/chemical-guys-hydroview-ceramic-glass-cleaner-coating-473ml\\\/#primaryimage\"},\"image\":{\"@id\":\"https:\\\/\\\/chemicalguys.cleaning\\\/fr\\\/product\\\/nettoyage-preparation\\\/nettoyants\\\/chemical-guys-hydroview-ceramic-glass-cleaner-coating-473ml\\\/#primaryimage\"},\"thumbnailUrl\":\"https:\\\/\\\/i0.wp.com\\\/chemicalguys.cleaning\\\/wp-content\\\/uploads\\\/2025\\\/05\\\/037ce946-e911-4d0a-b7bd-5536c7467713-CG_CLD30116_1.jpg?fit=800%2C800&ssl=1\",\"datePublished\":\"2025-05-28T13:14:03+00:00\",\"dateModified\":\"2025-05-30T08:34:44+00:00\",\"breadcrumb\":{\"@id\":\"https:\\\/\\\/chemicalguys.cleaning\\\/fr\\\/product\\\/nettoyage-preparation\\\/nettoyants\\\/chemical-guys-hydroview-ceramic-glass-cleaner-coating-473ml\\\/#breadcrumb\"},\"inLanguage\":\"fr-FR\",\"potentialAction\":[{\"@type\":\"ReadAction\",\"target\":[\"https:\\\/\\\/chemicalguys.cleaning\\\/fr\\\/product\\\/nettoyage-preparation\\\/nettoyants\\\/chemical-guys-hydroview-ceramic-glass-cleaner-coating-473ml\\\/\"]}]},{\"@type\":\"ImageObject\",\"inLanguage\":\"fr-FR\",\"@id\":\"https:\\\/\\\/chemicalguys.cleaning\\\/fr\\\/product\\\/nettoyage-preparation\\\/nettoyants\\\/chemical-guys-hydroview-ceramic-glass-cleaner-coating-473ml\\\/#primaryimage\",\"url\":\"https:\\\/\\\/i0.wp.com\\\/chemicalguys.cleaning\\\/wp-content\\\/uploads\\\/2025\\\/05\\\/037ce946-e911-4d0a-b7bd-5536c7467713-CG_CLD30116_1.jpg?fit=800%2C800&ssl=1\",\"contentUrl\":\"https:\\\/\\\/i0.wp.com\\\/chemicalguys.cleaning\\\/wp-content\\\/uploads\\\/2025\\\/05\\\/037ce946-e911-4d0a-b7bd-5536c7467713-CG_CLD30116_1.jpg?fit=800%2C800&ssl=1\",\"width\":800,\"height\":800},{\"@type\":\"BreadcrumbList\",\"@id\":\"https:\\\/\\\/chemicalguys.cleaning\\\/fr\\\/product\\\/nettoyage-preparation\\\/nettoyants\\\/chemical-guys-hydroview-ceramic-glass-cleaner-coating-473ml\\\/#breadcrumb\",\"itemListElement\":[{\"@type\":\"ListItem\",\"position\":1,\"name\":\"Home\",\"item\":\"https:\\\/\\\/chemicalguys.cleaning\\\/fr\\\/\"},{\"@type\":\"ListItem\",\"position\":2,\"name\":\"Boutique\",\"item\":\"https:\\\/\\\/chemicalguys.cleaning\\\/fr\\\/shop\\\/\"},{\"@type\":\"ListItem\",\"position\":3,\"name\":\"Chemical Guys HydroView Ceramic Glass Cleaner &amp; Coating (473ml)\"}]},{\"@type\":\"WebSite\",\"@id\":\"https:\\\/\\\/chemicalguys.cleaning\\\/fr\\\/#website\",\"url\":\"https:\\\/\\\/chemicalguys.cleaning\\\/fr\\\/\",\"name\":\"Chemical Guys\",\"description\":\"Reinigings- en verzorgingsproducten\",\"publisher\":{\"@id\":\"https:\\\/\\\/chemicalguys.cleaning\\\/fr\\\/#organization\"},\"potentialAction\":[{\"@type\":\"SearchAction\",\"target\":{\"@type\":\"EntryPoint\",\"urlTemplate\":\"https:\\\/\\\/chemicalguys.cleaning\\\/fr\\\/?s={search_term_string}\"},\"query-input\":{\"@type\":\"PropertyValueSpecification\",\"valueRequired\":true,\"valueName\":\"search_term_string\"}}],\"inLanguage\":\"fr-FR\"},{\"@type\":\"Organization\",\"@id\":\"https:\\\/\\\/chemicalguys.cleaning\\\/fr\\\/#organization\",\"name\":\"chemicalguys.cleaning\",\"url\":\"https:\\\/\\\/chemicalguys.cleaning\\\/fr\\\/\",\"logo\":{\"@type\":\"ImageObject\",\"inLanguage\":\"fr-FR\",\"@id\":\"https:\\\/\\\/chemicalguys.cleaning\\\/fr\\\/#\\\/schema\\\/logo\\\/image\\\/\",\"url\":\"https:\\\/\\\/i0.wp.com\\\/chemicalguys.cleaning\\\/wp-content\\\/uploads\\\/2025\\\/05\\\/ChemicalGuys-Logo-Official-Detailed.png?fit=2880%2C2880&ssl=1\",\"contentUrl\":\"https:\\\/\\\/i0.wp.com\\\/chemicalguys.cleaning\\\/wp-content\\\/uploads\\\/2025\\\/05\\\/ChemicalGuys-Logo-Official-Detailed.png?fit=2880%2C2880&ssl=1\",\"width\":2880,\"height\":2880,\"caption\":\"chemicalguys.cleaning\"},\"image\":{\"@id\":\"https:\\\/\\\/chemicalguys.cleaning\\\/fr\\\/#\\\/schema\\\/logo\\\/image\\\/\"},\"sameAs\":[\"https:\\\/\\\/www.facebook.com\\\/people\\\/Chemical-Guys-NL\\\/61576258888707\\\/\",\"https:\\\/\\\/www.instagram.com\\\/chemicalguys_holland\\\/\"]}]}<\/script>\n<!-- \/ Yoast SEO plugin. -->","yoast_head_json":{"title":"Chemical Guys HydroView Ceramic Glass Cleaner &amp; Coating (473ml) - Chemical Guys","robots":{"index":"index","follow":"follow","max-snippet":"max-snippet:-1","max-image-preview":"max-image-preview:large","max-video-preview":"max-video-preview:-1"},"canonical":"https:\/\/chemicalguys.cleaning\/fr\/product\/nettoyage-preparation\/nettoyants\/chemical-guys-hydroview-ceramic-glass-cleaner-coating-473ml\/","og_locale":"fr_FR","og_type":"article","og_title":"Chemical Guys HydroView Ceramic Glass Cleaner &amp; Coating (473ml) - Chemical Guys","og_description":"Chemical Guys HydroView Ceramic Glass Cleaner &amp; Coating (473ml)","og_url":"https:\/\/chemicalguys.cleaning\/fr\/product\/nettoyage-preparation\/nettoyants\/chemical-guys-hydroview-ceramic-glass-cleaner-coating-473ml\/","og_site_name":"Chemical Guys","article_publisher":"https:\/\/www.facebook.com\/people\/Chemical-Guys-NL\/61576258888707\/","article_modified_time":"2025-05-30T08:34:44+00:00","og_image":[{"width":800,"height":800,"url":"https:\/\/chemicalguys.cleaning\/wp-content\/uploads\/2025\/05\/037ce946-e911-4d0a-b7bd-5536c7467713-CG_CLD30116_1.jpg","type":"image\/webp"}],"twitter_card":"summary_large_image","twitter_misc":{"Dur\u00e9e de lecture estim\u00e9e":"1 minute"},"schema":{"@context":"https:\/\/schema.org","@graph":[{"@type":"WebPage","@id":"https:\/\/chemicalguys.cleaning\/fr\/product\/nettoyage-preparation\/nettoyants\/chemical-guys-hydroview-ceramic-glass-cleaner-coating-473ml\/","url":"https:\/\/chemicalguys.cleaning\/fr\/product\/nettoyage-preparation\/nettoyants\/chemical-guys-hydroview-ceramic-glass-cleaner-coating-473ml\/","name":"Chemical Guys HydroView Ceramic Glass Cleaner &amp; Coating (473ml) - Chemical Guys","isPartOf":{"@id":"https:\/\/chemicalguys.cleaning\/fr\/#website"},"primaryImageOfPage":{"@id":"https:\/\/chemicalguys.cleaning\/fr\/product\/nettoyage-preparation\/nettoyants\/chemical-guys-hydroview-ceramic-glass-cleaner-coating-473ml\/#primaryimage"},"image":{"@id":"https:\/\/chemicalguys.cleaning\/fr\/product\/nettoyage-preparation\/nettoyants\/chemical-guys-hydroview-ceramic-glass-cleaner-coating-473ml\/#primaryimage"},"thumbnailUrl":"https:\/\/i0.wp.com\/chemicalguys.cleaning\/wp-content\/uploads\/2025\/05\/037ce946-e911-4d0a-b7bd-5536c7467713-CG_CLD30116_1.jpg?fit=800%2C800&ssl=1","datePublished":"2025-05-28T13:14:03+00:00","dateModified":"2025-05-30T08:34:44+00:00","breadcrumb":{"@id":"https:\/\/chemicalguys.cleaning\/fr\/product\/nettoyage-preparation\/nettoyants\/chemical-guys-hydroview-ceramic-glass-cleaner-coating-473ml\/#breadcrumb"},"inLanguage":"fr-FR","potentialAction":[{"@type":"ReadAction","target":["https:\/\/chemicalguys.cleaning\/fr\/product\/nettoyage-preparation\/nettoyants\/chemical-guys-hydroview-ceramic-glass-cleaner-coating-473ml\/"]}]},{"@type":"ImageObject","inLanguage":"fr-FR","@id":"https:\/\/chemicalguys.cleaning\/fr\/product\/nettoyage-preparation\/nettoyants\/chemical-guys-hydroview-ceramic-glass-cleaner-coating-473ml\/#primaryimage","url":"https:\/\/i0.wp.com\/chemicalguys.cleaning\/wp-content\/uploads\/2025\/05\/037ce946-e911-4d0a-b7bd-5536c7467713-CG_CLD30116_1.jpg?fit=800%2C800&ssl=1","contentUrl":"https:\/\/i0.wp.com\/chemicalguys.cleaning\/wp-content\/uploads\/2025\/05\/037ce946-e911-4d0a-b7bd-5536c7467713-CG_CLD30116_1.jpg?fit=800%2C800&ssl=1","width":800,"height":800},{"@type":"BreadcrumbList","@id":"https:\/\/chemicalguys.cleaning\/fr\/product\/nettoyage-preparation\/nettoyants\/chemical-guys-hydroview-ceramic-glass-cleaner-coating-473ml\/#breadcrumb","itemListElement":[{"@type":"ListItem","position":1,"name":"Home","item":"https:\/\/chemicalguys.cleaning\/fr\/"},{"@type":"ListItem","position":2,"name":"Boutique","item":"https:\/\/chemicalguys.cleaning\/fr\/shop\/"},{"@type":"ListItem","position":3,"name":"Chemical Guys HydroView Ceramic Glass Cleaner &amp; Coating (473ml)"}]},{"@type":"WebSite","@id":"https:\/\/chemicalguys.cleaning\/fr\/#website","url":"https:\/\/chemicalguys.cleaning\/fr\/","name":"Chemical Guys","description":"Reinigings- en verzorgingsproducten","publisher":{"@id":"https:\/\/chemicalguys.cleaning\/fr\/#organization"},"potentialAction":[{"@type":"SearchAction","target":{"@type":"EntryPoint","urlTemplate":"https:\/\/chemicalguys.cleaning\/fr\/?s={search_term_string}"},"query-input":{"@type":"PropertyValueSpecification","valueRequired":true,"valueName":"search_term_string"}}],"inLanguage":"fr-FR"},{"@type":"Organization","@id":"https:\/\/chemicalguys.cleaning\/fr\/#organization","name":"chemicalguys.cleaning","url":"https:\/\/chemicalguys.cleaning\/fr\/","logo":{"@type":"ImageObject","inLanguage":"fr-FR","@id":"https:\/\/chemicalguys.cleaning\/fr\/#\/schema\/logo\/image\/","url":"https:\/\/i0.wp.com\/chemicalguys.cleaning\/wp-content\/uploads\/2025\/05\/ChemicalGuys-Logo-Official-Detailed.png?fit=2880%2C2880&ssl=1","contentUrl":"https:\/\/i0.wp.com\/chemicalguys.cleaning\/wp-content\/uploads\/2025\/05\/ChemicalGuys-Logo-Official-Detailed.png?fit=2880%2C2880&ssl=1","width":2880,"height":2880,"caption":"chemicalguys.cleaning"},"image":{"@id":"https:\/\/chemicalguys.cleaning\/fr\/#\/schema\/logo\/image\/"},"sameAs":["https:\/\/www.facebook.com\/people\/Chemical-Guys-NL\/61576258888707\/","https:\/\/www.instagram.com\/chemicalguys_holland\/"]}]}},"jetpack_sharing_enabled":true,"_links":{"self":[{"href":"https:\/\/chemicalguys.cleaning\/fr\/wp-json\/wp\/v2\/product\/9308","targetHints":{"allow":["GET"]}}],"collection":[{"href":"https:\/\/chemicalguys.cleaning\/fr\/wp-json\/wp\/v2\/product"}],"about":[{"href":"https:\/\/chemicalguys.cleaning\/fr\/wp-json\/wp\/v2\/types\/product"}],"replies":[{"embeddable":true,"href":"https:\/\/chemicalguys.cleaning\/fr\/wp-json\/wp\/v2\/comments?post=9308"}],"wp:featuredmedia":[{"embeddable":true,"href":"https:\/\/chemicalguys.cleaning\/fr\/wp-json\/wp\/v2\/media\/7757"}],"wp:attachment":[{"href":"https:\/\/chemicalguys.cleaning\/fr\/wp-json\/wp\/v2\/media?parent=9308"}],"wp:term":[{"taxonomy":"product_brand","embeddable":true,"href":"https:\/\/chemicalguys.cleaning\/fr\/wp-json\/wp\/v2\/product_brand?post=9308"},{"taxonomy":"product_cat","embeddable":true,"href":"https:\/\/chemicalguys.cleaning\/fr\/wp-json\/wp\/v2\/product_cat?post=9308"},{"taxonomy":"product_tag","embeddable":true,"href":"https:\/\/chemicalguys.cleaning\/fr\/wp-json\/wp\/v2\/product_tag?post=9308"}],"curies":[{"name":"wp","href":"https:\/\/api.w.org\/{rel}","templated":true}]}}