{"id":9307,"date":"2025-05-28T15:14:03","date_gmt":"2025-05-28T13:14:03","guid":{"rendered":"https:\/\/chemicalguys.cleaning\/product\/non%20class\u00e9\/chemical-guys-two-face-color-changing-wheel-cleaner-473ml\/"},"modified":"2025-05-30T10:32:55","modified_gmt":"2025-05-30T08:32:55","slug":"chemical-guys-two-face-color-changing-wheel-cleaner-473ml","status":"publish","type":"product","link":"https:\/\/chemicalguys.cleaning\/fr\/product\/jantes-pneus\/nettoyants-de-roues\/chemical-guys-two-face-color-changing-wheel-cleaner-473ml\/","title":{"rendered":"Chemical Guys Two Face Color Changing Wheel Cleaner (473ml)"},"content":{"rendered":"<p>Dites adieu au nettoyage difficile gr\u00e2ce au nettoyant pour jantes Two Face Color Changing Wheel Cleaner. La formule gel facile \u00e0 utiliser change de couleur au fur et \u00e0 mesure qu&rsquo;elle agit, adh\u00e9rant aux jantes et utilisant des agents puissants pour \u00e9liminer la salet\u00e9, la poussi\u00e8re de frein et les d\u00e9p\u00f4ts m\u00e9talliques tenaces. Il suffit de vaporiser, d&rsquo;attendre le changement de couleur et de rincer &#8211; aucun frottage n&rsquo;est n\u00e9cessaire.<\/p>\n<p>&#8211; Change de couleur en nettoyant, passant du transparent au violet fonc\u00e9 lorsqu&rsquo;il est pr\u00eat \u00e0 \u00eatre rinc\u00e9<br \/>&#8211; \u00c9limine facilement la poussi\u00e8re de frein tenace, les d\u00e9p\u00f4ts de fer et autres salet\u00e9s difficiles \u00e0 \u00e9liminer<br \/>&#8211; Le gel ColorShift adh\u00e8re aux roues, p\u00e9n\u00e8tre en profondeur pour \u00e9liminer les salet\u00e9s tenaces<br \/>&#8211; Il suffit de vaporiser, d&rsquo;attendre le changement de couleur et de rincer &#8211; aucun frottage n&rsquo;est n\u00e9cessaire<br \/>&#8211; La formule gel avec des agents nettoyants avanc\u00e9s adh\u00e8re aux roues pour une puissance de nettoyage suppl\u00e9mentaire<\/p>\n<p>*NON recommand\u00e9 pour les jantes peintes et polies comme les jantes mates et les jantes en aluminium poli<\/p>\n<span class=\"et_bloom_bottom_trigger\"><\/span>","protected":false},"excerpt":{"rendered":"<p>Chemical Guys Two Face Color Changing Wheel Cleaner (473ml)<\/p>\n","protected":false},"featured_media":7736,"comment_status":"closed","ping_status":"closed","template":"","meta":{"_et_pb_use_builder":"","_et_pb_old_content":"","_et_gb_content_width":""},"product_brand":[],"product_cat":[399,408],"product_tag":[508],"class_list":{"0":"post-9307","1":"product","2":"type-product","3":"status-publish","4":"has-post-thumbnail","6":"product_cat-jantes-pneus","7":"product_cat-nettoyants-de-roues","8":"product_tag-chemical-guys-3","9":"pa_couleur-jaune","10":"pa_kleur-jaune","11":"pa_materiaal-liquide","12":"pa_matiere-liquide","14":"first","15":"instock","16":"taxable","17":"shipping-taxable","18":"purchasable","19":"product-type-simple"},"yoast_head":"<!-- This site is optimized with the Yoast SEO plugin v27.4 - https:\/\/yoast.com\/product\/yoast-seo-wordpress\/ -->\n<title>Chemical Guys Two Face Color Changing Wheel Cleaner (473ml) - Chemical Guys<\/title>\n<meta name=\"robots\" content=\"index, follow, max-snippet:-1, max-image-preview:large, max-video-preview:-1\" \/>\n<link rel=\"canonical\" href=\"https:\/\/chemicalguys.cleaning\/fr\/product\/jantes-pneus\/nettoyants-de-roues\/chemical-guys-two-face-color-changing-wheel-cleaner-473ml\/\" \/>\n<meta property=\"og:locale\" content=\"fr_FR\" \/>\n<meta property=\"og:type\" content=\"article\" \/>\n<meta property=\"og:title\" content=\"Chemical Guys Two Face Color Changing Wheel Cleaner (473ml) - Chemical Guys\" \/>\n<meta property=\"og:description\" content=\"Chemical Guys Two Face Color Changing Wheel Cleaner (473ml)\" \/>\n<meta property=\"og:url\" content=\"https:\/\/chemicalguys.cleaning\/fr\/product\/jantes-pneus\/nettoyants-de-roues\/chemical-guys-two-face-color-changing-wheel-cleaner-473ml\/\" \/>\n<meta property=\"og:site_name\" content=\"Chemical Guys\" \/>\n<meta property=\"article:publisher\" content=\"https:\/\/www.facebook.com\/people\/Chemical-Guys-NL\/61576258888707\/\" \/>\n<meta property=\"article:modified_time\" content=\"2025-05-30T08:32:55+00:00\" \/>\n<meta property=\"og:image\" content=\"https:\/\/chemicalguys.cleaning\/wp-content\/uploads\/2025\/05\/d7c50113-5e09-4cd2-8ab9-0545c1a0de62-CG_CLD30316_1.jpg\" \/>\n\t<meta property=\"og:image:width\" content=\"800\" \/>\n\t<meta property=\"og:image:height\" content=\"800\" \/>\n\t<meta property=\"og:image:type\" content=\"image\/webp\" \/>\n<meta name=\"twitter:card\" content=\"summary_large_image\" \/>\n<meta name=\"twitter:label1\" content=\"Dur\u00e9e de lecture estim\u00e9e\" \/>\n\t<meta name=\"twitter:data1\" content=\"1 minute\" \/>\n<script type=\"application\/ld+json\" class=\"yoast-schema-graph\">{\"@context\":\"https:\\\/\\\/schema.org\",\"@graph\":[{\"@type\":\"WebPage\",\"@id\":\"https:\\\/\\\/chemicalguys.cleaning\\\/fr\\\/product\\\/jantes-pneus\\\/nettoyants-de-roues\\\/chemical-guys-two-face-color-changing-wheel-cleaner-473ml\\\/\",\"url\":\"https:\\\/\\\/chemicalguys.cleaning\\\/fr\\\/product\\\/jantes-pneus\\\/nettoyants-de-roues\\\/chemical-guys-two-face-color-changing-wheel-cleaner-473ml\\\/\",\"name\":\"Chemical Guys Two Face Color Changing Wheel Cleaner (473ml) - Chemical Guys\",\"isPartOf\":{\"@id\":\"https:\\\/\\\/chemicalguys.cleaning\\\/fr\\\/#website\"},\"primaryImageOfPage\":{\"@id\":\"https:\\\/\\\/chemicalguys.cleaning\\\/fr\\\/product\\\/jantes-pneus\\\/nettoyants-de-roues\\\/chemical-guys-two-face-color-changing-wheel-cleaner-473ml\\\/#primaryimage\"},\"image\":{\"@id\":\"https:\\\/\\\/chemicalguys.cleaning\\\/fr\\\/product\\\/jantes-pneus\\\/nettoyants-de-roues\\\/chemical-guys-two-face-color-changing-wheel-cleaner-473ml\\\/#primaryimage\"},\"thumbnailUrl\":\"https:\\\/\\\/i0.wp.com\\\/chemicalguys.cleaning\\\/wp-content\\\/uploads\\\/2025\\\/05\\\/d7c50113-5e09-4cd2-8ab9-0545c1a0de62-CG_CLD30316_1.jpg?fit=800%2C800&ssl=1\",\"datePublished\":\"2025-05-28T13:14:03+00:00\",\"dateModified\":\"2025-05-30T08:32:55+00:00\",\"breadcrumb\":{\"@id\":\"https:\\\/\\\/chemicalguys.cleaning\\\/fr\\\/product\\\/jantes-pneus\\\/nettoyants-de-roues\\\/chemical-guys-two-face-color-changing-wheel-cleaner-473ml\\\/#breadcrumb\"},\"inLanguage\":\"fr-FR\",\"potentialAction\":[{\"@type\":\"ReadAction\",\"target\":[\"https:\\\/\\\/chemicalguys.cleaning\\\/fr\\\/product\\\/jantes-pneus\\\/nettoyants-de-roues\\\/chemical-guys-two-face-color-changing-wheel-cleaner-473ml\\\/\"]}]},{\"@type\":\"ImageObject\",\"inLanguage\":\"fr-FR\",\"@id\":\"https:\\\/\\\/chemicalguys.cleaning\\\/fr\\\/product\\\/jantes-pneus\\\/nettoyants-de-roues\\\/chemical-guys-two-face-color-changing-wheel-cleaner-473ml\\\/#primaryimage\",\"url\":\"https:\\\/\\\/i0.wp.com\\\/chemicalguys.cleaning\\\/wp-content\\\/uploads\\\/2025\\\/05\\\/d7c50113-5e09-4cd2-8ab9-0545c1a0de62-CG_CLD30316_1.jpg?fit=800%2C800&ssl=1\",\"contentUrl\":\"https:\\\/\\\/i0.wp.com\\\/chemicalguys.cleaning\\\/wp-content\\\/uploads\\\/2025\\\/05\\\/d7c50113-5e09-4cd2-8ab9-0545c1a0de62-CG_CLD30316_1.jpg?fit=800%2C800&ssl=1\",\"width\":800,\"height\":800},{\"@type\":\"BreadcrumbList\",\"@id\":\"https:\\\/\\\/chemicalguys.cleaning\\\/fr\\\/product\\\/jantes-pneus\\\/nettoyants-de-roues\\\/chemical-guys-two-face-color-changing-wheel-cleaner-473ml\\\/#breadcrumb\",\"itemListElement\":[{\"@type\":\"ListItem\",\"position\":1,\"name\":\"Home\",\"item\":\"https:\\\/\\\/chemicalguys.cleaning\\\/fr\\\/\"},{\"@type\":\"ListItem\",\"position\":2,\"name\":\"Boutique\",\"item\":\"https:\\\/\\\/chemicalguys.cleaning\\\/fr\\\/shop\\\/\"},{\"@type\":\"ListItem\",\"position\":3,\"name\":\"Chemical Guys Two Face Color Changing Wheel Cleaner (473ml)\"}]},{\"@type\":\"WebSite\",\"@id\":\"https:\\\/\\\/chemicalguys.cleaning\\\/fr\\\/#website\",\"url\":\"https:\\\/\\\/chemicalguys.cleaning\\\/fr\\\/\",\"name\":\"Chemical Guys\",\"description\":\"Reinigings- en verzorgingsproducten\",\"publisher\":{\"@id\":\"https:\\\/\\\/chemicalguys.cleaning\\\/fr\\\/#organization\"},\"potentialAction\":[{\"@type\":\"SearchAction\",\"target\":{\"@type\":\"EntryPoint\",\"urlTemplate\":\"https:\\\/\\\/chemicalguys.cleaning\\\/fr\\\/?s={search_term_string}\"},\"query-input\":{\"@type\":\"PropertyValueSpecification\",\"valueRequired\":true,\"valueName\":\"search_term_string\"}}],\"inLanguage\":\"fr-FR\"},{\"@type\":\"Organization\",\"@id\":\"https:\\\/\\\/chemicalguys.cleaning\\\/fr\\\/#organization\",\"name\":\"chemicalguys.cleaning\",\"url\":\"https:\\\/\\\/chemicalguys.cleaning\\\/fr\\\/\",\"logo\":{\"@type\":\"ImageObject\",\"inLanguage\":\"fr-FR\",\"@id\":\"https:\\\/\\\/chemicalguys.cleaning\\\/fr\\\/#\\\/schema\\\/logo\\\/image\\\/\",\"url\":\"https:\\\/\\\/i0.wp.com\\\/chemicalguys.cleaning\\\/wp-content\\\/uploads\\\/2025\\\/05\\\/ChemicalGuys-Logo-Official-Detailed.png?fit=2880%2C2880&ssl=1\",\"contentUrl\":\"https:\\\/\\\/i0.wp.com\\\/chemicalguys.cleaning\\\/wp-content\\\/uploads\\\/2025\\\/05\\\/ChemicalGuys-Logo-Official-Detailed.png?fit=2880%2C2880&ssl=1\",\"width\":2880,\"height\":2880,\"caption\":\"chemicalguys.cleaning\"},\"image\":{\"@id\":\"https:\\\/\\\/chemicalguys.cleaning\\\/fr\\\/#\\\/schema\\\/logo\\\/image\\\/\"},\"sameAs\":[\"https:\\\/\\\/www.facebook.com\\\/people\\\/Chemical-Guys-NL\\\/61576258888707\\\/\",\"https:\\\/\\\/www.instagram.com\\\/chemicalguys_holland\\\/\"]}]}<\/script>\n<!-- \/ Yoast SEO plugin. -->","yoast_head_json":{"title":"Chemical Guys Two Face Color Changing Wheel Cleaner (473ml) - Chemical Guys","robots":{"index":"index","follow":"follow","max-snippet":"max-snippet:-1","max-image-preview":"max-image-preview:large","max-video-preview":"max-video-preview:-1"},"canonical":"https:\/\/chemicalguys.cleaning\/fr\/product\/jantes-pneus\/nettoyants-de-roues\/chemical-guys-two-face-color-changing-wheel-cleaner-473ml\/","og_locale":"fr_FR","og_type":"article","og_title":"Chemical Guys Two Face Color Changing Wheel Cleaner (473ml) - Chemical Guys","og_description":"Chemical Guys Two Face Color Changing Wheel Cleaner (473ml)","og_url":"https:\/\/chemicalguys.cleaning\/fr\/product\/jantes-pneus\/nettoyants-de-roues\/chemical-guys-two-face-color-changing-wheel-cleaner-473ml\/","og_site_name":"Chemical Guys","article_publisher":"https:\/\/www.facebook.com\/people\/Chemical-Guys-NL\/61576258888707\/","article_modified_time":"2025-05-30T08:32:55+00:00","og_image":[{"width":800,"height":800,"url":"https:\/\/chemicalguys.cleaning\/wp-content\/uploads\/2025\/05\/d7c50113-5e09-4cd2-8ab9-0545c1a0de62-CG_CLD30316_1.jpg","type":"image\/webp"}],"twitter_card":"summary_large_image","twitter_misc":{"Dur\u00e9e de lecture estim\u00e9e":"1 minute"},"schema":{"@context":"https:\/\/schema.org","@graph":[{"@type":"WebPage","@id":"https:\/\/chemicalguys.cleaning\/fr\/product\/jantes-pneus\/nettoyants-de-roues\/chemical-guys-two-face-color-changing-wheel-cleaner-473ml\/","url":"https:\/\/chemicalguys.cleaning\/fr\/product\/jantes-pneus\/nettoyants-de-roues\/chemical-guys-two-face-color-changing-wheel-cleaner-473ml\/","name":"Chemical Guys Two Face Color Changing Wheel Cleaner (473ml) - Chemical Guys","isPartOf":{"@id":"https:\/\/chemicalguys.cleaning\/fr\/#website"},"primaryImageOfPage":{"@id":"https:\/\/chemicalguys.cleaning\/fr\/product\/jantes-pneus\/nettoyants-de-roues\/chemical-guys-two-face-color-changing-wheel-cleaner-473ml\/#primaryimage"},"image":{"@id":"https:\/\/chemicalguys.cleaning\/fr\/product\/jantes-pneus\/nettoyants-de-roues\/chemical-guys-two-face-color-changing-wheel-cleaner-473ml\/#primaryimage"},"thumbnailUrl":"https:\/\/i0.wp.com\/chemicalguys.cleaning\/wp-content\/uploads\/2025\/05\/d7c50113-5e09-4cd2-8ab9-0545c1a0de62-CG_CLD30316_1.jpg?fit=800%2C800&ssl=1","datePublished":"2025-05-28T13:14:03+00:00","dateModified":"2025-05-30T08:32:55+00:00","breadcrumb":{"@id":"https:\/\/chemicalguys.cleaning\/fr\/product\/jantes-pneus\/nettoyants-de-roues\/chemical-guys-two-face-color-changing-wheel-cleaner-473ml\/#breadcrumb"},"inLanguage":"fr-FR","potentialAction":[{"@type":"ReadAction","target":["https:\/\/chemicalguys.cleaning\/fr\/product\/jantes-pneus\/nettoyants-de-roues\/chemical-guys-two-face-color-changing-wheel-cleaner-473ml\/"]}]},{"@type":"ImageObject","inLanguage":"fr-FR","@id":"https:\/\/chemicalguys.cleaning\/fr\/product\/jantes-pneus\/nettoyants-de-roues\/chemical-guys-two-face-color-changing-wheel-cleaner-473ml\/#primaryimage","url":"https:\/\/i0.wp.com\/chemicalguys.cleaning\/wp-content\/uploads\/2025\/05\/d7c50113-5e09-4cd2-8ab9-0545c1a0de62-CG_CLD30316_1.jpg?fit=800%2C800&ssl=1","contentUrl":"https:\/\/i0.wp.com\/chemicalguys.cleaning\/wp-content\/uploads\/2025\/05\/d7c50113-5e09-4cd2-8ab9-0545c1a0de62-CG_CLD30316_1.jpg?fit=800%2C800&ssl=1","width":800,"height":800},{"@type":"BreadcrumbList","@id":"https:\/\/chemicalguys.cleaning\/fr\/product\/jantes-pneus\/nettoyants-de-roues\/chemical-guys-two-face-color-changing-wheel-cleaner-473ml\/#breadcrumb","itemListElement":[{"@type":"ListItem","position":1,"name":"Home","item":"https:\/\/chemicalguys.cleaning\/fr\/"},{"@type":"ListItem","position":2,"name":"Boutique","item":"https:\/\/chemicalguys.cleaning\/fr\/shop\/"},{"@type":"ListItem","position":3,"name":"Chemical Guys Two Face Color Changing Wheel Cleaner (473ml)"}]},{"@type":"WebSite","@id":"https:\/\/chemicalguys.cleaning\/fr\/#website","url":"https:\/\/chemicalguys.cleaning\/fr\/","name":"Chemical Guys","description":"Reinigings- en verzorgingsproducten","publisher":{"@id":"https:\/\/chemicalguys.cleaning\/fr\/#organization"},"potentialAction":[{"@type":"SearchAction","target":{"@type":"EntryPoint","urlTemplate":"https:\/\/chemicalguys.cleaning\/fr\/?s={search_term_string}"},"query-input":{"@type":"PropertyValueSpecification","valueRequired":true,"valueName":"search_term_string"}}],"inLanguage":"fr-FR"},{"@type":"Organization","@id":"https:\/\/chemicalguys.cleaning\/fr\/#organization","name":"chemicalguys.cleaning","url":"https:\/\/chemicalguys.cleaning\/fr\/","logo":{"@type":"ImageObject","inLanguage":"fr-FR","@id":"https:\/\/chemicalguys.cleaning\/fr\/#\/schema\/logo\/image\/","url":"https:\/\/i0.wp.com\/chemicalguys.cleaning\/wp-content\/uploads\/2025\/05\/ChemicalGuys-Logo-Official-Detailed.png?fit=2880%2C2880&ssl=1","contentUrl":"https:\/\/i0.wp.com\/chemicalguys.cleaning\/wp-content\/uploads\/2025\/05\/ChemicalGuys-Logo-Official-Detailed.png?fit=2880%2C2880&ssl=1","width":2880,"height":2880,"caption":"chemicalguys.cleaning"},"image":{"@id":"https:\/\/chemicalguys.cleaning\/fr\/#\/schema\/logo\/image\/"},"sameAs":["https:\/\/www.facebook.com\/people\/Chemical-Guys-NL\/61576258888707\/","https:\/\/www.instagram.com\/chemicalguys_holland\/"]}]}},"jetpack_sharing_enabled":true,"_links":{"self":[{"href":"https:\/\/chemicalguys.cleaning\/fr\/wp-json\/wp\/v2\/product\/9307","targetHints":{"allow":["GET"]}}],"collection":[{"href":"https:\/\/chemicalguys.cleaning\/fr\/wp-json\/wp\/v2\/product"}],"about":[{"href":"https:\/\/chemicalguys.cleaning\/fr\/wp-json\/wp\/v2\/types\/product"}],"replies":[{"embeddable":true,"href":"https:\/\/chemicalguys.cleaning\/fr\/wp-json\/wp\/v2\/comments?post=9307"}],"wp:featuredmedia":[{"embeddable":true,"href":"https:\/\/chemicalguys.cleaning\/fr\/wp-json\/wp\/v2\/media\/7736"}],"wp:attachment":[{"href":"https:\/\/chemicalguys.cleaning\/fr\/wp-json\/wp\/v2\/media?parent=9307"}],"wp:term":[{"taxonomy":"product_brand","embeddable":true,"href":"https:\/\/chemicalguys.cleaning\/fr\/wp-json\/wp\/v2\/product_brand?post=9307"},{"taxonomy":"product_cat","embeddable":true,"href":"https:\/\/chemicalguys.cleaning\/fr\/wp-json\/wp\/v2\/product_cat?post=9307"},{"taxonomy":"product_tag","embeddable":true,"href":"https:\/\/chemicalguys.cleaning\/fr\/wp-json\/wp\/v2\/product_tag?post=9307"}],"curies":[{"name":"wp","href":"https:\/\/api.w.org\/{rel}","templated":true}]}}