{"id":3640,"date":"2020-05-08T09:15:16","date_gmt":"2020-05-08T07:15:16","guid":{"rendered":"https:\/\/racoon-cleaner.nl\/retour-et-garantie\/"},"modified":"2023-04-17T14:06:02","modified_gmt":"2023-04-17T12:06:02","slug":"retour-et-garantie","status":"publish","type":"page","link":"https:\/\/chemicalguys.cleaning\/fr\/retour-et-garantie\/","title":{"rendered":"Retour et garantie"},"content":{"rendered":"<p>[et_pb_section fb_built=\u00a0\u00bb1&Prime; _builder_version=\u00a0\u00bb4.16&Prime; background_color=\u00a0\u00bbrgba(0,0,0,0)\u00a0\u00bb global_colors_info=\u00a0\u00bb{}\u00a0\u00bb][et_pb_row _builder_version=\u00a0\u00bb4.16&Prime; background_color=\u00a0\u00bb#ffffff\u00a0\u00bb global_colors_info=\u00a0\u00bb{}\u00a0\u00bb][et_pb_column type=\u00a0\u00bb4_4&Prime; _builder_version=\u00a0\u00bb4.16&Prime; global_colors_info=\u00a0\u00bb{}\u00a0\u00bb][et_pb_text _builder_version=\u00a0\u00bb4.16&Prime; custom_margin=\u00a0\u00bb||||false|false\u00a0\u00bb custom_padding=\u00a0\u00bb0px|30px|||false|false\u00a0\u00bb global_colors_info=\u00a0\u00bb{}\u00a0\u00bb]<\/p>\n<h2 style=\"color: #e21c2b;\">Retour et garantie<\/h2>\n<p>[\/et_pb_text][et_pb_text _builder_version=\u00a0\u00bb4.16&Prime; global_colors_info=\u00a0\u00bb{}\u00a0\u00bb]<\/p>\n<p>Vous disposez d&rsquo;un d\u00e9lai de r\u00e9tractation de 14 jours pour retourner le produit sans justification, \u00e0 compter du jour de r\u00e9ception du produit. Le produit ne peut \u00eatre retourn\u00e9 que non utilis\u00e9 et, si possible, dans son emballage d&rsquo;origine. Les frais de retour sont \u00e0 votre charge pour le retour de la commande.<\/p>\n<p>L\u2019entrepreneur rembourse tous les paiements du consommateur, y compris les \u00e9ventuels rais de livraison factur\u00e9s par l\u2019entrepreneur pour le produit retourn\u00e9, sans d\u00e9lai, mais au plus tard dans les 15 jours apr\u00e8s le jour o\u00f9 le consommateur l\u2019a inform\u00e9 de sa r\u00e9tractation. Sauf si l\u2019entrepreneur propose de venir chercher le produit, il peut attendre de rembourser jusqu\u2019\u00e0 la r\u00e9ception du produit ou jusqu\u2019\u00e0 ce que le consommateur prouve qu\u2019il a retourn\u00e9 le produit, \u00e0 la premi\u00e8re occurrence. L\u2019entrepreneur effectue le remboursement par le m\u00eame moyen de paiement qu\u2019a utilis\u00e9 le consommateur, sauf si le consommateur accepte une autre m\u00e9thode. Le remboursement a lieu sans frais pour le consommateur.<\/p>\n<p>Cliquez sur T\u00e9l\u00e9charger pour afficher \/ t\u00e9l\u00e9charger le formulaire de retrait.<\/p>\n<p>* Vous pouvez essayer un article, si cela est raisonnablement n\u00e9cessaire, tant qu&rsquo;il ne laisse aucune trace d&rsquo;utilisation.<\/p>\n<p>[\/et_pb_text][et_pb_accordion _builder_version=\u00a0\u00bb4.16&Prime; global_colors_info=\u00a0\u00bb{}\u00a0\u00bb][et_pb_accordion_item title=\u00a0\u00bbConditions de retour\u00a0\u00bb _builder_version=\u00a0\u00bb4.16&Prime; global_colors_info=\u00a0\u00bb{}\u00a0\u00bb open=\u00a0\u00bboff\u00a0\u00bb]<\/p>\n<p>Pour que le produit soit \u00e9ligible au retour, il doit remplir les conditions suivantes:<\/p>\n<ul>\n<li>L&rsquo;article doit \u00eatre intact.<\/li>\n<li>Etat de l&#8217;emballage le plus original possible.<\/li>\n<li>N&rsquo;\u00e9crivez pas de textes et ne collez pas d&rsquo;autocollants ou de ruban adh\u00e9sif sur l&#8217;emballage si possible.<\/li>\n<li>Si n\u00e9cessaire, emballez les articles retourn\u00e9s dans une bo\u00eete ext\u00e9rieure suppl\u00e9mentaire pour \u00e9viter tout dommage li\u00e9 au transport.<\/li>\n<p>Seulement si votre retour est conforme \u00e0 ces conditions, chemicalguys.cleaning peut garantir que vous serez rembours\u00e9 dans les 14 jours suivant la r\u00e9ception du colis.<\/p>\n<p>[\/et_pb_accordion_item][et_pb_accordion_item title=\u00a0\u00bbRetours par courrier\u00a0\u00bb _builder_version=\u00a0\u00bb4.16&Prime; global_colors_info=\u00a0\u00bb{}\u00a0\u00bb open=\u00a0\u00bboff\u00a0\u00bb]<\/p>\n<p>L&rsquo;\u00e9change et le retour pour les consommateurs est possible en retournant le produit avec la facture (ou une autre preuve d&rsquo;achat) et un formulaire de retour enti\u00e8rement rempli par courrier \u00e0 chemicalguys.cleaning. Faites affranchir le colis dans un bureau de poste TNT ou un point de service DHL. Nous recommandons une exp\u00e9dition assur\u00e9e.<\/p>\n<p>Les probl\u00e8mes d&rsquo;exp\u00e9dition, avec ou par la soci\u00e9t\u00e9 de transport sont pour votre propre compte. Conservez donc toujours votre re\u00e7u d&rsquo;exp\u00e9dition.<\/p>\n<p><strong>Faites attention! Emballez soigneusement les articles pour \u00e9viter les dommages dus au transport.<\/strong><\/p>\n<p>Voulez-vous \u00e9changer un article contre un autre? Vous pouvez retourner votre commande pendant la p\u00e9riode d&rsquo;essai. Vous passez ensuite une nouvelle commande dans la boutique en ligne.<\/p>\n<p>[\/et_pb_accordion_item][et_pb_accordion_item title=\u00a0\u00bbGarantie l\u00e9gale\u00a0\u00bb _builder_version=\u00a0\u00bb4.16&Prime; global_colors_info=\u00a0\u00bb{}\u00a0\u00bb open=\u00a0\u00bboff\u00a0\u00bb]<\/p>\n<p>Lorsque vous achetez un produit sur chemicalguys.cleaning, vous avez toujours droit \u00e0 un bon produit, \u00e0 condition que vous l&rsquo;utilisiez normalement. Si un produit n&rsquo;est pas conforme, il se conformera pleinement aux dispositions de garantie du Code civil \u00e0 votre \u00e9gard. Dans tous les cas, vous devez contacter chemicalguys.cleaning, o\u00f9 vous avez achet\u00e9 le produit, dans les deux mois suivant la d\u00e9couverte du d\u00e9faut. Apr\u00e8s votre notification, il examinera si le d\u00e9faut peut \u00eatre facilement r\u00e9par\u00e9 ou s&rsquo;il peut remplacer le produit et \/ ou les pi\u00e8ces d\u00e9fectueuses. Si cela n&rsquo;est pas possible en tout ou en partie, \u00e0 court terme (dans un d\u00e9lai de 21 jours calendaires), il vous offre la possibilit\u00e9 de r\u00e9silier le contrat. Vous recevrez alors (en partie) le prix d&rsquo;achat de chemicalguys.cleaning en retour.<\/p>\n<p>[\/et_pb_accordion_item][et_pb_accordion_item title=\u00a0\u00bbGarantie d&rsquo;usine suppl\u00e9mentaire\u00a0\u00bb _builder_version=\u00a0\u00bb4.16&Prime; global_colors_info=\u00a0\u00bb{}\u00a0\u00bb open=\u00a0\u00bboff\u00a0\u00bb]<\/p>\n<p>Sur certains de nos produits, le fabricant offre une garantie suppl\u00e9mentaire. Les informations sur cette garantie et sa signification se trouvent dans l&rsquo;aper\u00e7u de la garantie qui accompagne le produit. Cette garantie est bien entendu sans pr\u00e9judice des dispositions l\u00e9gales de garantie que chemicalguys.cleaning doit vous respecter, comme d\u00e9crit ci-dessus. Nous vous recommandons donc de toujours contacter chemicalguys.cleaning en cas de d\u00e9faut. Ils s&rsquo;assurent que la r\u00e9paration du produit se d\u00e9roule correctement. Il est important de nous signaler un d\u00e9faut dans les plus brefs d\u00e9lais. Vous trouverez les coordonn\u00e9es de chemicalguys.cleaning sur la facture que vous avez re\u00e7ue avec la livraison du produit ou sur le site chemicalguys.cleaning.<\/p>\n<p>[\/et_pb_accordion_item][et_pb_accordion_item title=\u00a0\u00bbGarantie \u00e9tape par \u00e9tape\u00a0\u00bb open=\u00a0\u00bboff\u00a0\u00bb _builder_version=\u00a0\u00bb4.16&Prime; global_colors_info=\u00a0\u00bb{}\u00a0\u00bb]<\/p>\n<p>Si un article est d\u00e9fectueux pendant la p\u00e9riode de garantie, nous vous demandons de suivre le plan \u00e9tape par \u00e9tape suivant. De cette fa\u00e7on, nous pouvons traiter votre demande de garantie aussi facilement que possible.<\/p>\n<ul>\n<li>Signalez \u00e0 chemicalguys.cleaning que vous avez un article qui ne fonctionne pas \/ ne peut pas fonctionner correctement.<\/li>\n<li>Consultez chemicalguys.cleaning si vous devez retourner l&rsquo;article ou s&rsquo;il est pr\u00e9f\u00e9rable de visiter notre adresse.<\/li>\n<li>Si vous n&rsquo;\u00eates pas satisfait du traitement de votre cas de garantie, vous pouvez contacter notre service client central \u00e0: chemicalguys.cleaning. <\/li>\n<p>[\/et_pb_accordion_item][et_pb_accordion_item title=\u00a0\u00bbProc\u00e9dure de r\u00e9clamation\u00a0\u00bb _builder_version=\u00a0\u00bb4.16&Prime; global_colors_info=\u00a0\u00bb{}\u00a0\u00bb open=\u00a0\u00bbon\u00a0\u00bb]<\/p>\n<p><strong>Soumettre<\/strong><br \/>C&rsquo;est bien s\u00fbr ennuyeux si vous avez une plainte concernant le service tel que vous l&rsquo;avez v\u00e9cu.<br \/>N\u00e9anmoins, nous vous prions de bien vouloir transmettre votre r\u00e9clamation au service client\u00e8le par e-mail.<br \/>Cela peut se faire par e-mail, courrier postal et \/ ou par t\u00e9l\u00e9phone.<\/p>\n<p>Nos employ\u00e9s du service contact client examineront la plainte<br \/>et essayez de r\u00e9soudre la plainte \u00e0 la satisfaction de tous.<\/p>\n<p>Vous pouvez signaler une r\u00e9clamation concernant un produit ou un service de deux mani\u00e8res:<\/p>\n<p><strong>\u00c9crit:<\/strong><br \/>une r\u00e9clamation peut \u00eatre signal\u00e9e par courrier \u00e0 l&rsquo;adresse suivante<\/p>\n<p>chemicalguys.cleaning<br \/>Service de traitement des plaintes<br \/>Jeverweg 12<br \/>9723 JE Groningen<\/p>\n<p>ou<\/p>\n<p>info@chemicalguys.cleaning<\/p>\n<p>Num\u00e9ro de la chambre de commerce: 02009819<br \/>Num\u00e9ro d&rsquo;identification TVA: NL004166097B01.<\/p>\n<p><strong>Orale:<\/strong><br \/>une plainte peut \u00eatre signal\u00e9e oralement via le num\u00e9ro de t\u00e9l\u00e9phone +31 (0) 50 544 53 46<\/p>\n<p>Apr\u00e8s avoir re\u00e7u votre plainte, vous recevrez une confirmation de notre part.<br \/>Nous r\u00e9pondrons \u00e0 votre r\u00e9clamation dans les 14 jours suivant sa r\u00e9ception, si elle a besoin de plus de temps, nous vous en informerons.<\/p>\n<p><span>Si vous ne l&rsquo;appr\u00e9ciez pas, vous pouvez toujours contacter le service de m\u00e9diation de Stichting Webshop Keurmerk auquel www.chemicalguys.cleaning est affili\u00e9. \u00c0 partir du 15 f\u00e9vrier 2016, il est \u00e9galement possible pour les consommateurs de l&rsquo;UE d&rsquo;enregistrer des plaintes via la plateforme ODR de la Commission europ\u00e9enne. Cette plate-forme ODR est disponible \u00e0 l&rsquo;adresse <a href=\"https:\/\/ec.europa.eu\/consumers\/odr\/main\/index.cfm?event=main.home.chooseLanguage\">https:\/\/ec.europa.eu\/consumers\/odr\/main\/index.cfm?event=main.home.chooseLanguage.<\/a> Si la plainte n&rsquo;est pas encore en instance ailleurs, vous \u00eates libre de d\u00e9poser la plainte via la plateforme de l&rsquo;Union europ\u00e9enne.<\/span><\/p>\n<p><strong>Traitement<\/strong><br \/>Votre r\u00e9clamation doit remplir les conditions suivantes:<\/p>\n<ol>\n<li type=\"disc\">Votre r\u00e9clamation doit contenir les informations suivantes: nom, adresse, lieu de r\u00e9sidence et coordonn\u00e9es.<\/li>\n<li type=\"disc\">Une description claire de la plainte.<\/li>\n<li type=\"disc\">Toute preuve d&rsquo;achat.<\/li>\n<\/ol>\n<p>[\/et_pb_accordion_item][\/et_pb_accordion][\/et_pb_column][\/et_pb_row][\/et_pb_section]<\/p>\n<span class=\"et_bloom_bottom_trigger\"><\/span>","protected":false},"excerpt":{"rendered":"<p>Retour et garantieVous disposez d&rsquo;un d\u00e9lai de r\u00e9tractation de 14 jours pour retourner le produit sans justification, \u00e0 compter du jour de r\u00e9ception du produit. Le produit ne peut \u00eatre retourn\u00e9 que non utilis\u00e9 et, si possible, dans son emballage d&rsquo;origine. Les frais de retour sont \u00e0 votre charge pour le retour de la commande. [&hellip;]<\/p>\n","protected":false},"author":94,"featured_media":0,"parent":0,"menu_order":0,"comment_status":"closed","ping_status":"closed","template":"","meta":{"_et_pb_use_builder":"on","_et_pb_old_content":"","_et_gb_content_width":"","footnotes":""},"class_list":["post-3640","page","type-page","status-publish","hentry"],"yoast_head":"<!-- This site is optimized with the Yoast SEO plugin v27.3 - https:\/\/yoast.com\/product\/yoast-seo-wordpress\/ -->\n<title>Retour et garantie - Chemical Guys<\/title>\n<meta name=\"robots\" content=\"index, follow, max-snippet:-1, max-image-preview:large, max-video-preview:-1\" \/>\n<link rel=\"canonical\" href=\"https:\/\/chemicalguys.cleaning\/fr\/retour-et-garantie\/\" \/>\n<meta property=\"og:locale\" content=\"fr_FR\" \/>\n<meta property=\"og:type\" content=\"article\" \/>\n<meta property=\"og:title\" content=\"Retour et garantie - Chemical Guys\" \/>\n<meta property=\"og:description\" content=\"Retour et garantieVous disposez d&#039;un d\u00e9lai de r\u00e9tractation de 14 jours pour retourner le produit sans justification, \u00e0 compter du jour de r\u00e9ception du produit. Le produit ne peut \u00eatre retourn\u00e9 que non utilis\u00e9 et, si possible, dans son emballage d&#039;origine. Les frais de retour sont \u00e0 votre charge pour le retour de la commande. [&hellip;]\" \/>\n<meta property=\"og:url\" content=\"https:\/\/chemicalguys.cleaning\/fr\/retour-et-garantie\/\" \/>\n<meta property=\"og:site_name\" content=\"Chemical Guys\" \/>\n<meta property=\"article:publisher\" content=\"https:\/\/www.facebook.com\/people\/Chemical-Guys-NL\/61576258888707\/\" \/>\n<meta property=\"article:modified_time\" content=\"2023-04-17T12:06:02+00:00\" \/>\n<meta name=\"twitter:card\" content=\"summary_large_image\" \/>\n<meta name=\"twitter:label1\" content=\"Dur\u00e9e de lecture estim\u00e9e\" \/>\n\t<meta name=\"twitter:data1\" content=\"6 minutes\" \/>\n<script type=\"application\/ld+json\" class=\"yoast-schema-graph\">{\"@context\":\"https:\\\/\\\/schema.org\",\"@graph\":[{\"@type\":\"WebPage\",\"@id\":\"https:\\\/\\\/chemicalguys.cleaning\\\/fr\\\/retour-et-garantie\\\/\",\"url\":\"https:\\\/\\\/chemicalguys.cleaning\\\/fr\\\/retour-et-garantie\\\/\",\"name\":\"Retour et garantie - Chemical Guys\",\"isPartOf\":{\"@id\":\"https:\\\/\\\/chemicalguys.cleaning\\\/fr\\\/#website\"},\"datePublished\":\"2020-05-08T07:15:16+00:00\",\"dateModified\":\"2023-04-17T12:06:02+00:00\",\"breadcrumb\":{\"@id\":\"https:\\\/\\\/chemicalguys.cleaning\\\/fr\\\/retour-et-garantie\\\/#breadcrumb\"},\"inLanguage\":\"fr-FR\",\"potentialAction\":[{\"@type\":\"ReadAction\",\"target\":[\"https:\\\/\\\/chemicalguys.cleaning\\\/fr\\\/retour-et-garantie\\\/\"]}]},{\"@type\":\"BreadcrumbList\",\"@id\":\"https:\\\/\\\/chemicalguys.cleaning\\\/fr\\\/retour-et-garantie\\\/#breadcrumb\",\"itemListElement\":[{\"@type\":\"ListItem\",\"position\":1,\"name\":\"Home\",\"item\":\"https:\\\/\\\/chemicalguys.cleaning\\\/fr\\\/\"},{\"@type\":\"ListItem\",\"position\":2,\"name\":\"Retour et garantie\"}]},{\"@type\":\"WebSite\",\"@id\":\"https:\\\/\\\/chemicalguys.cleaning\\\/fr\\\/#website\",\"url\":\"https:\\\/\\\/chemicalguys.cleaning\\\/fr\\\/\",\"name\":\"Chemical Guys\",\"description\":\"Reinigings- en verzorgingsproducten\",\"publisher\":{\"@id\":\"https:\\\/\\\/chemicalguys.cleaning\\\/fr\\\/#organization\"},\"potentialAction\":[{\"@type\":\"SearchAction\",\"target\":{\"@type\":\"EntryPoint\",\"urlTemplate\":\"https:\\\/\\\/chemicalguys.cleaning\\\/fr\\\/?s={search_term_string}\"},\"query-input\":{\"@type\":\"PropertyValueSpecification\",\"valueRequired\":true,\"valueName\":\"search_term_string\"}}],\"inLanguage\":\"fr-FR\"},{\"@type\":\"Organization\",\"@id\":\"https:\\\/\\\/chemicalguys.cleaning\\\/fr\\\/#organization\",\"name\":\"chemicalguys.cleaning\",\"url\":\"https:\\\/\\\/chemicalguys.cleaning\\\/fr\\\/\",\"logo\":{\"@type\":\"ImageObject\",\"inLanguage\":\"fr-FR\",\"@id\":\"https:\\\/\\\/chemicalguys.cleaning\\\/fr\\\/#\\\/schema\\\/logo\\\/image\\\/\",\"url\":\"https:\\\/\\\/i0.wp.com\\\/chemicalguys.cleaning\\\/wp-content\\\/uploads\\\/2025\\\/05\\\/ChemicalGuys-Logo-Official-Detailed.png?fit=2880%2C2880&ssl=1\",\"contentUrl\":\"https:\\\/\\\/i0.wp.com\\\/chemicalguys.cleaning\\\/wp-content\\\/uploads\\\/2025\\\/05\\\/ChemicalGuys-Logo-Official-Detailed.png?fit=2880%2C2880&ssl=1\",\"width\":2880,\"height\":2880,\"caption\":\"chemicalguys.cleaning\"},\"image\":{\"@id\":\"https:\\\/\\\/chemicalguys.cleaning\\\/fr\\\/#\\\/schema\\\/logo\\\/image\\\/\"},\"sameAs\":[\"https:\\\/\\\/www.facebook.com\\\/people\\\/Chemical-Guys-NL\\\/61576258888707\\\/\",\"https:\\\/\\\/www.instagram.com\\\/chemicalguys_holland\\\/\"]}]}<\/script>\n<!-- \/ Yoast SEO plugin. -->","yoast_head_json":{"title":"Retour et garantie - Chemical Guys","robots":{"index":"index","follow":"follow","max-snippet":"max-snippet:-1","max-image-preview":"max-image-preview:large","max-video-preview":"max-video-preview:-1"},"canonical":"https:\/\/chemicalguys.cleaning\/fr\/retour-et-garantie\/","og_locale":"fr_FR","og_type":"article","og_title":"Retour et garantie - Chemical Guys","og_description":"Retour et garantieVous disposez d'un d\u00e9lai de r\u00e9tractation de 14 jours pour retourner le produit sans justification, \u00e0 compter du jour de r\u00e9ception du produit. Le produit ne peut \u00eatre retourn\u00e9 que non utilis\u00e9 et, si possible, dans son emballage d'origine. Les frais de retour sont \u00e0 votre charge pour le retour de la commande. [&hellip;]","og_url":"https:\/\/chemicalguys.cleaning\/fr\/retour-et-garantie\/","og_site_name":"Chemical Guys","article_publisher":"https:\/\/www.facebook.com\/people\/Chemical-Guys-NL\/61576258888707\/","article_modified_time":"2023-04-17T12:06:02+00:00","twitter_card":"summary_large_image","twitter_misc":{"Dur\u00e9e de lecture estim\u00e9e":"6 minutes"},"schema":{"@context":"https:\/\/schema.org","@graph":[{"@type":"WebPage","@id":"https:\/\/chemicalguys.cleaning\/fr\/retour-et-garantie\/","url":"https:\/\/chemicalguys.cleaning\/fr\/retour-et-garantie\/","name":"Retour et garantie - Chemical Guys","isPartOf":{"@id":"https:\/\/chemicalguys.cleaning\/fr\/#website"},"datePublished":"2020-05-08T07:15:16+00:00","dateModified":"2023-04-17T12:06:02+00:00","breadcrumb":{"@id":"https:\/\/chemicalguys.cleaning\/fr\/retour-et-garantie\/#breadcrumb"},"inLanguage":"fr-FR","potentialAction":[{"@type":"ReadAction","target":["https:\/\/chemicalguys.cleaning\/fr\/retour-et-garantie\/"]}]},{"@type":"BreadcrumbList","@id":"https:\/\/chemicalguys.cleaning\/fr\/retour-et-garantie\/#breadcrumb","itemListElement":[{"@type":"ListItem","position":1,"name":"Home","item":"https:\/\/chemicalguys.cleaning\/fr\/"},{"@type":"ListItem","position":2,"name":"Retour et garantie"}]},{"@type":"WebSite","@id":"https:\/\/chemicalguys.cleaning\/fr\/#website","url":"https:\/\/chemicalguys.cleaning\/fr\/","name":"Chemical Guys","description":"Reinigings- en verzorgingsproducten","publisher":{"@id":"https:\/\/chemicalguys.cleaning\/fr\/#organization"},"potentialAction":[{"@type":"SearchAction","target":{"@type":"EntryPoint","urlTemplate":"https:\/\/chemicalguys.cleaning\/fr\/?s={search_term_string}"},"query-input":{"@type":"PropertyValueSpecification","valueRequired":true,"valueName":"search_term_string"}}],"inLanguage":"fr-FR"},{"@type":"Organization","@id":"https:\/\/chemicalguys.cleaning\/fr\/#organization","name":"chemicalguys.cleaning","url":"https:\/\/chemicalguys.cleaning\/fr\/","logo":{"@type":"ImageObject","inLanguage":"fr-FR","@id":"https:\/\/chemicalguys.cleaning\/fr\/#\/schema\/logo\/image\/","url":"https:\/\/i0.wp.com\/chemicalguys.cleaning\/wp-content\/uploads\/2025\/05\/ChemicalGuys-Logo-Official-Detailed.png?fit=2880%2C2880&ssl=1","contentUrl":"https:\/\/i0.wp.com\/chemicalguys.cleaning\/wp-content\/uploads\/2025\/05\/ChemicalGuys-Logo-Official-Detailed.png?fit=2880%2C2880&ssl=1","width":2880,"height":2880,"caption":"chemicalguys.cleaning"},"image":{"@id":"https:\/\/chemicalguys.cleaning\/fr\/#\/schema\/logo\/image\/"},"sameAs":["https:\/\/www.facebook.com\/people\/Chemical-Guys-NL\/61576258888707\/","https:\/\/www.instagram.com\/chemicalguys_holland\/"]}]}},"jetpack_sharing_enabled":true,"_links":{"self":[{"href":"https:\/\/chemicalguys.cleaning\/fr\/wp-json\/wp\/v2\/pages\/3640","targetHints":{"allow":["GET"]}}],"collection":[{"href":"https:\/\/chemicalguys.cleaning\/fr\/wp-json\/wp\/v2\/pages"}],"about":[{"href":"https:\/\/chemicalguys.cleaning\/fr\/wp-json\/wp\/v2\/types\/page"}],"author":[{"embeddable":true,"href":"https:\/\/chemicalguys.cleaning\/fr\/wp-json\/wp\/v2\/users\/94"}],"replies":[{"embeddable":true,"href":"https:\/\/chemicalguys.cleaning\/fr\/wp-json\/wp\/v2\/comments?post=3640"}],"version-history":[{"count":0,"href":"https:\/\/chemicalguys.cleaning\/fr\/wp-json\/wp\/v2\/pages\/3640\/revisions"}],"wp:attachment":[{"href":"https:\/\/chemicalguys.cleaning\/fr\/wp-json\/wp\/v2\/media?parent=3640"}],"curies":[{"name":"wp","href":"https:\/\/api.w.org\/{rel}","templated":true}]}}