{"id":9279,"date":"2025-05-28T15:42:51","date_gmt":"2025-05-28T13:42:51","guid":{"rendered":"https:\/\/chemicalguys.cleaning\/product\/unkategorisiert\/chemical-guys-hydrosuds-ceramic-car-wash-soap-473ml\/"},"modified":"2025-05-30T08:40:56","modified_gmt":"2025-05-30T06:40:56","slug":"chemical-guys-hydrosuds-ceramic-car-wash-soap-473ml","status":"publish","type":"product","link":"https:\/\/chemicalguys.cleaning\/de\/produkt\/waschen\/shampoos-de\/chemical-guys-hydrosuds-ceramic-car-wash-soap-473ml\/","title":{"rendered":"Chemical Guys HydroSuds Ceramic Car Wash Soap (473ml)"},"content":{"rendered":"<p>HydroSuds Ceramic Car Wash Soap wurde entwickelt um Ihre Reinigungsroutine zu perfektionieren. Dieses leistungsstarke Shampoo ist mit Nano-SiO2 (dem Hauptbestandteil von Keramikversiegelungen) angereichert und sorgt f\u00fcr verbesserten Schutz und Glanz. Sparen Sie Zeit, indem Sie Ihr Auto in einem Schritt waschen und sch\u00fctzen, und verl\u00e4ngern Sie gleichzeitig die Lebensdauer der bestehenden Keramikversiegelung. Wenn Ihr Auto noch nicht mit einer Keramikversiegelung versehen ist, bietet HydroSuds zus\u00e4tzlichen wasserabweisenden Schutz. <\/p>\n<p>&#8211; Von unseren Shampoos ist HydroSuds speziell formuliert, um SiO2-Schutz und ein gl\u00e4nzendes Finish zu bieten: sicher f\u00fcr Keramikversiegelungen<br \/>&#8211; Stark sch\u00e4umender Reiniger, der sicher f\u00fcr Autos mit Keramikversiegelungen ist<br \/>&#8211; Angereichert mit Nano-SiO2 f\u00fcr zus\u00e4tzlichen Schutz und Glanz<br \/>&#8211; SiO2 ist der Hauptbestandteil von Keramikversiegelungen, sodass HydroSuds Ihre Versiegelung durch einfaches Waschen Ihres Autos revitalisiert<br \/>&#8211; Sparen Sie Zeit durch Waschen und Sch\u00fctzen in einem Schritt<br \/>&#8211; Verl\u00e4ngert die Lebensdauer bestehender Keramikversiegelungen und bietet hydrophoben Schutz f\u00fcr Fahrzeuge ohne Keramikversiegelung<\/p>\n<span class=\"et_bloom_bottom_trigger\"><\/span>","protected":false},"excerpt":{"rendered":"<p>Chemical Guys HydroSuds Ceramic Car Wash Soap (473ml)<\/p>\n","protected":false},"featured_media":8904,"comment_status":"closed","ping_status":"closed","template":"","meta":{"_et_pb_use_builder":"","_et_pb_old_content":"","_et_gb_content_width":""},"product_brand":[],"product_cat":[373,134,427,138],"product_tag":[510],"class_list":{"0":"post-9279","1":"product","2":"type-product","3":"status-publish","4":"has-post-thumbnail","6":"product_cat-keramisches-wachs","7":"product_cat-reinigungswerkzeuge","8":"product_cat-shampoos-de","9":"product_cat-waschen","10":"product_tag-chemical-guys-4","11":"pa_farbe-violett","12":"pa_materiaal-flussigkeit","13":"pa_material-flussigkeit","15":"first","16":"instock","17":"taxable","18":"shipping-taxable","19":"purchasable","20":"product-type-simple"},"yoast_head":"<!-- This site is optimized with the Yoast SEO plugin v27.4 - https:\/\/yoast.com\/product\/yoast-seo-wordpress\/ -->\n<title>Chemical Guys HydroSuds Ceramic Car Wash Soap (473ml) - Chemical Guys<\/title>\n<meta name=\"robots\" content=\"index, follow, max-snippet:-1, max-image-preview:large, max-video-preview:-1\" \/>\n<link rel=\"canonical\" href=\"https:\/\/chemicalguys.cleaning\/de\/produkt\/waschen\/shampoos-de\/chemical-guys-hydrosuds-ceramic-car-wash-soap-473ml\/\" \/>\n<meta property=\"og:locale\" content=\"de_DE\" \/>\n<meta property=\"og:type\" content=\"article\" \/>\n<meta property=\"og:title\" content=\"Chemical Guys HydroSuds Ceramic Car Wash Soap (473ml) - Chemical Guys\" \/>\n<meta property=\"og:description\" content=\"Chemical Guys HydroSuds Ceramic Car Wash Soap (473ml)\" \/>\n<meta property=\"og:url\" content=\"https:\/\/chemicalguys.cleaning\/de\/produkt\/waschen\/shampoos-de\/chemical-guys-hydrosuds-ceramic-car-wash-soap-473ml\/\" \/>\n<meta property=\"og:site_name\" content=\"Chemical Guys\" \/>\n<meta property=\"article:publisher\" content=\"https:\/\/www.facebook.com\/people\/Chemical-Guys-NL\/61576258888707\/\" \/>\n<meta property=\"article:modified_time\" content=\"2025-05-30T06:40:56+00:00\" \/>\n<meta property=\"og:image\" content=\"https:\/\/chemicalguys.cleaning\/wp-content\/uploads\/2025\/05\/a2554c4c-4350-40f1-98d3-f97703ed968a-CG_CWS21216_1.jpg\" \/>\n\t<meta property=\"og:image:width\" content=\"800\" \/>\n\t<meta property=\"og:image:height\" content=\"800\" \/>\n\t<meta property=\"og:image:type\" content=\"image\/webp\" \/>\n<meta name=\"twitter:card\" content=\"summary_large_image\" \/>\n<meta name=\"twitter:label1\" content=\"Gesch\u00e4tzte Lesezeit\" \/>\n\t<meta name=\"twitter:data1\" content=\"1\u00a0Minute\" \/>\n<script type=\"application\/ld+json\" class=\"yoast-schema-graph\">{\"@context\":\"https:\\\/\\\/schema.org\",\"@graph\":[{\"@type\":\"WebPage\",\"@id\":\"https:\\\/\\\/chemicalguys.cleaning\\\/de\\\/produkt\\\/waschen\\\/shampoos-de\\\/chemical-guys-hydrosuds-ceramic-car-wash-soap-473ml\\\/\",\"url\":\"https:\\\/\\\/chemicalguys.cleaning\\\/de\\\/produkt\\\/waschen\\\/shampoos-de\\\/chemical-guys-hydrosuds-ceramic-car-wash-soap-473ml\\\/\",\"name\":\"Chemical Guys HydroSuds Ceramic Car Wash Soap (473ml) - Chemical Guys\",\"isPartOf\":{\"@id\":\"https:\\\/\\\/chemicalguys.cleaning\\\/de\\\/#website\"},\"primaryImageOfPage\":{\"@id\":\"https:\\\/\\\/chemicalguys.cleaning\\\/de\\\/produkt\\\/waschen\\\/shampoos-de\\\/chemical-guys-hydrosuds-ceramic-car-wash-soap-473ml\\\/#primaryimage\"},\"image\":{\"@id\":\"https:\\\/\\\/chemicalguys.cleaning\\\/de\\\/produkt\\\/waschen\\\/shampoos-de\\\/chemical-guys-hydrosuds-ceramic-car-wash-soap-473ml\\\/#primaryimage\"},\"thumbnailUrl\":\"https:\\\/\\\/i0.wp.com\\\/chemicalguys.cleaning\\\/wp-content\\\/uploads\\\/2025\\\/05\\\/a2554c4c-4350-40f1-98d3-f97703ed968a-CG_CWS21216_1.jpg?fit=800%2C800&ssl=1\",\"datePublished\":\"2025-05-28T13:42:51+00:00\",\"dateModified\":\"2025-05-30T06:40:56+00:00\",\"breadcrumb\":{\"@id\":\"https:\\\/\\\/chemicalguys.cleaning\\\/de\\\/produkt\\\/waschen\\\/shampoos-de\\\/chemical-guys-hydrosuds-ceramic-car-wash-soap-473ml\\\/#breadcrumb\"},\"inLanguage\":\"de\",\"potentialAction\":[{\"@type\":\"ReadAction\",\"target\":[\"https:\\\/\\\/chemicalguys.cleaning\\\/de\\\/produkt\\\/waschen\\\/shampoos-de\\\/chemical-guys-hydrosuds-ceramic-car-wash-soap-473ml\\\/\"]}]},{\"@type\":\"ImageObject\",\"inLanguage\":\"de\",\"@id\":\"https:\\\/\\\/chemicalguys.cleaning\\\/de\\\/produkt\\\/waschen\\\/shampoos-de\\\/chemical-guys-hydrosuds-ceramic-car-wash-soap-473ml\\\/#primaryimage\",\"url\":\"https:\\\/\\\/i0.wp.com\\\/chemicalguys.cleaning\\\/wp-content\\\/uploads\\\/2025\\\/05\\\/a2554c4c-4350-40f1-98d3-f97703ed968a-CG_CWS21216_1.jpg?fit=800%2C800&ssl=1\",\"contentUrl\":\"https:\\\/\\\/i0.wp.com\\\/chemicalguys.cleaning\\\/wp-content\\\/uploads\\\/2025\\\/05\\\/a2554c4c-4350-40f1-98d3-f97703ed968a-CG_CWS21216_1.jpg?fit=800%2C800&ssl=1\",\"width\":800,\"height\":800},{\"@type\":\"BreadcrumbList\",\"@id\":\"https:\\\/\\\/chemicalguys.cleaning\\\/de\\\/produkt\\\/waschen\\\/shampoos-de\\\/chemical-guys-hydrosuds-ceramic-car-wash-soap-473ml\\\/#breadcrumb\",\"itemListElement\":[{\"@type\":\"ListItem\",\"position\":1,\"name\":\"Home\",\"item\":\"https:\\\/\\\/chemicalguys.cleaning\\\/de\\\/\"},{\"@type\":\"ListItem\",\"position\":2,\"name\":\"Shop\",\"item\":\"https:\\\/\\\/chemicalguys.cleaning\\\/winkel\\\/\"},{\"@type\":\"ListItem\",\"position\":3,\"name\":\"Chemical Guys HydroSuds Ceramic Car Wash Soap (473ml)\"}]},{\"@type\":\"WebSite\",\"@id\":\"https:\\\/\\\/chemicalguys.cleaning\\\/de\\\/#website\",\"url\":\"https:\\\/\\\/chemicalguys.cleaning\\\/de\\\/\",\"name\":\"Chemical Guys\",\"description\":\"Reinigings- en verzorgingsproducten\",\"publisher\":{\"@id\":\"https:\\\/\\\/chemicalguys.cleaning\\\/de\\\/#organization\"},\"potentialAction\":[{\"@type\":\"SearchAction\",\"target\":{\"@type\":\"EntryPoint\",\"urlTemplate\":\"https:\\\/\\\/chemicalguys.cleaning\\\/de\\\/?s={search_term_string}\"},\"query-input\":{\"@type\":\"PropertyValueSpecification\",\"valueRequired\":true,\"valueName\":\"search_term_string\"}}],\"inLanguage\":\"de\"},{\"@type\":\"Organization\",\"@id\":\"https:\\\/\\\/chemicalguys.cleaning\\\/de\\\/#organization\",\"name\":\"chemicalguys.cleaning\",\"url\":\"https:\\\/\\\/chemicalguys.cleaning\\\/de\\\/\",\"logo\":{\"@type\":\"ImageObject\",\"inLanguage\":\"de\",\"@id\":\"https:\\\/\\\/chemicalguys.cleaning\\\/de\\\/#\\\/schema\\\/logo\\\/image\\\/\",\"url\":\"https:\\\/\\\/i0.wp.com\\\/chemicalguys.cleaning\\\/wp-content\\\/uploads\\\/2025\\\/05\\\/ChemicalGuys-Logo-Official-Detailed.png?fit=2880%2C2880&ssl=1\",\"contentUrl\":\"https:\\\/\\\/i0.wp.com\\\/chemicalguys.cleaning\\\/wp-content\\\/uploads\\\/2025\\\/05\\\/ChemicalGuys-Logo-Official-Detailed.png?fit=2880%2C2880&ssl=1\",\"width\":2880,\"height\":2880,\"caption\":\"chemicalguys.cleaning\"},\"image\":{\"@id\":\"https:\\\/\\\/chemicalguys.cleaning\\\/de\\\/#\\\/schema\\\/logo\\\/image\\\/\"},\"sameAs\":[\"https:\\\/\\\/www.facebook.com\\\/people\\\/Chemical-Guys-NL\\\/61576258888707\\\/\",\"https:\\\/\\\/www.instagram.com\\\/chemicalguys_holland\\\/\"]}]}<\/script>\n<!-- \/ Yoast SEO plugin. -->","yoast_head_json":{"title":"Chemical Guys HydroSuds Ceramic Car Wash Soap (473ml) - Chemical Guys","robots":{"index":"index","follow":"follow","max-snippet":"max-snippet:-1","max-image-preview":"max-image-preview:large","max-video-preview":"max-video-preview:-1"},"canonical":"https:\/\/chemicalguys.cleaning\/de\/produkt\/waschen\/shampoos-de\/chemical-guys-hydrosuds-ceramic-car-wash-soap-473ml\/","og_locale":"de_DE","og_type":"article","og_title":"Chemical Guys HydroSuds Ceramic Car Wash Soap (473ml) - Chemical Guys","og_description":"Chemical Guys HydroSuds Ceramic Car Wash Soap (473ml)","og_url":"https:\/\/chemicalguys.cleaning\/de\/produkt\/waschen\/shampoos-de\/chemical-guys-hydrosuds-ceramic-car-wash-soap-473ml\/","og_site_name":"Chemical Guys","article_publisher":"https:\/\/www.facebook.com\/people\/Chemical-Guys-NL\/61576258888707\/","article_modified_time":"2025-05-30T06:40:56+00:00","og_image":[{"width":800,"height":800,"url":"https:\/\/chemicalguys.cleaning\/wp-content\/uploads\/2025\/05\/a2554c4c-4350-40f1-98d3-f97703ed968a-CG_CWS21216_1.jpg","type":"image\/webp"}],"twitter_card":"summary_large_image","twitter_misc":{"Gesch\u00e4tzte Lesezeit":"1\u00a0Minute"},"schema":{"@context":"https:\/\/schema.org","@graph":[{"@type":"WebPage","@id":"https:\/\/chemicalguys.cleaning\/de\/produkt\/waschen\/shampoos-de\/chemical-guys-hydrosuds-ceramic-car-wash-soap-473ml\/","url":"https:\/\/chemicalguys.cleaning\/de\/produkt\/waschen\/shampoos-de\/chemical-guys-hydrosuds-ceramic-car-wash-soap-473ml\/","name":"Chemical Guys HydroSuds Ceramic Car Wash Soap (473ml) - Chemical Guys","isPartOf":{"@id":"https:\/\/chemicalguys.cleaning\/de\/#website"},"primaryImageOfPage":{"@id":"https:\/\/chemicalguys.cleaning\/de\/produkt\/waschen\/shampoos-de\/chemical-guys-hydrosuds-ceramic-car-wash-soap-473ml\/#primaryimage"},"image":{"@id":"https:\/\/chemicalguys.cleaning\/de\/produkt\/waschen\/shampoos-de\/chemical-guys-hydrosuds-ceramic-car-wash-soap-473ml\/#primaryimage"},"thumbnailUrl":"https:\/\/i0.wp.com\/chemicalguys.cleaning\/wp-content\/uploads\/2025\/05\/a2554c4c-4350-40f1-98d3-f97703ed968a-CG_CWS21216_1.jpg?fit=800%2C800&ssl=1","datePublished":"2025-05-28T13:42:51+00:00","dateModified":"2025-05-30T06:40:56+00:00","breadcrumb":{"@id":"https:\/\/chemicalguys.cleaning\/de\/produkt\/waschen\/shampoos-de\/chemical-guys-hydrosuds-ceramic-car-wash-soap-473ml\/#breadcrumb"},"inLanguage":"de","potentialAction":[{"@type":"ReadAction","target":["https:\/\/chemicalguys.cleaning\/de\/produkt\/waschen\/shampoos-de\/chemical-guys-hydrosuds-ceramic-car-wash-soap-473ml\/"]}]},{"@type":"ImageObject","inLanguage":"de","@id":"https:\/\/chemicalguys.cleaning\/de\/produkt\/waschen\/shampoos-de\/chemical-guys-hydrosuds-ceramic-car-wash-soap-473ml\/#primaryimage","url":"https:\/\/i0.wp.com\/chemicalguys.cleaning\/wp-content\/uploads\/2025\/05\/a2554c4c-4350-40f1-98d3-f97703ed968a-CG_CWS21216_1.jpg?fit=800%2C800&ssl=1","contentUrl":"https:\/\/i0.wp.com\/chemicalguys.cleaning\/wp-content\/uploads\/2025\/05\/a2554c4c-4350-40f1-98d3-f97703ed968a-CG_CWS21216_1.jpg?fit=800%2C800&ssl=1","width":800,"height":800},{"@type":"BreadcrumbList","@id":"https:\/\/chemicalguys.cleaning\/de\/produkt\/waschen\/shampoos-de\/chemical-guys-hydrosuds-ceramic-car-wash-soap-473ml\/#breadcrumb","itemListElement":[{"@type":"ListItem","position":1,"name":"Home","item":"https:\/\/chemicalguys.cleaning\/de\/"},{"@type":"ListItem","position":2,"name":"Shop","item":"https:\/\/chemicalguys.cleaning\/winkel\/"},{"@type":"ListItem","position":3,"name":"Chemical Guys HydroSuds Ceramic Car Wash Soap (473ml)"}]},{"@type":"WebSite","@id":"https:\/\/chemicalguys.cleaning\/de\/#website","url":"https:\/\/chemicalguys.cleaning\/de\/","name":"Chemical Guys","description":"Reinigings- en verzorgingsproducten","publisher":{"@id":"https:\/\/chemicalguys.cleaning\/de\/#organization"},"potentialAction":[{"@type":"SearchAction","target":{"@type":"EntryPoint","urlTemplate":"https:\/\/chemicalguys.cleaning\/de\/?s={search_term_string}"},"query-input":{"@type":"PropertyValueSpecification","valueRequired":true,"valueName":"search_term_string"}}],"inLanguage":"de"},{"@type":"Organization","@id":"https:\/\/chemicalguys.cleaning\/de\/#organization","name":"chemicalguys.cleaning","url":"https:\/\/chemicalguys.cleaning\/de\/","logo":{"@type":"ImageObject","inLanguage":"de","@id":"https:\/\/chemicalguys.cleaning\/de\/#\/schema\/logo\/image\/","url":"https:\/\/i0.wp.com\/chemicalguys.cleaning\/wp-content\/uploads\/2025\/05\/ChemicalGuys-Logo-Official-Detailed.png?fit=2880%2C2880&ssl=1","contentUrl":"https:\/\/i0.wp.com\/chemicalguys.cleaning\/wp-content\/uploads\/2025\/05\/ChemicalGuys-Logo-Official-Detailed.png?fit=2880%2C2880&ssl=1","width":2880,"height":2880,"caption":"chemicalguys.cleaning"},"image":{"@id":"https:\/\/chemicalguys.cleaning\/de\/#\/schema\/logo\/image\/"},"sameAs":["https:\/\/www.facebook.com\/people\/Chemical-Guys-NL\/61576258888707\/","https:\/\/www.instagram.com\/chemicalguys_holland\/"]}]}},"jetpack_sharing_enabled":true,"_links":{"self":[{"href":"https:\/\/chemicalguys.cleaning\/de\/wp-json\/wp\/v2\/product\/9279","targetHints":{"allow":["GET"]}}],"collection":[{"href":"https:\/\/chemicalguys.cleaning\/de\/wp-json\/wp\/v2\/product"}],"about":[{"href":"https:\/\/chemicalguys.cleaning\/de\/wp-json\/wp\/v2\/types\/product"}],"replies":[{"embeddable":true,"href":"https:\/\/chemicalguys.cleaning\/de\/wp-json\/wp\/v2\/comments?post=9279"}],"wp:featuredmedia":[{"embeddable":true,"href":"https:\/\/chemicalguys.cleaning\/de\/wp-json\/wp\/v2\/media\/8904"}],"wp:attachment":[{"href":"https:\/\/chemicalguys.cleaning\/de\/wp-json\/wp\/v2\/media?parent=9279"}],"wp:term":[{"taxonomy":"product_brand","embeddable":true,"href":"https:\/\/chemicalguys.cleaning\/de\/wp-json\/wp\/v2\/product_brand?post=9279"},{"taxonomy":"product_cat","embeddable":true,"href":"https:\/\/chemicalguys.cleaning\/de\/wp-json\/wp\/v2\/product_cat?post=9279"},{"taxonomy":"product_tag","embeddable":true,"href":"https:\/\/chemicalguys.cleaning\/de\/wp-json\/wp\/v2\/product_tag?post=9279"}],"curies":[{"name":"wp","href":"https:\/\/api.w.org\/{rel}","templated":true}]}}