{"id":9267,"date":"2025-05-28T15:37:27","date_gmt":"2025-05-28T13:37:27","guid":{"rendered":"https:\/\/chemicalguys.cleaning\/product\/unkategorisiert\/chemical-guys-carpet-brush-with-drill-attachment-light-duty\/"},"modified":"2025-05-30T08:39:41","modified_gmt":"2025-05-30T06:39:41","slug":"chemical-guys-carpet-brush-with-drill-attachment-light-duty","status":"publish","type":"product","link":"https:\/\/chemicalguys.cleaning\/de\/produkt\/innenraum\/teppich-polsterreiniger\/chemical-guys-carpet-brush-with-drill-attachment-light-duty\/","title":{"rendered":"Chemical Guys Carpet Brush With Drill Attachment (Light Duty)"},"content":{"rendered":"<p>Die Light Duty Spinner Multi-Surface Drill Brush ist eine extra-weiche B\u00fcrste, die an Ihrer Bohrmaschine befestigt wird. Lassen Sie die B\u00fcrste die ganze Arbeit f\u00fcr Sie machen: Sie entfernt leichte bis mittelschwere Flecken und reinigt sanft Polster und Stoffe.<\/p>\n<p>&#8211; Extra weiche, strapazierf\u00e4hige graue Borsten entfernen m\u00fchelos leichte bis mittlere Flecken<br \/>&#8211; Sparen Sie Zeit, indem Sie Ihre Bohrmaschine die ganze Arbeit f\u00fcr Sie erledigen lassen<br \/>&#8211; Reinigen Sie Polster, Stoffe, Sitze und vieles mehr<br \/>&#8211; Leichte Nylonborsten dringen tief in die Fasern ein<br \/>&#8211; Entfernt schonend tiefsitzende Flecken und Schmutz<\/p>\n<span class=\"et_bloom_bottom_trigger\"><\/span>","protected":false},"excerpt":{"rendered":"<p>Chemical Guys Carpet Brush With Drill Attachment (Light Duty)<\/p>\n","protected":false},"featured_media":8636,"comment_status":"closed","ping_status":"closed","template":"","meta":{"_et_pb_use_builder":"","_et_pb_old_content":"","_et_gb_content_width":""},"product_brand":[],"product_cat":[352,367],"product_tag":[510],"class_list":{"0":"post-9267","1":"product","2":"type-product","3":"status-publish","4":"has-post-thumbnail","6":"product_cat-innenraum","7":"product_cat-teppich-polsterreiniger","8":"product_tag-chemical-guys-4","9":"pa_farbe-schwarz","10":"pa_kleur-schwarz","11":"pa_materiaal-kunststoff","12":"pa_material-kunststoff","14":"first","15":"onbackorder","16":"taxable","17":"shipping-taxable","18":"purchasable","19":"product-type-simple"},"yoast_head":"<!-- This site is optimized with the Yoast SEO plugin v27.3 - https:\/\/yoast.com\/product\/yoast-seo-wordpress\/ -->\n<title>Chemical Guys Carpet Brush With Drill Attachment (Light Duty) - Chemical Guys<\/title>\n<meta name=\"robots\" content=\"index, follow, max-snippet:-1, max-image-preview:large, max-video-preview:-1\" \/>\n<link rel=\"canonical\" href=\"https:\/\/chemicalguys.cleaning\/de\/produkt\/innenraum\/teppich-polsterreiniger\/chemical-guys-carpet-brush-with-drill-attachment-light-duty\/\" \/>\n<meta property=\"og:locale\" content=\"de_DE\" \/>\n<meta property=\"og:type\" content=\"article\" \/>\n<meta property=\"og:title\" content=\"Chemical Guys Carpet Brush With Drill Attachment (Light Duty) - Chemical Guys\" \/>\n<meta property=\"og:description\" content=\"Chemical Guys Carpet Brush With Drill Attachment (Light Duty)\" \/>\n<meta property=\"og:url\" content=\"https:\/\/chemicalguys.cleaning\/de\/produkt\/innenraum\/teppich-polsterreiniger\/chemical-guys-carpet-brush-with-drill-attachment-light-duty\/\" \/>\n<meta property=\"og:site_name\" content=\"Chemical Guys\" \/>\n<meta property=\"article:publisher\" content=\"https:\/\/www.facebook.com\/people\/Chemical-Guys-NL\/61576258888707\/\" \/>\n<meta property=\"article:modified_time\" content=\"2025-05-30T06:39:41+00:00\" \/>\n<meta property=\"og:image\" content=\"https:\/\/chemicalguys.cleaning\/wp-content\/uploads\/2025\/05\/0e9fcdcc-e8fe-49a7-9355-00528c63c057-CG_ACC506_1.jpg\" \/>\n\t<meta property=\"og:image:width\" content=\"800\" \/>\n\t<meta property=\"og:image:height\" content=\"800\" \/>\n\t<meta property=\"og:image:type\" content=\"image\/webp\" \/>\n<meta name=\"twitter:card\" content=\"summary_large_image\" \/>\n<script type=\"application\/ld+json\" class=\"yoast-schema-graph\">{\"@context\":\"https:\\\/\\\/schema.org\",\"@graph\":[{\"@type\":\"WebPage\",\"@id\":\"https:\\\/\\\/chemicalguys.cleaning\\\/de\\\/produkt\\\/innenraum\\\/teppich-polsterreiniger\\\/chemical-guys-carpet-brush-with-drill-attachment-light-duty\\\/\",\"url\":\"https:\\\/\\\/chemicalguys.cleaning\\\/de\\\/produkt\\\/innenraum\\\/teppich-polsterreiniger\\\/chemical-guys-carpet-brush-with-drill-attachment-light-duty\\\/\",\"name\":\"Chemical Guys Carpet Brush With Drill Attachment (Light Duty) - Chemical Guys\",\"isPartOf\":{\"@id\":\"https:\\\/\\\/chemicalguys.cleaning\\\/de\\\/#website\"},\"primaryImageOfPage\":{\"@id\":\"https:\\\/\\\/chemicalguys.cleaning\\\/de\\\/produkt\\\/innenraum\\\/teppich-polsterreiniger\\\/chemical-guys-carpet-brush-with-drill-attachment-light-duty\\\/#primaryimage\"},\"image\":{\"@id\":\"https:\\\/\\\/chemicalguys.cleaning\\\/de\\\/produkt\\\/innenraum\\\/teppich-polsterreiniger\\\/chemical-guys-carpet-brush-with-drill-attachment-light-duty\\\/#primaryimage\"},\"thumbnailUrl\":\"https:\\\/\\\/i0.wp.com\\\/chemicalguys.cleaning\\\/wp-content\\\/uploads\\\/2025\\\/05\\\/0e9fcdcc-e8fe-49a7-9355-00528c63c057-CG_ACC506_1.jpg?fit=800%2C800&ssl=1\",\"datePublished\":\"2025-05-28T13:37:27+00:00\",\"dateModified\":\"2025-05-30T06:39:41+00:00\",\"breadcrumb\":{\"@id\":\"https:\\\/\\\/chemicalguys.cleaning\\\/de\\\/produkt\\\/innenraum\\\/teppich-polsterreiniger\\\/chemical-guys-carpet-brush-with-drill-attachment-light-duty\\\/#breadcrumb\"},\"inLanguage\":\"de\",\"potentialAction\":[{\"@type\":\"ReadAction\",\"target\":[\"https:\\\/\\\/chemicalguys.cleaning\\\/de\\\/produkt\\\/innenraum\\\/teppich-polsterreiniger\\\/chemical-guys-carpet-brush-with-drill-attachment-light-duty\\\/\"]}]},{\"@type\":\"ImageObject\",\"inLanguage\":\"de\",\"@id\":\"https:\\\/\\\/chemicalguys.cleaning\\\/de\\\/produkt\\\/innenraum\\\/teppich-polsterreiniger\\\/chemical-guys-carpet-brush-with-drill-attachment-light-duty\\\/#primaryimage\",\"url\":\"https:\\\/\\\/i0.wp.com\\\/chemicalguys.cleaning\\\/wp-content\\\/uploads\\\/2025\\\/05\\\/0e9fcdcc-e8fe-49a7-9355-00528c63c057-CG_ACC506_1.jpg?fit=800%2C800&ssl=1\",\"contentUrl\":\"https:\\\/\\\/i0.wp.com\\\/chemicalguys.cleaning\\\/wp-content\\\/uploads\\\/2025\\\/05\\\/0e9fcdcc-e8fe-49a7-9355-00528c63c057-CG_ACC506_1.jpg?fit=800%2C800&ssl=1\",\"width\":800,\"height\":800},{\"@type\":\"BreadcrumbList\",\"@id\":\"https:\\\/\\\/chemicalguys.cleaning\\\/de\\\/produkt\\\/innenraum\\\/teppich-polsterreiniger\\\/chemical-guys-carpet-brush-with-drill-attachment-light-duty\\\/#breadcrumb\",\"itemListElement\":[{\"@type\":\"ListItem\",\"position\":1,\"name\":\"Home\",\"item\":\"https:\\\/\\\/chemicalguys.cleaning\\\/de\\\/\"},{\"@type\":\"ListItem\",\"position\":2,\"name\":\"Shop\",\"item\":\"https:\\\/\\\/chemicalguys.cleaning\\\/winkel\\\/\"},{\"@type\":\"ListItem\",\"position\":3,\"name\":\"Chemical Guys Carpet Brush With Drill Attachment (Light Duty)\"}]},{\"@type\":\"WebSite\",\"@id\":\"https:\\\/\\\/chemicalguys.cleaning\\\/de\\\/#website\",\"url\":\"https:\\\/\\\/chemicalguys.cleaning\\\/de\\\/\",\"name\":\"Chemical Guys\",\"description\":\"Reinigings- en verzorgingsproducten\",\"publisher\":{\"@id\":\"https:\\\/\\\/chemicalguys.cleaning\\\/de\\\/#organization\"},\"potentialAction\":[{\"@type\":\"SearchAction\",\"target\":{\"@type\":\"EntryPoint\",\"urlTemplate\":\"https:\\\/\\\/chemicalguys.cleaning\\\/de\\\/?s={search_term_string}\"},\"query-input\":{\"@type\":\"PropertyValueSpecification\",\"valueRequired\":true,\"valueName\":\"search_term_string\"}}],\"inLanguage\":\"de\"},{\"@type\":\"Organization\",\"@id\":\"https:\\\/\\\/chemicalguys.cleaning\\\/de\\\/#organization\",\"name\":\"chemicalguys.cleaning\",\"url\":\"https:\\\/\\\/chemicalguys.cleaning\\\/de\\\/\",\"logo\":{\"@type\":\"ImageObject\",\"inLanguage\":\"de\",\"@id\":\"https:\\\/\\\/chemicalguys.cleaning\\\/de\\\/#\\\/schema\\\/logo\\\/image\\\/\",\"url\":\"https:\\\/\\\/i0.wp.com\\\/chemicalguys.cleaning\\\/wp-content\\\/uploads\\\/2025\\\/05\\\/ChemicalGuys-Logo-Official-Detailed.png?fit=2880%2C2880&ssl=1\",\"contentUrl\":\"https:\\\/\\\/i0.wp.com\\\/chemicalguys.cleaning\\\/wp-content\\\/uploads\\\/2025\\\/05\\\/ChemicalGuys-Logo-Official-Detailed.png?fit=2880%2C2880&ssl=1\",\"width\":2880,\"height\":2880,\"caption\":\"chemicalguys.cleaning\"},\"image\":{\"@id\":\"https:\\\/\\\/chemicalguys.cleaning\\\/de\\\/#\\\/schema\\\/logo\\\/image\\\/\"},\"sameAs\":[\"https:\\\/\\\/www.facebook.com\\\/people\\\/Chemical-Guys-NL\\\/61576258888707\\\/\",\"https:\\\/\\\/www.instagram.com\\\/chemicalguys_holland\\\/\"]}]}<\/script>\n<!-- \/ Yoast SEO plugin. -->","yoast_head_json":{"title":"Chemical Guys Carpet Brush With Drill Attachment (Light Duty) - Chemical Guys","robots":{"index":"index","follow":"follow","max-snippet":"max-snippet:-1","max-image-preview":"max-image-preview:large","max-video-preview":"max-video-preview:-1"},"canonical":"https:\/\/chemicalguys.cleaning\/de\/produkt\/innenraum\/teppich-polsterreiniger\/chemical-guys-carpet-brush-with-drill-attachment-light-duty\/","og_locale":"de_DE","og_type":"article","og_title":"Chemical Guys Carpet Brush With Drill Attachment (Light Duty) - Chemical Guys","og_description":"Chemical Guys Carpet Brush With Drill Attachment (Light Duty)","og_url":"https:\/\/chemicalguys.cleaning\/de\/produkt\/innenraum\/teppich-polsterreiniger\/chemical-guys-carpet-brush-with-drill-attachment-light-duty\/","og_site_name":"Chemical Guys","article_publisher":"https:\/\/www.facebook.com\/people\/Chemical-Guys-NL\/61576258888707\/","article_modified_time":"2025-05-30T06:39:41+00:00","og_image":[{"width":800,"height":800,"url":"https:\/\/chemicalguys.cleaning\/wp-content\/uploads\/2025\/05\/0e9fcdcc-e8fe-49a7-9355-00528c63c057-CG_ACC506_1.jpg","type":"image\/webp"}],"twitter_card":"summary_large_image","schema":{"@context":"https:\/\/schema.org","@graph":[{"@type":"WebPage","@id":"https:\/\/chemicalguys.cleaning\/de\/produkt\/innenraum\/teppich-polsterreiniger\/chemical-guys-carpet-brush-with-drill-attachment-light-duty\/","url":"https:\/\/chemicalguys.cleaning\/de\/produkt\/innenraum\/teppich-polsterreiniger\/chemical-guys-carpet-brush-with-drill-attachment-light-duty\/","name":"Chemical Guys Carpet Brush With Drill Attachment (Light Duty) - Chemical Guys","isPartOf":{"@id":"https:\/\/chemicalguys.cleaning\/de\/#website"},"primaryImageOfPage":{"@id":"https:\/\/chemicalguys.cleaning\/de\/produkt\/innenraum\/teppich-polsterreiniger\/chemical-guys-carpet-brush-with-drill-attachment-light-duty\/#primaryimage"},"image":{"@id":"https:\/\/chemicalguys.cleaning\/de\/produkt\/innenraum\/teppich-polsterreiniger\/chemical-guys-carpet-brush-with-drill-attachment-light-duty\/#primaryimage"},"thumbnailUrl":"https:\/\/i0.wp.com\/chemicalguys.cleaning\/wp-content\/uploads\/2025\/05\/0e9fcdcc-e8fe-49a7-9355-00528c63c057-CG_ACC506_1.jpg?fit=800%2C800&ssl=1","datePublished":"2025-05-28T13:37:27+00:00","dateModified":"2025-05-30T06:39:41+00:00","breadcrumb":{"@id":"https:\/\/chemicalguys.cleaning\/de\/produkt\/innenraum\/teppich-polsterreiniger\/chemical-guys-carpet-brush-with-drill-attachment-light-duty\/#breadcrumb"},"inLanguage":"de","potentialAction":[{"@type":"ReadAction","target":["https:\/\/chemicalguys.cleaning\/de\/produkt\/innenraum\/teppich-polsterreiniger\/chemical-guys-carpet-brush-with-drill-attachment-light-duty\/"]}]},{"@type":"ImageObject","inLanguage":"de","@id":"https:\/\/chemicalguys.cleaning\/de\/produkt\/innenraum\/teppich-polsterreiniger\/chemical-guys-carpet-brush-with-drill-attachment-light-duty\/#primaryimage","url":"https:\/\/i0.wp.com\/chemicalguys.cleaning\/wp-content\/uploads\/2025\/05\/0e9fcdcc-e8fe-49a7-9355-00528c63c057-CG_ACC506_1.jpg?fit=800%2C800&ssl=1","contentUrl":"https:\/\/i0.wp.com\/chemicalguys.cleaning\/wp-content\/uploads\/2025\/05\/0e9fcdcc-e8fe-49a7-9355-00528c63c057-CG_ACC506_1.jpg?fit=800%2C800&ssl=1","width":800,"height":800},{"@type":"BreadcrumbList","@id":"https:\/\/chemicalguys.cleaning\/de\/produkt\/innenraum\/teppich-polsterreiniger\/chemical-guys-carpet-brush-with-drill-attachment-light-duty\/#breadcrumb","itemListElement":[{"@type":"ListItem","position":1,"name":"Home","item":"https:\/\/chemicalguys.cleaning\/de\/"},{"@type":"ListItem","position":2,"name":"Shop","item":"https:\/\/chemicalguys.cleaning\/winkel\/"},{"@type":"ListItem","position":3,"name":"Chemical Guys Carpet Brush With Drill Attachment (Light Duty)"}]},{"@type":"WebSite","@id":"https:\/\/chemicalguys.cleaning\/de\/#website","url":"https:\/\/chemicalguys.cleaning\/de\/","name":"Chemical Guys","description":"Reinigings- en verzorgingsproducten","publisher":{"@id":"https:\/\/chemicalguys.cleaning\/de\/#organization"},"potentialAction":[{"@type":"SearchAction","target":{"@type":"EntryPoint","urlTemplate":"https:\/\/chemicalguys.cleaning\/de\/?s={search_term_string}"},"query-input":{"@type":"PropertyValueSpecification","valueRequired":true,"valueName":"search_term_string"}}],"inLanguage":"de"},{"@type":"Organization","@id":"https:\/\/chemicalguys.cleaning\/de\/#organization","name":"chemicalguys.cleaning","url":"https:\/\/chemicalguys.cleaning\/de\/","logo":{"@type":"ImageObject","inLanguage":"de","@id":"https:\/\/chemicalguys.cleaning\/de\/#\/schema\/logo\/image\/","url":"https:\/\/i0.wp.com\/chemicalguys.cleaning\/wp-content\/uploads\/2025\/05\/ChemicalGuys-Logo-Official-Detailed.png?fit=2880%2C2880&ssl=1","contentUrl":"https:\/\/i0.wp.com\/chemicalguys.cleaning\/wp-content\/uploads\/2025\/05\/ChemicalGuys-Logo-Official-Detailed.png?fit=2880%2C2880&ssl=1","width":2880,"height":2880,"caption":"chemicalguys.cleaning"},"image":{"@id":"https:\/\/chemicalguys.cleaning\/de\/#\/schema\/logo\/image\/"},"sameAs":["https:\/\/www.facebook.com\/people\/Chemical-Guys-NL\/61576258888707\/","https:\/\/www.instagram.com\/chemicalguys_holland\/"]}]}},"jetpack_sharing_enabled":true,"_links":{"self":[{"href":"https:\/\/chemicalguys.cleaning\/de\/wp-json\/wp\/v2\/product\/9267","targetHints":{"allow":["GET"]}}],"collection":[{"href":"https:\/\/chemicalguys.cleaning\/de\/wp-json\/wp\/v2\/product"}],"about":[{"href":"https:\/\/chemicalguys.cleaning\/de\/wp-json\/wp\/v2\/types\/product"}],"replies":[{"embeddable":true,"href":"https:\/\/chemicalguys.cleaning\/de\/wp-json\/wp\/v2\/comments?post=9267"}],"wp:featuredmedia":[{"embeddable":true,"href":"https:\/\/chemicalguys.cleaning\/de\/wp-json\/wp\/v2\/media\/8636"}],"wp:attachment":[{"href":"https:\/\/chemicalguys.cleaning\/de\/wp-json\/wp\/v2\/media?parent=9267"}],"wp:term":[{"taxonomy":"product_brand","embeddable":true,"href":"https:\/\/chemicalguys.cleaning\/de\/wp-json\/wp\/v2\/product_brand?post=9267"},{"taxonomy":"product_cat","embeddable":true,"href":"https:\/\/chemicalguys.cleaning\/de\/wp-json\/wp\/v2\/product_cat?post=9267"},{"taxonomy":"product_tag","embeddable":true,"href":"https:\/\/chemicalguys.cleaning\/de\/wp-json\/wp\/v2\/product_tag?post=9267"}],"curies":[{"name":"wp","href":"https:\/\/api.w.org\/{rel}","templated":true}]}}