{"id":9262,"date":"2025-05-28T15:32:08","date_gmt":"2025-05-28T13:32:08","guid":{"rendered":"https:\/\/chemicalguys.cleaning\/product\/unkategorisiert\/chemical-guys-hydrospeed-ceramic-quick-detailer-473ml\/"},"modified":"2025-05-30T08:39:17","modified_gmt":"2025-05-30T06:39:17","slug":"chemical-guys-hydrospeed-ceramic-quick-detailer-473ml","status":"publish","type":"product","link":"https:\/\/chemicalguys.cleaning\/de\/produkt\/detailer\/chemical-guys-hydrospeed-ceramic-quick-detailer-473ml\/","title":{"rendered":"Chemical Guys HydroSpeed Ceramic Quick Detailer (473ml)"},"content":{"rendered":"<p>Entdecken Sie HydroSpeed: das ultimative Reinigungsspray f\u00fcr Autos, das mit hydrophoben Polymeren und SiO2-Nanopartikeln angereichert ist. Es ist einfach anzuwenden, verleiht Ihrem Fahrzeug ein gl\u00e4nzendes Finish, sch\u00fctzt es vor allen Witterungsbedingungen und sorgt f\u00fcr eine schnelle Wasserabweisung.<\/p>\n<p>&#8211; Erm\u00f6glicht eine schnelle Reinigung zwischen den Autow\u00e4schen f\u00fcr ein gl\u00e4nzendes Finish und dauerhaften Schutz<br \/>&#8211; Verl\u00e4ngert die Lebensdauer vorhandener Keramikversiegelungen<br \/>&#8211; Keine intensive Oberfl\u00e4chenvorbereitung erforderlich<br \/>&#8211; H\u00e4lt Ihr Fahrzeug l\u00e4nger sauber, indem die Anhaftung von Staub und Schmutz reduziert wird <br \/>&#8211; In Sekunden aufgetragen: einfach aufspr\u00fchen und abwischen<br \/>&#8211; Sch\u00fctzt vor UV-Strahlen, extremen Wetterbedingungen und Verunreinigungen<\/p>\n<span class=\"et_bloom_bottom_trigger\"><\/span>","protected":false},"excerpt":{"rendered":"<p>Chemical Guys HydroSpeed Ceramic Quick Detailer (473ml)<\/p>\n","protected":false},"featured_media":8539,"comment_status":"closed","ping_status":"closed","template":"","meta":{"_et_pb_use_builder":"","_et_pb_old_content":"","_et_gb_content_width":""},"product_brand":[],"product_cat":[334],"product_tag":[510],"class_list":{"0":"post-9262","1":"product","2":"type-product","3":"status-publish","4":"has-post-thumbnail","6":"product_cat-detailer","7":"product_tag-chemical-guys-4","8":"pa_farbe-grun","9":"pa_kleur-grun","10":"pa_materiaal-flussigkeit","11":"pa_material-flussigkeit","13":"first","14":"instock","15":"taxable","16":"shipping-taxable","17":"purchasable","18":"product-type-simple"},"yoast_head":"<!-- This site is optimized with the Yoast SEO plugin v27.3 - https:\/\/yoast.com\/product\/yoast-seo-wordpress\/ -->\n<title>Chemical Guys HydroSpeed Ceramic Quick Detailer (473ml) - Chemical Guys<\/title>\n<meta name=\"robots\" content=\"index, follow, max-snippet:-1, max-image-preview:large, max-video-preview:-1\" \/>\n<link rel=\"canonical\" href=\"https:\/\/chemicalguys.cleaning\/de\/produkt\/detailer\/chemical-guys-hydrospeed-ceramic-quick-detailer-473ml\/\" \/>\n<meta property=\"og:locale\" content=\"de_DE\" \/>\n<meta property=\"og:type\" content=\"article\" \/>\n<meta property=\"og:title\" content=\"Chemical Guys HydroSpeed Ceramic Quick Detailer (473ml) - Chemical Guys\" \/>\n<meta property=\"og:description\" content=\"Chemical Guys HydroSpeed Ceramic Quick Detailer (473ml)\" \/>\n<meta property=\"og:url\" content=\"https:\/\/chemicalguys.cleaning\/de\/produkt\/detailer\/chemical-guys-hydrospeed-ceramic-quick-detailer-473ml\/\" \/>\n<meta property=\"og:site_name\" content=\"Chemical Guys\" \/>\n<meta property=\"article:publisher\" content=\"https:\/\/www.facebook.com\/people\/Chemical-Guys-NL\/61576258888707\/\" \/>\n<meta property=\"article:modified_time\" content=\"2025-05-30T06:39:17+00:00\" \/>\n<meta property=\"og:image\" content=\"https:\/\/chemicalguys.cleaning\/wp-content\/uploads\/2025\/05\/868b69d9-375d-460e-aaa3-14e4f2ad24c3-CG_WAC23316_1.jpg\" \/>\n\t<meta property=\"og:image:width\" content=\"800\" \/>\n\t<meta property=\"og:image:height\" content=\"800\" \/>\n\t<meta property=\"og:image:type\" content=\"image\/webp\" \/>\n<meta name=\"twitter:card\" content=\"summary_large_image\" \/>\n<meta name=\"twitter:label1\" content=\"Gesch\u00e4tzte Lesezeit\" \/>\n\t<meta name=\"twitter:data1\" content=\"1\u00a0Minute\" \/>\n<script type=\"application\/ld+json\" class=\"yoast-schema-graph\">{\"@context\":\"https:\\\/\\\/schema.org\",\"@graph\":[{\"@type\":\"WebPage\",\"@id\":\"https:\\\/\\\/chemicalguys.cleaning\\\/de\\\/produkt\\\/detailer\\\/chemical-guys-hydrospeed-ceramic-quick-detailer-473ml\\\/\",\"url\":\"https:\\\/\\\/chemicalguys.cleaning\\\/de\\\/produkt\\\/detailer\\\/chemical-guys-hydrospeed-ceramic-quick-detailer-473ml\\\/\",\"name\":\"Chemical Guys HydroSpeed Ceramic Quick Detailer (473ml) - Chemical Guys\",\"isPartOf\":{\"@id\":\"https:\\\/\\\/chemicalguys.cleaning\\\/de\\\/#website\"},\"primaryImageOfPage\":{\"@id\":\"https:\\\/\\\/chemicalguys.cleaning\\\/de\\\/produkt\\\/detailer\\\/chemical-guys-hydrospeed-ceramic-quick-detailer-473ml\\\/#primaryimage\"},\"image\":{\"@id\":\"https:\\\/\\\/chemicalguys.cleaning\\\/de\\\/produkt\\\/detailer\\\/chemical-guys-hydrospeed-ceramic-quick-detailer-473ml\\\/#primaryimage\"},\"thumbnailUrl\":\"https:\\\/\\\/i0.wp.com\\\/chemicalguys.cleaning\\\/wp-content\\\/uploads\\\/2025\\\/05\\\/868b69d9-375d-460e-aaa3-14e4f2ad24c3-CG_WAC23316_1.jpg?fit=800%2C800&ssl=1\",\"datePublished\":\"2025-05-28T13:32:08+00:00\",\"dateModified\":\"2025-05-30T06:39:17+00:00\",\"breadcrumb\":{\"@id\":\"https:\\\/\\\/chemicalguys.cleaning\\\/de\\\/produkt\\\/detailer\\\/chemical-guys-hydrospeed-ceramic-quick-detailer-473ml\\\/#breadcrumb\"},\"inLanguage\":\"de\",\"potentialAction\":[{\"@type\":\"ReadAction\",\"target\":[\"https:\\\/\\\/chemicalguys.cleaning\\\/de\\\/produkt\\\/detailer\\\/chemical-guys-hydrospeed-ceramic-quick-detailer-473ml\\\/\"]}]},{\"@type\":\"ImageObject\",\"inLanguage\":\"de\",\"@id\":\"https:\\\/\\\/chemicalguys.cleaning\\\/de\\\/produkt\\\/detailer\\\/chemical-guys-hydrospeed-ceramic-quick-detailer-473ml\\\/#primaryimage\",\"url\":\"https:\\\/\\\/i0.wp.com\\\/chemicalguys.cleaning\\\/wp-content\\\/uploads\\\/2025\\\/05\\\/868b69d9-375d-460e-aaa3-14e4f2ad24c3-CG_WAC23316_1.jpg?fit=800%2C800&ssl=1\",\"contentUrl\":\"https:\\\/\\\/i0.wp.com\\\/chemicalguys.cleaning\\\/wp-content\\\/uploads\\\/2025\\\/05\\\/868b69d9-375d-460e-aaa3-14e4f2ad24c3-CG_WAC23316_1.jpg?fit=800%2C800&ssl=1\",\"width\":800,\"height\":800},{\"@type\":\"BreadcrumbList\",\"@id\":\"https:\\\/\\\/chemicalguys.cleaning\\\/de\\\/produkt\\\/detailer\\\/chemical-guys-hydrospeed-ceramic-quick-detailer-473ml\\\/#breadcrumb\",\"itemListElement\":[{\"@type\":\"ListItem\",\"position\":1,\"name\":\"Home\",\"item\":\"https:\\\/\\\/chemicalguys.cleaning\\\/de\\\/\"},{\"@type\":\"ListItem\",\"position\":2,\"name\":\"Shop\",\"item\":\"https:\\\/\\\/chemicalguys.cleaning\\\/winkel\\\/\"},{\"@type\":\"ListItem\",\"position\":3,\"name\":\"Chemical Guys HydroSpeed Ceramic Quick Detailer (473ml)\"}]},{\"@type\":\"WebSite\",\"@id\":\"https:\\\/\\\/chemicalguys.cleaning\\\/de\\\/#website\",\"url\":\"https:\\\/\\\/chemicalguys.cleaning\\\/de\\\/\",\"name\":\"Chemical Guys\",\"description\":\"Reinigings- en verzorgingsproducten\",\"publisher\":{\"@id\":\"https:\\\/\\\/chemicalguys.cleaning\\\/de\\\/#organization\"},\"potentialAction\":[{\"@type\":\"SearchAction\",\"target\":{\"@type\":\"EntryPoint\",\"urlTemplate\":\"https:\\\/\\\/chemicalguys.cleaning\\\/de\\\/?s={search_term_string}\"},\"query-input\":{\"@type\":\"PropertyValueSpecification\",\"valueRequired\":true,\"valueName\":\"search_term_string\"}}],\"inLanguage\":\"de\"},{\"@type\":\"Organization\",\"@id\":\"https:\\\/\\\/chemicalguys.cleaning\\\/de\\\/#organization\",\"name\":\"chemicalguys.cleaning\",\"url\":\"https:\\\/\\\/chemicalguys.cleaning\\\/de\\\/\",\"logo\":{\"@type\":\"ImageObject\",\"inLanguage\":\"de\",\"@id\":\"https:\\\/\\\/chemicalguys.cleaning\\\/de\\\/#\\\/schema\\\/logo\\\/image\\\/\",\"url\":\"https:\\\/\\\/i0.wp.com\\\/chemicalguys.cleaning\\\/wp-content\\\/uploads\\\/2025\\\/05\\\/ChemicalGuys-Logo-Official-Detailed.png?fit=2880%2C2880&ssl=1\",\"contentUrl\":\"https:\\\/\\\/i0.wp.com\\\/chemicalguys.cleaning\\\/wp-content\\\/uploads\\\/2025\\\/05\\\/ChemicalGuys-Logo-Official-Detailed.png?fit=2880%2C2880&ssl=1\",\"width\":2880,\"height\":2880,\"caption\":\"chemicalguys.cleaning\"},\"image\":{\"@id\":\"https:\\\/\\\/chemicalguys.cleaning\\\/de\\\/#\\\/schema\\\/logo\\\/image\\\/\"},\"sameAs\":[\"https:\\\/\\\/www.facebook.com\\\/people\\\/Chemical-Guys-NL\\\/61576258888707\\\/\",\"https:\\\/\\\/www.instagram.com\\\/chemicalguys_holland\\\/\"]}]}<\/script>\n<!-- \/ Yoast SEO plugin. -->","yoast_head_json":{"title":"Chemical Guys HydroSpeed Ceramic Quick Detailer (473ml) - Chemical Guys","robots":{"index":"index","follow":"follow","max-snippet":"max-snippet:-1","max-image-preview":"max-image-preview:large","max-video-preview":"max-video-preview:-1"},"canonical":"https:\/\/chemicalguys.cleaning\/de\/produkt\/detailer\/chemical-guys-hydrospeed-ceramic-quick-detailer-473ml\/","og_locale":"de_DE","og_type":"article","og_title":"Chemical Guys HydroSpeed Ceramic Quick Detailer (473ml) - Chemical Guys","og_description":"Chemical Guys HydroSpeed Ceramic Quick Detailer (473ml)","og_url":"https:\/\/chemicalguys.cleaning\/de\/produkt\/detailer\/chemical-guys-hydrospeed-ceramic-quick-detailer-473ml\/","og_site_name":"Chemical Guys","article_publisher":"https:\/\/www.facebook.com\/people\/Chemical-Guys-NL\/61576258888707\/","article_modified_time":"2025-05-30T06:39:17+00:00","og_image":[{"width":800,"height":800,"url":"https:\/\/chemicalguys.cleaning\/wp-content\/uploads\/2025\/05\/868b69d9-375d-460e-aaa3-14e4f2ad24c3-CG_WAC23316_1.jpg","type":"image\/webp"}],"twitter_card":"summary_large_image","twitter_misc":{"Gesch\u00e4tzte Lesezeit":"1\u00a0Minute"},"schema":{"@context":"https:\/\/schema.org","@graph":[{"@type":"WebPage","@id":"https:\/\/chemicalguys.cleaning\/de\/produkt\/detailer\/chemical-guys-hydrospeed-ceramic-quick-detailer-473ml\/","url":"https:\/\/chemicalguys.cleaning\/de\/produkt\/detailer\/chemical-guys-hydrospeed-ceramic-quick-detailer-473ml\/","name":"Chemical Guys HydroSpeed Ceramic Quick Detailer (473ml) - Chemical Guys","isPartOf":{"@id":"https:\/\/chemicalguys.cleaning\/de\/#website"},"primaryImageOfPage":{"@id":"https:\/\/chemicalguys.cleaning\/de\/produkt\/detailer\/chemical-guys-hydrospeed-ceramic-quick-detailer-473ml\/#primaryimage"},"image":{"@id":"https:\/\/chemicalguys.cleaning\/de\/produkt\/detailer\/chemical-guys-hydrospeed-ceramic-quick-detailer-473ml\/#primaryimage"},"thumbnailUrl":"https:\/\/i0.wp.com\/chemicalguys.cleaning\/wp-content\/uploads\/2025\/05\/868b69d9-375d-460e-aaa3-14e4f2ad24c3-CG_WAC23316_1.jpg?fit=800%2C800&ssl=1","datePublished":"2025-05-28T13:32:08+00:00","dateModified":"2025-05-30T06:39:17+00:00","breadcrumb":{"@id":"https:\/\/chemicalguys.cleaning\/de\/produkt\/detailer\/chemical-guys-hydrospeed-ceramic-quick-detailer-473ml\/#breadcrumb"},"inLanguage":"de","potentialAction":[{"@type":"ReadAction","target":["https:\/\/chemicalguys.cleaning\/de\/produkt\/detailer\/chemical-guys-hydrospeed-ceramic-quick-detailer-473ml\/"]}]},{"@type":"ImageObject","inLanguage":"de","@id":"https:\/\/chemicalguys.cleaning\/de\/produkt\/detailer\/chemical-guys-hydrospeed-ceramic-quick-detailer-473ml\/#primaryimage","url":"https:\/\/i0.wp.com\/chemicalguys.cleaning\/wp-content\/uploads\/2025\/05\/868b69d9-375d-460e-aaa3-14e4f2ad24c3-CG_WAC23316_1.jpg?fit=800%2C800&ssl=1","contentUrl":"https:\/\/i0.wp.com\/chemicalguys.cleaning\/wp-content\/uploads\/2025\/05\/868b69d9-375d-460e-aaa3-14e4f2ad24c3-CG_WAC23316_1.jpg?fit=800%2C800&ssl=1","width":800,"height":800},{"@type":"BreadcrumbList","@id":"https:\/\/chemicalguys.cleaning\/de\/produkt\/detailer\/chemical-guys-hydrospeed-ceramic-quick-detailer-473ml\/#breadcrumb","itemListElement":[{"@type":"ListItem","position":1,"name":"Home","item":"https:\/\/chemicalguys.cleaning\/de\/"},{"@type":"ListItem","position":2,"name":"Shop","item":"https:\/\/chemicalguys.cleaning\/winkel\/"},{"@type":"ListItem","position":3,"name":"Chemical Guys HydroSpeed Ceramic Quick Detailer (473ml)"}]},{"@type":"WebSite","@id":"https:\/\/chemicalguys.cleaning\/de\/#website","url":"https:\/\/chemicalguys.cleaning\/de\/","name":"Chemical Guys","description":"Reinigings- en verzorgingsproducten","publisher":{"@id":"https:\/\/chemicalguys.cleaning\/de\/#organization"},"potentialAction":[{"@type":"SearchAction","target":{"@type":"EntryPoint","urlTemplate":"https:\/\/chemicalguys.cleaning\/de\/?s={search_term_string}"},"query-input":{"@type":"PropertyValueSpecification","valueRequired":true,"valueName":"search_term_string"}}],"inLanguage":"de"},{"@type":"Organization","@id":"https:\/\/chemicalguys.cleaning\/de\/#organization","name":"chemicalguys.cleaning","url":"https:\/\/chemicalguys.cleaning\/de\/","logo":{"@type":"ImageObject","inLanguage":"de","@id":"https:\/\/chemicalguys.cleaning\/de\/#\/schema\/logo\/image\/","url":"https:\/\/i0.wp.com\/chemicalguys.cleaning\/wp-content\/uploads\/2025\/05\/ChemicalGuys-Logo-Official-Detailed.png?fit=2880%2C2880&ssl=1","contentUrl":"https:\/\/i0.wp.com\/chemicalguys.cleaning\/wp-content\/uploads\/2025\/05\/ChemicalGuys-Logo-Official-Detailed.png?fit=2880%2C2880&ssl=1","width":2880,"height":2880,"caption":"chemicalguys.cleaning"},"image":{"@id":"https:\/\/chemicalguys.cleaning\/de\/#\/schema\/logo\/image\/"},"sameAs":["https:\/\/www.facebook.com\/people\/Chemical-Guys-NL\/61576258888707\/","https:\/\/www.instagram.com\/chemicalguys_holland\/"]}]}},"jetpack_sharing_enabled":true,"_links":{"self":[{"href":"https:\/\/chemicalguys.cleaning\/de\/wp-json\/wp\/v2\/product\/9262","targetHints":{"allow":["GET"]}}],"collection":[{"href":"https:\/\/chemicalguys.cleaning\/de\/wp-json\/wp\/v2\/product"}],"about":[{"href":"https:\/\/chemicalguys.cleaning\/de\/wp-json\/wp\/v2\/types\/product"}],"replies":[{"embeddable":true,"href":"https:\/\/chemicalguys.cleaning\/de\/wp-json\/wp\/v2\/comments?post=9262"}],"wp:featuredmedia":[{"embeddable":true,"href":"https:\/\/chemicalguys.cleaning\/de\/wp-json\/wp\/v2\/media\/8539"}],"wp:attachment":[{"href":"https:\/\/chemicalguys.cleaning\/de\/wp-json\/wp\/v2\/media?parent=9262"}],"wp:term":[{"taxonomy":"product_brand","embeddable":true,"href":"https:\/\/chemicalguys.cleaning\/de\/wp-json\/wp\/v2\/product_brand?post=9262"},{"taxonomy":"product_cat","embeddable":true,"href":"https:\/\/chemicalguys.cleaning\/de\/wp-json\/wp\/v2\/product_cat?post=9262"},{"taxonomy":"product_tag","embeddable":true,"href":"https:\/\/chemicalguys.cleaning\/de\/wp-json\/wp\/v2\/product_tag?post=9262"}],"curies":[{"name":"wp","href":"https:\/\/api.w.org\/{rel}","templated":true}]}}