{"id":9250,"date":"2025-05-28T15:27:15","date_gmt":"2025-05-28T13:27:15","guid":{"rendered":"https:\/\/chemicalguys.cleaning\/product\/unkategorisiert\/chemical-guys-signature-scent-air-freshener-odor-eliminator-473ml\/"},"modified":"2025-05-30T08:30:03","modified_gmt":"2025-05-30T06:30:03","slug":"chemical-guys-signature-scent-air-freshener-odor-eliminator-473ml","status":"publish","type":"product","link":"https:\/\/chemicalguys.cleaning\/de\/produkt\/innenraum\/lufterfrischer\/chemical-guys-signature-scent-air-freshener-odor-eliminator-473ml\/","title":{"rendered":"Chemical Guys Signature Scent Air Freshener &amp; Odor Eliminator (473ml)"},"content":{"rendered":"<p>Peppen Sie Ihren Raum mit dem Signature Scent Air Freshener auf &#8211; dem Lufterfrischer, der den unverf\u00e4lschten Reiz eines Stripclubs in Ihren Raum bringt. Mit Noten von rauchiger Verf\u00fchrung, sinnlichen Bl\u00fctenbl\u00e4ttern und gewagter Note ist es, als h\u00e4tten Sie den sinnlichen Duft eines Star-Performers. Spr\u00fchen Sie es in Ihr Auto oder Zimmer und lassen Sie die elektrische, ungez\u00e4hmte Spannung auf sich wirken. <\/p>\n<p>&#8211; EINZIGARTIG UND UNVERGESSLICH &#8211; Schaffen Sie mit diesem einzigartigen, unverkennbaren Duft eine unverwechselbare Atmosph\u00e4re in Ihrem Auto oder Raum. Dieser lebendige Duft weckt Erinnerungen an die gl\u00e4nzenden Messingstangen und die dunklen Separees exklusiver Clubs<br \/>&#8211; ERINNERUNGEN MIT EINEM DUFT &#8211; Signature Scent ist der Lufterfrischer, der diesen ach so vertrauten Duft erzeugt, den Sie sonst nirgendwo riechen werden, und ihn mit geruchsneutralisierenden Enzymen vermischt, um jederzeit einen Geruchserlebnis zu bieten<br \/>&#8211; PREMIUM-LUFTERFRISCHER &#8211; Eine einzigartige Mischung aus hochwertigen D\u00fcften und Geruchsneutralisatoren sorgt f\u00fcr ein angenehmes Fahrerlebnis<br \/>&#8211; UNIVERSELL VERWENDBAR &#8211; Genie\u00dfen Sie den Duft eines Neuwagens nicht nur in Ihrem Fahrzeug, sondern auch zu Hause, im B\u00fcro oder \u00fcberall dort, wo Sie sich einen frischen Duft w\u00fcnschen<br \/>&#8211; ELIMINIERT SCHLECHTE GER\u00dcCHE &#8211; Neutralisiert und ersetzt unerw\u00fcnschte Ger\u00fcche effektiv durch einen bezaubernden Duft<\/p>\n<span class=\"et_bloom_bottom_trigger\"><\/span>","protected":false},"excerpt":{"rendered":"<p>Chemical Guys Signature Scent Air Freshener &amp; Odor Eliminator (473ml)<\/p>\n","protected":false},"featured_media":8287,"comment_status":"closed","ping_status":"closed","template":"","meta":{"_et_pb_use_builder":"","_et_pb_old_content":"","_et_gb_content_width":""},"product_brand":[],"product_cat":[352,247],"product_tag":[510],"class_list":{"0":"post-9250","1":"product","2":"type-product","3":"status-publish","4":"has-post-thumbnail","6":"product_cat-innenraum","7":"product_cat-lufterfrischer","8":"product_tag-chemical-guys-4","9":"pa_farbe-orange","10":"pa_kleur-orange-de","11":"pa_materiaal-flussigkeit","12":"pa_material-flussigkeit","14":"first","15":"instock","16":"taxable","17":"shipping-taxable","18":"purchasable","19":"product-type-simple"},"yoast_head":"<!-- This site is optimized with the Yoast SEO plugin v27.4 - https:\/\/yoast.com\/product\/yoast-seo-wordpress\/ -->\n<title>Chemical Guys Signature Scent Air Freshener &amp; Odor Eliminator (473ml) - Chemical Guys<\/title>\n<meta name=\"robots\" content=\"index, follow, max-snippet:-1, max-image-preview:large, max-video-preview:-1\" \/>\n<link rel=\"canonical\" href=\"https:\/\/chemicalguys.cleaning\/de\/produkt\/innenraum\/lufterfrischer\/chemical-guys-signature-scent-air-freshener-odor-eliminator-473ml\/\" \/>\n<meta property=\"og:locale\" content=\"de_DE\" \/>\n<meta property=\"og:type\" content=\"article\" \/>\n<meta property=\"og:title\" content=\"Chemical Guys Signature Scent Air Freshener &amp; Odor Eliminator (473ml) - Chemical Guys\" \/>\n<meta property=\"og:description\" content=\"Chemical Guys Signature Scent Air Freshener &amp; Odor Eliminator (473ml)\" \/>\n<meta property=\"og:url\" content=\"https:\/\/chemicalguys.cleaning\/de\/produkt\/innenraum\/lufterfrischer\/chemical-guys-signature-scent-air-freshener-odor-eliminator-473ml\/\" \/>\n<meta property=\"og:site_name\" content=\"Chemical Guys\" \/>\n<meta property=\"article:publisher\" content=\"https:\/\/www.facebook.com\/people\/Chemical-Guys-NL\/61576258888707\/\" \/>\n<meta property=\"article:modified_time\" content=\"2025-05-30T06:30:03+00:00\" \/>\n<meta property=\"og:image\" content=\"https:\/\/chemicalguys.cleaning\/wp-content\/uploads\/2025\/05\/2d795832-d005-45f8-beee-d9100427805f-CG_AIR06916_1.jpg\" \/>\n\t<meta property=\"og:image:width\" content=\"800\" \/>\n\t<meta property=\"og:image:height\" content=\"800\" \/>\n\t<meta property=\"og:image:type\" content=\"image\/webp\" \/>\n<meta name=\"twitter:card\" content=\"summary_large_image\" \/>\n<meta name=\"twitter:label1\" content=\"Gesch\u00e4tzte Lesezeit\" \/>\n\t<meta name=\"twitter:data1\" content=\"1\u00a0Minute\" \/>\n<script type=\"application\/ld+json\" class=\"yoast-schema-graph\">{\"@context\":\"https:\\\/\\\/schema.org\",\"@graph\":[{\"@type\":\"WebPage\",\"@id\":\"https:\\\/\\\/chemicalguys.cleaning\\\/de\\\/produkt\\\/innenraum\\\/lufterfrischer\\\/chemical-guys-signature-scent-air-freshener-odor-eliminator-473ml\\\/\",\"url\":\"https:\\\/\\\/chemicalguys.cleaning\\\/de\\\/produkt\\\/innenraum\\\/lufterfrischer\\\/chemical-guys-signature-scent-air-freshener-odor-eliminator-473ml\\\/\",\"name\":\"Chemical Guys Signature Scent Air Freshener &amp; Odor Eliminator (473ml) - Chemical Guys\",\"isPartOf\":{\"@id\":\"https:\\\/\\\/chemicalguys.cleaning\\\/de\\\/#website\"},\"primaryImageOfPage\":{\"@id\":\"https:\\\/\\\/chemicalguys.cleaning\\\/de\\\/produkt\\\/innenraum\\\/lufterfrischer\\\/chemical-guys-signature-scent-air-freshener-odor-eliminator-473ml\\\/#primaryimage\"},\"image\":{\"@id\":\"https:\\\/\\\/chemicalguys.cleaning\\\/de\\\/produkt\\\/innenraum\\\/lufterfrischer\\\/chemical-guys-signature-scent-air-freshener-odor-eliminator-473ml\\\/#primaryimage\"},\"thumbnailUrl\":\"https:\\\/\\\/i0.wp.com\\\/chemicalguys.cleaning\\\/wp-content\\\/uploads\\\/2025\\\/05\\\/2d795832-d005-45f8-beee-d9100427805f-CG_AIR06916_1.jpg?fit=800%2C800&ssl=1\",\"datePublished\":\"2025-05-28T13:27:15+00:00\",\"dateModified\":\"2025-05-30T06:30:03+00:00\",\"breadcrumb\":{\"@id\":\"https:\\\/\\\/chemicalguys.cleaning\\\/de\\\/produkt\\\/innenraum\\\/lufterfrischer\\\/chemical-guys-signature-scent-air-freshener-odor-eliminator-473ml\\\/#breadcrumb\"},\"inLanguage\":\"de\",\"potentialAction\":[{\"@type\":\"ReadAction\",\"target\":[\"https:\\\/\\\/chemicalguys.cleaning\\\/de\\\/produkt\\\/innenraum\\\/lufterfrischer\\\/chemical-guys-signature-scent-air-freshener-odor-eliminator-473ml\\\/\"]}]},{\"@type\":\"ImageObject\",\"inLanguage\":\"de\",\"@id\":\"https:\\\/\\\/chemicalguys.cleaning\\\/de\\\/produkt\\\/innenraum\\\/lufterfrischer\\\/chemical-guys-signature-scent-air-freshener-odor-eliminator-473ml\\\/#primaryimage\",\"url\":\"https:\\\/\\\/i0.wp.com\\\/chemicalguys.cleaning\\\/wp-content\\\/uploads\\\/2025\\\/05\\\/2d795832-d005-45f8-beee-d9100427805f-CG_AIR06916_1.jpg?fit=800%2C800&ssl=1\",\"contentUrl\":\"https:\\\/\\\/i0.wp.com\\\/chemicalguys.cleaning\\\/wp-content\\\/uploads\\\/2025\\\/05\\\/2d795832-d005-45f8-beee-d9100427805f-CG_AIR06916_1.jpg?fit=800%2C800&ssl=1\",\"width\":800,\"height\":800},{\"@type\":\"BreadcrumbList\",\"@id\":\"https:\\\/\\\/chemicalguys.cleaning\\\/de\\\/produkt\\\/innenraum\\\/lufterfrischer\\\/chemical-guys-signature-scent-air-freshener-odor-eliminator-473ml\\\/#breadcrumb\",\"itemListElement\":[{\"@type\":\"ListItem\",\"position\":1,\"name\":\"Home\",\"item\":\"https:\\\/\\\/chemicalguys.cleaning\\\/de\\\/\"},{\"@type\":\"ListItem\",\"position\":2,\"name\":\"Shop\",\"item\":\"https:\\\/\\\/chemicalguys.cleaning\\\/winkel\\\/\"},{\"@type\":\"ListItem\",\"position\":3,\"name\":\"Chemical Guys Signature Scent Air Freshener &amp; Odor Eliminator (473ml)\"}]},{\"@type\":\"WebSite\",\"@id\":\"https:\\\/\\\/chemicalguys.cleaning\\\/de\\\/#website\",\"url\":\"https:\\\/\\\/chemicalguys.cleaning\\\/de\\\/\",\"name\":\"Chemical Guys\",\"description\":\"Reinigings- en verzorgingsproducten\",\"publisher\":{\"@id\":\"https:\\\/\\\/chemicalguys.cleaning\\\/de\\\/#organization\"},\"potentialAction\":[{\"@type\":\"SearchAction\",\"target\":{\"@type\":\"EntryPoint\",\"urlTemplate\":\"https:\\\/\\\/chemicalguys.cleaning\\\/de\\\/?s={search_term_string}\"},\"query-input\":{\"@type\":\"PropertyValueSpecification\",\"valueRequired\":true,\"valueName\":\"search_term_string\"}}],\"inLanguage\":\"de\"},{\"@type\":\"Organization\",\"@id\":\"https:\\\/\\\/chemicalguys.cleaning\\\/de\\\/#organization\",\"name\":\"chemicalguys.cleaning\",\"url\":\"https:\\\/\\\/chemicalguys.cleaning\\\/de\\\/\",\"logo\":{\"@type\":\"ImageObject\",\"inLanguage\":\"de\",\"@id\":\"https:\\\/\\\/chemicalguys.cleaning\\\/de\\\/#\\\/schema\\\/logo\\\/image\\\/\",\"url\":\"https:\\\/\\\/i0.wp.com\\\/chemicalguys.cleaning\\\/wp-content\\\/uploads\\\/2025\\\/05\\\/ChemicalGuys-Logo-Official-Detailed.png?fit=2880%2C2880&ssl=1\",\"contentUrl\":\"https:\\\/\\\/i0.wp.com\\\/chemicalguys.cleaning\\\/wp-content\\\/uploads\\\/2025\\\/05\\\/ChemicalGuys-Logo-Official-Detailed.png?fit=2880%2C2880&ssl=1\",\"width\":2880,\"height\":2880,\"caption\":\"chemicalguys.cleaning\"},\"image\":{\"@id\":\"https:\\\/\\\/chemicalguys.cleaning\\\/de\\\/#\\\/schema\\\/logo\\\/image\\\/\"},\"sameAs\":[\"https:\\\/\\\/www.facebook.com\\\/people\\\/Chemical-Guys-NL\\\/61576258888707\\\/\",\"https:\\\/\\\/www.instagram.com\\\/chemicalguys_holland\\\/\"]}]}<\/script>\n<!-- \/ Yoast SEO plugin. -->","yoast_head_json":{"title":"Chemical Guys Signature Scent Air Freshener &amp; Odor Eliminator (473ml) - Chemical Guys","robots":{"index":"index","follow":"follow","max-snippet":"max-snippet:-1","max-image-preview":"max-image-preview:large","max-video-preview":"max-video-preview:-1"},"canonical":"https:\/\/chemicalguys.cleaning\/de\/produkt\/innenraum\/lufterfrischer\/chemical-guys-signature-scent-air-freshener-odor-eliminator-473ml\/","og_locale":"de_DE","og_type":"article","og_title":"Chemical Guys Signature Scent Air Freshener &amp; Odor Eliminator (473ml) - Chemical Guys","og_description":"Chemical Guys Signature Scent Air Freshener &amp; Odor Eliminator (473ml)","og_url":"https:\/\/chemicalguys.cleaning\/de\/produkt\/innenraum\/lufterfrischer\/chemical-guys-signature-scent-air-freshener-odor-eliminator-473ml\/","og_site_name":"Chemical Guys","article_publisher":"https:\/\/www.facebook.com\/people\/Chemical-Guys-NL\/61576258888707\/","article_modified_time":"2025-05-30T06:30:03+00:00","og_image":[{"width":800,"height":800,"url":"https:\/\/chemicalguys.cleaning\/wp-content\/uploads\/2025\/05\/2d795832-d005-45f8-beee-d9100427805f-CG_AIR06916_1.jpg","type":"image\/webp"}],"twitter_card":"summary_large_image","twitter_misc":{"Gesch\u00e4tzte Lesezeit":"1\u00a0Minute"},"schema":{"@context":"https:\/\/schema.org","@graph":[{"@type":"WebPage","@id":"https:\/\/chemicalguys.cleaning\/de\/produkt\/innenraum\/lufterfrischer\/chemical-guys-signature-scent-air-freshener-odor-eliminator-473ml\/","url":"https:\/\/chemicalguys.cleaning\/de\/produkt\/innenraum\/lufterfrischer\/chemical-guys-signature-scent-air-freshener-odor-eliminator-473ml\/","name":"Chemical Guys Signature Scent Air Freshener &amp; Odor Eliminator (473ml) - Chemical Guys","isPartOf":{"@id":"https:\/\/chemicalguys.cleaning\/de\/#website"},"primaryImageOfPage":{"@id":"https:\/\/chemicalguys.cleaning\/de\/produkt\/innenraum\/lufterfrischer\/chemical-guys-signature-scent-air-freshener-odor-eliminator-473ml\/#primaryimage"},"image":{"@id":"https:\/\/chemicalguys.cleaning\/de\/produkt\/innenraum\/lufterfrischer\/chemical-guys-signature-scent-air-freshener-odor-eliminator-473ml\/#primaryimage"},"thumbnailUrl":"https:\/\/i0.wp.com\/chemicalguys.cleaning\/wp-content\/uploads\/2025\/05\/2d795832-d005-45f8-beee-d9100427805f-CG_AIR06916_1.jpg?fit=800%2C800&ssl=1","datePublished":"2025-05-28T13:27:15+00:00","dateModified":"2025-05-30T06:30:03+00:00","breadcrumb":{"@id":"https:\/\/chemicalguys.cleaning\/de\/produkt\/innenraum\/lufterfrischer\/chemical-guys-signature-scent-air-freshener-odor-eliminator-473ml\/#breadcrumb"},"inLanguage":"de","potentialAction":[{"@type":"ReadAction","target":["https:\/\/chemicalguys.cleaning\/de\/produkt\/innenraum\/lufterfrischer\/chemical-guys-signature-scent-air-freshener-odor-eliminator-473ml\/"]}]},{"@type":"ImageObject","inLanguage":"de","@id":"https:\/\/chemicalguys.cleaning\/de\/produkt\/innenraum\/lufterfrischer\/chemical-guys-signature-scent-air-freshener-odor-eliminator-473ml\/#primaryimage","url":"https:\/\/i0.wp.com\/chemicalguys.cleaning\/wp-content\/uploads\/2025\/05\/2d795832-d005-45f8-beee-d9100427805f-CG_AIR06916_1.jpg?fit=800%2C800&ssl=1","contentUrl":"https:\/\/i0.wp.com\/chemicalguys.cleaning\/wp-content\/uploads\/2025\/05\/2d795832-d005-45f8-beee-d9100427805f-CG_AIR06916_1.jpg?fit=800%2C800&ssl=1","width":800,"height":800},{"@type":"BreadcrumbList","@id":"https:\/\/chemicalguys.cleaning\/de\/produkt\/innenraum\/lufterfrischer\/chemical-guys-signature-scent-air-freshener-odor-eliminator-473ml\/#breadcrumb","itemListElement":[{"@type":"ListItem","position":1,"name":"Home","item":"https:\/\/chemicalguys.cleaning\/de\/"},{"@type":"ListItem","position":2,"name":"Shop","item":"https:\/\/chemicalguys.cleaning\/winkel\/"},{"@type":"ListItem","position":3,"name":"Chemical Guys Signature Scent Air Freshener &amp; Odor Eliminator (473ml)"}]},{"@type":"WebSite","@id":"https:\/\/chemicalguys.cleaning\/de\/#website","url":"https:\/\/chemicalguys.cleaning\/de\/","name":"Chemical Guys","description":"Reinigings- en verzorgingsproducten","publisher":{"@id":"https:\/\/chemicalguys.cleaning\/de\/#organization"},"potentialAction":[{"@type":"SearchAction","target":{"@type":"EntryPoint","urlTemplate":"https:\/\/chemicalguys.cleaning\/de\/?s={search_term_string}"},"query-input":{"@type":"PropertyValueSpecification","valueRequired":true,"valueName":"search_term_string"}}],"inLanguage":"de"},{"@type":"Organization","@id":"https:\/\/chemicalguys.cleaning\/de\/#organization","name":"chemicalguys.cleaning","url":"https:\/\/chemicalguys.cleaning\/de\/","logo":{"@type":"ImageObject","inLanguage":"de","@id":"https:\/\/chemicalguys.cleaning\/de\/#\/schema\/logo\/image\/","url":"https:\/\/i0.wp.com\/chemicalguys.cleaning\/wp-content\/uploads\/2025\/05\/ChemicalGuys-Logo-Official-Detailed.png?fit=2880%2C2880&ssl=1","contentUrl":"https:\/\/i0.wp.com\/chemicalguys.cleaning\/wp-content\/uploads\/2025\/05\/ChemicalGuys-Logo-Official-Detailed.png?fit=2880%2C2880&ssl=1","width":2880,"height":2880,"caption":"chemicalguys.cleaning"},"image":{"@id":"https:\/\/chemicalguys.cleaning\/de\/#\/schema\/logo\/image\/"},"sameAs":["https:\/\/www.facebook.com\/people\/Chemical-Guys-NL\/61576258888707\/","https:\/\/www.instagram.com\/chemicalguys_holland\/"]}]}},"jetpack_sharing_enabled":true,"_links":{"self":[{"href":"https:\/\/chemicalguys.cleaning\/de\/wp-json\/wp\/v2\/product\/9250","targetHints":{"allow":["GET"]}}],"collection":[{"href":"https:\/\/chemicalguys.cleaning\/de\/wp-json\/wp\/v2\/product"}],"about":[{"href":"https:\/\/chemicalguys.cleaning\/de\/wp-json\/wp\/v2\/types\/product"}],"replies":[{"embeddable":true,"href":"https:\/\/chemicalguys.cleaning\/de\/wp-json\/wp\/v2\/comments?post=9250"}],"wp:featuredmedia":[{"embeddable":true,"href":"https:\/\/chemicalguys.cleaning\/de\/wp-json\/wp\/v2\/media\/8287"}],"wp:attachment":[{"href":"https:\/\/chemicalguys.cleaning\/de\/wp-json\/wp\/v2\/media?parent=9250"}],"wp:term":[{"taxonomy":"product_brand","embeddable":true,"href":"https:\/\/chemicalguys.cleaning\/de\/wp-json\/wp\/v2\/product_brand?post=9250"},{"taxonomy":"product_cat","embeddable":true,"href":"https:\/\/chemicalguys.cleaning\/de\/wp-json\/wp\/v2\/product_cat?post=9250"},{"taxonomy":"product_tag","embeddable":true,"href":"https:\/\/chemicalguys.cleaning\/de\/wp-json\/wp\/v2\/product_tag?post=9250"}],"curies":[{"name":"wp","href":"https:\/\/api.w.org\/{rel}","templated":true}]}}