{"id":9244,"date":"2025-05-28T15:22:29","date_gmt":"2025-05-28T13:22:29","guid":{"rendered":"https:\/\/chemicalguys.cleaning\/product\/unkategorisiert\/chemical-guys-workhorse-professional-grade-microfiber-towel-gray-16x16-3-pack\/"},"modified":"2025-05-30T08:29:30","modified_gmt":"2025-05-30T06:29:30","slug":"chemical-guys-workhorse-professional-grade-microfiber-towel-gray-16x16-3-pack","status":"publish","type":"product","link":"https:\/\/chemicalguys.cleaning\/de\/produkt\/waschen\/mikrofasertucher\/chemical-guys-workhorse-professional-grade-microfiber-towel-gray-16x16-3-pack\/","title":{"rendered":"Chemical Guys Workhorse Professional Grade Microfiber Towel &#8211; Gray 16&#215;16&#8220; (3 Pack)"},"content":{"rendered":"<p>Erleben Sie wahre Freude bei der Reinigung mit diesen T\u00fcchern, die Schmutz aufnehmen und nichts als Glanz hinterlassen. Genie\u00dfen Sie das Gef\u00fchl, wenn sie m\u00fchelos \u00fcber die Oberfl\u00e4che gleiten und eine Spur der Perfektion hinterlassen. Diese T\u00fccher sind nicht nur einfach T\u00fccher: Sie sind das R\u00fcckgrat des Sortiments jedes Autopflegers.<\/p>\n<p>&#8211; Unter unseren T\u00fcchern verf\u00fcgt Workhorse Microfiber Towel \u00fcber ein vielseitiges, kurzfloriges Tuch f\u00fcr zus\u00e4tzliche Reinigungskraft<br \/>&#8211; 70\/30-Mikrofaser-Mischung<br \/>&#8211; Verleiht dem Lack ein gl\u00e4nzendes, wirbelfreies Finish<br \/>&#8211; Nimmt Schmutz und Ablagerungen auf um das Risiko von Kratzern zu reduzieren<br \/>&#8211; Overlockn\u00e4hte<\/p>\n<span class=\"et_bloom_bottom_trigger\"><\/span>","protected":false},"excerpt":{"rendered":"<p>Chemical Guys Workhorse Professional Grade Microfiber Towel &#8211; Gray 16&#215;16&#8220; (3 Pack)<\/p>\n","protected":false},"featured_media":8165,"comment_status":"closed","ping_status":"closed","template":"","meta":{"_et_pb_use_builder":"","_et_pb_old_content":"","_et_gb_content_width":""},"product_brand":[],"product_cat":[424,138],"product_tag":[510],"class_list":{"0":"post-9244","1":"product","2":"type-product","3":"status-publish","4":"has-post-thumbnail","6":"product_cat-mikrofasertucher","7":"product_cat-waschen","8":"product_tag-chemical-guys-4","9":"pa_farbe-grau","10":"pa_kleur-grau","11":"pa_materiaal-microfiber-de","12":"pa_material-microfiber","14":"first","15":"onbackorder","16":"taxable","17":"shipping-taxable","18":"purchasable","19":"product-type-simple"},"yoast_head":"<!-- This site is optimized with the Yoast SEO plugin v27.3 - https:\/\/yoast.com\/product\/yoast-seo-wordpress\/ -->\n<title>Chemical Guys Workhorse Professional Grade Microfiber Towel - Gray 16x16&#039;&#039; (3 Pack) - Chemical Guys<\/title>\n<meta name=\"robots\" content=\"index, follow, max-snippet:-1, max-image-preview:large, max-video-preview:-1\" \/>\n<link rel=\"canonical\" href=\"https:\/\/chemicalguys.cleaning\/de\/produkt\/waschen\/mikrofasertucher\/chemical-guys-workhorse-professional-grade-microfiber-towel-gray-16x16-3-pack\/\" \/>\n<meta property=\"og:locale\" content=\"de_DE\" \/>\n<meta property=\"og:type\" content=\"article\" \/>\n<meta property=\"og:title\" content=\"Chemical Guys Workhorse Professional Grade Microfiber Towel - Gray 16x16&#039;&#039; (3 Pack) - Chemical Guys\" \/>\n<meta property=\"og:description\" content=\"Chemical Guys Workhorse Professional Grade Microfiber Towel - Gray 16x16&#039;&#039; (3 Pack)\" \/>\n<meta property=\"og:url\" content=\"https:\/\/chemicalguys.cleaning\/de\/produkt\/waschen\/mikrofasertucher\/chemical-guys-workhorse-professional-grade-microfiber-towel-gray-16x16-3-pack\/\" \/>\n<meta property=\"og:site_name\" content=\"Chemical Guys\" \/>\n<meta property=\"article:publisher\" content=\"https:\/\/www.facebook.com\/people\/Chemical-Guys-NL\/61576258888707\/\" \/>\n<meta property=\"article:modified_time\" content=\"2025-05-30T06:29:30+00:00\" \/>\n<meta property=\"og:image\" content=\"https:\/\/i0.wp.com\/chemicalguys.cleaning\/wp-content\/uploads\/2025\/05\/34077a4b-f4a6-458d-9f4d-b086f0616bdb-CG_MIC35203_1.jpg?fit=800%2C800&ssl=1\" \/>\n\t<meta property=\"og:image:width\" content=\"800\" \/>\n\t<meta property=\"og:image:height\" content=\"800\" \/>\n\t<meta property=\"og:image:type\" content=\"image\/webp\" \/>\n<meta name=\"twitter:card\" content=\"summary_large_image\" \/>\n<meta name=\"twitter:label1\" content=\"Gesch\u00e4tzte Lesezeit\" \/>\n\t<meta name=\"twitter:data1\" content=\"1\u00a0Minute\" \/>\n<script type=\"application\/ld+json\" class=\"yoast-schema-graph\">{\"@context\":\"https:\\\/\\\/schema.org\",\"@graph\":[{\"@type\":\"WebPage\",\"@id\":\"https:\\\/\\\/chemicalguys.cleaning\\\/de\\\/produkt\\\/waschen\\\/mikrofasertucher\\\/chemical-guys-workhorse-professional-grade-microfiber-towel-gray-16x16-3-pack\\\/\",\"url\":\"https:\\\/\\\/chemicalguys.cleaning\\\/de\\\/produkt\\\/waschen\\\/mikrofasertucher\\\/chemical-guys-workhorse-professional-grade-microfiber-towel-gray-16x16-3-pack\\\/\",\"name\":\"Chemical Guys Workhorse Professional Grade Microfiber Towel - Gray 16x16'' (3 Pack) - Chemical Guys\",\"isPartOf\":{\"@id\":\"https:\\\/\\\/chemicalguys.cleaning\\\/de\\\/#website\"},\"primaryImageOfPage\":{\"@id\":\"https:\\\/\\\/chemicalguys.cleaning\\\/de\\\/produkt\\\/waschen\\\/mikrofasertucher\\\/chemical-guys-workhorse-professional-grade-microfiber-towel-gray-16x16-3-pack\\\/#primaryimage\"},\"image\":{\"@id\":\"https:\\\/\\\/chemicalguys.cleaning\\\/de\\\/produkt\\\/waschen\\\/mikrofasertucher\\\/chemical-guys-workhorse-professional-grade-microfiber-towel-gray-16x16-3-pack\\\/#primaryimage\"},\"thumbnailUrl\":\"https:\\\/\\\/i0.wp.com\\\/chemicalguys.cleaning\\\/wp-content\\\/uploads\\\/2025\\\/05\\\/34077a4b-f4a6-458d-9f4d-b086f0616bdb-CG_MIC35203_1.jpg?fit=800%2C800&ssl=1\",\"datePublished\":\"2025-05-28T13:22:29+00:00\",\"dateModified\":\"2025-05-30T06:29:30+00:00\",\"breadcrumb\":{\"@id\":\"https:\\\/\\\/chemicalguys.cleaning\\\/de\\\/produkt\\\/waschen\\\/mikrofasertucher\\\/chemical-guys-workhorse-professional-grade-microfiber-towel-gray-16x16-3-pack\\\/#breadcrumb\"},\"inLanguage\":\"de\",\"potentialAction\":[{\"@type\":\"ReadAction\",\"target\":[\"https:\\\/\\\/chemicalguys.cleaning\\\/de\\\/produkt\\\/waschen\\\/mikrofasertucher\\\/chemical-guys-workhorse-professional-grade-microfiber-towel-gray-16x16-3-pack\\\/\"]}]},{\"@type\":\"ImageObject\",\"inLanguage\":\"de\",\"@id\":\"https:\\\/\\\/chemicalguys.cleaning\\\/de\\\/produkt\\\/waschen\\\/mikrofasertucher\\\/chemical-guys-workhorse-professional-grade-microfiber-towel-gray-16x16-3-pack\\\/#primaryimage\",\"url\":\"https:\\\/\\\/i0.wp.com\\\/chemicalguys.cleaning\\\/wp-content\\\/uploads\\\/2025\\\/05\\\/34077a4b-f4a6-458d-9f4d-b086f0616bdb-CG_MIC35203_1.jpg?fit=800%2C800&ssl=1\",\"contentUrl\":\"https:\\\/\\\/i0.wp.com\\\/chemicalguys.cleaning\\\/wp-content\\\/uploads\\\/2025\\\/05\\\/34077a4b-f4a6-458d-9f4d-b086f0616bdb-CG_MIC35203_1.jpg?fit=800%2C800&ssl=1\",\"width\":800,\"height\":800},{\"@type\":\"BreadcrumbList\",\"@id\":\"https:\\\/\\\/chemicalguys.cleaning\\\/de\\\/produkt\\\/waschen\\\/mikrofasertucher\\\/chemical-guys-workhorse-professional-grade-microfiber-towel-gray-16x16-3-pack\\\/#breadcrumb\",\"itemListElement\":[{\"@type\":\"ListItem\",\"position\":1,\"name\":\"Home\",\"item\":\"https:\\\/\\\/chemicalguys.cleaning\\\/de\\\/\"},{\"@type\":\"ListItem\",\"position\":2,\"name\":\"Shop\",\"item\":\"https:\\\/\\\/chemicalguys.cleaning\\\/winkel\\\/\"},{\"@type\":\"ListItem\",\"position\":3,\"name\":\"Chemical Guys Workhorse Professional Grade Microfiber Towel &#8211; Gray 16&#215;16&#8221; (3 Pack)\"}]},{\"@type\":\"WebSite\",\"@id\":\"https:\\\/\\\/chemicalguys.cleaning\\\/de\\\/#website\",\"url\":\"https:\\\/\\\/chemicalguys.cleaning\\\/de\\\/\",\"name\":\"Chemical Guys\",\"description\":\"Reinigings- en verzorgingsproducten\",\"publisher\":{\"@id\":\"https:\\\/\\\/chemicalguys.cleaning\\\/de\\\/#organization\"},\"potentialAction\":[{\"@type\":\"SearchAction\",\"target\":{\"@type\":\"EntryPoint\",\"urlTemplate\":\"https:\\\/\\\/chemicalguys.cleaning\\\/de\\\/?s={search_term_string}\"},\"query-input\":{\"@type\":\"PropertyValueSpecification\",\"valueRequired\":true,\"valueName\":\"search_term_string\"}}],\"inLanguage\":\"de\"},{\"@type\":\"Organization\",\"@id\":\"https:\\\/\\\/chemicalguys.cleaning\\\/de\\\/#organization\",\"name\":\"chemicalguys.cleaning\",\"url\":\"https:\\\/\\\/chemicalguys.cleaning\\\/de\\\/\",\"logo\":{\"@type\":\"ImageObject\",\"inLanguage\":\"de\",\"@id\":\"https:\\\/\\\/chemicalguys.cleaning\\\/de\\\/#\\\/schema\\\/logo\\\/image\\\/\",\"url\":\"https:\\\/\\\/i0.wp.com\\\/chemicalguys.cleaning\\\/wp-content\\\/uploads\\\/2025\\\/05\\\/ChemicalGuys-Logo-Official-Detailed.png?fit=2880%2C2880&ssl=1\",\"contentUrl\":\"https:\\\/\\\/i0.wp.com\\\/chemicalguys.cleaning\\\/wp-content\\\/uploads\\\/2025\\\/05\\\/ChemicalGuys-Logo-Official-Detailed.png?fit=2880%2C2880&ssl=1\",\"width\":2880,\"height\":2880,\"caption\":\"chemicalguys.cleaning\"},\"image\":{\"@id\":\"https:\\\/\\\/chemicalguys.cleaning\\\/de\\\/#\\\/schema\\\/logo\\\/image\\\/\"},\"sameAs\":[\"https:\\\/\\\/www.facebook.com\\\/people\\\/Chemical-Guys-NL\\\/61576258888707\\\/\",\"https:\\\/\\\/www.instagram.com\\\/chemicalguys_holland\\\/\"]}]}<\/script>\n<!-- \/ Yoast SEO plugin. -->","yoast_head_json":{"title":"Chemical Guys Workhorse Professional Grade Microfiber Towel - Gray 16x16'' (3 Pack) - Chemical Guys","robots":{"index":"index","follow":"follow","max-snippet":"max-snippet:-1","max-image-preview":"max-image-preview:large","max-video-preview":"max-video-preview:-1"},"canonical":"https:\/\/chemicalguys.cleaning\/de\/produkt\/waschen\/mikrofasertucher\/chemical-guys-workhorse-professional-grade-microfiber-towel-gray-16x16-3-pack\/","og_locale":"de_DE","og_type":"article","og_title":"Chemical Guys Workhorse Professional Grade Microfiber Towel - Gray 16x16'' (3 Pack) - Chemical Guys","og_description":"Chemical Guys Workhorse Professional Grade Microfiber Towel - Gray 16x16'' (3 Pack)","og_url":"https:\/\/chemicalguys.cleaning\/de\/produkt\/waschen\/mikrofasertucher\/chemical-guys-workhorse-professional-grade-microfiber-towel-gray-16x16-3-pack\/","og_site_name":"Chemical Guys","article_publisher":"https:\/\/www.facebook.com\/people\/Chemical-Guys-NL\/61576258888707\/","article_modified_time":"2025-05-30T06:29:30+00:00","og_image":[{"width":800,"height":800,"url":"https:\/\/i0.wp.com\/chemicalguys.cleaning\/wp-content\/uploads\/2025\/05\/34077a4b-f4a6-458d-9f4d-b086f0616bdb-CG_MIC35203_1.jpg?fit=800%2C800&ssl=1","type":"image\/webp"}],"twitter_card":"summary_large_image","twitter_misc":{"Gesch\u00e4tzte Lesezeit":"1\u00a0Minute"},"schema":{"@context":"https:\/\/schema.org","@graph":[{"@type":"WebPage","@id":"https:\/\/chemicalguys.cleaning\/de\/produkt\/waschen\/mikrofasertucher\/chemical-guys-workhorse-professional-grade-microfiber-towel-gray-16x16-3-pack\/","url":"https:\/\/chemicalguys.cleaning\/de\/produkt\/waschen\/mikrofasertucher\/chemical-guys-workhorse-professional-grade-microfiber-towel-gray-16x16-3-pack\/","name":"Chemical Guys Workhorse Professional Grade Microfiber Towel - Gray 16x16'' (3 Pack) - Chemical Guys","isPartOf":{"@id":"https:\/\/chemicalguys.cleaning\/de\/#website"},"primaryImageOfPage":{"@id":"https:\/\/chemicalguys.cleaning\/de\/produkt\/waschen\/mikrofasertucher\/chemical-guys-workhorse-professional-grade-microfiber-towel-gray-16x16-3-pack\/#primaryimage"},"image":{"@id":"https:\/\/chemicalguys.cleaning\/de\/produkt\/waschen\/mikrofasertucher\/chemical-guys-workhorse-professional-grade-microfiber-towel-gray-16x16-3-pack\/#primaryimage"},"thumbnailUrl":"https:\/\/i0.wp.com\/chemicalguys.cleaning\/wp-content\/uploads\/2025\/05\/34077a4b-f4a6-458d-9f4d-b086f0616bdb-CG_MIC35203_1.jpg?fit=800%2C800&ssl=1","datePublished":"2025-05-28T13:22:29+00:00","dateModified":"2025-05-30T06:29:30+00:00","breadcrumb":{"@id":"https:\/\/chemicalguys.cleaning\/de\/produkt\/waschen\/mikrofasertucher\/chemical-guys-workhorse-professional-grade-microfiber-towel-gray-16x16-3-pack\/#breadcrumb"},"inLanguage":"de","potentialAction":[{"@type":"ReadAction","target":["https:\/\/chemicalguys.cleaning\/de\/produkt\/waschen\/mikrofasertucher\/chemical-guys-workhorse-professional-grade-microfiber-towel-gray-16x16-3-pack\/"]}]},{"@type":"ImageObject","inLanguage":"de","@id":"https:\/\/chemicalguys.cleaning\/de\/produkt\/waschen\/mikrofasertucher\/chemical-guys-workhorse-professional-grade-microfiber-towel-gray-16x16-3-pack\/#primaryimage","url":"https:\/\/i0.wp.com\/chemicalguys.cleaning\/wp-content\/uploads\/2025\/05\/34077a4b-f4a6-458d-9f4d-b086f0616bdb-CG_MIC35203_1.jpg?fit=800%2C800&ssl=1","contentUrl":"https:\/\/i0.wp.com\/chemicalguys.cleaning\/wp-content\/uploads\/2025\/05\/34077a4b-f4a6-458d-9f4d-b086f0616bdb-CG_MIC35203_1.jpg?fit=800%2C800&ssl=1","width":800,"height":800},{"@type":"BreadcrumbList","@id":"https:\/\/chemicalguys.cleaning\/de\/produkt\/waschen\/mikrofasertucher\/chemical-guys-workhorse-professional-grade-microfiber-towel-gray-16x16-3-pack\/#breadcrumb","itemListElement":[{"@type":"ListItem","position":1,"name":"Home","item":"https:\/\/chemicalguys.cleaning\/de\/"},{"@type":"ListItem","position":2,"name":"Shop","item":"https:\/\/chemicalguys.cleaning\/winkel\/"},{"@type":"ListItem","position":3,"name":"Chemical Guys Workhorse Professional Grade Microfiber Towel &#8211; Gray 16&#215;16&#8221; (3 Pack)"}]},{"@type":"WebSite","@id":"https:\/\/chemicalguys.cleaning\/de\/#website","url":"https:\/\/chemicalguys.cleaning\/de\/","name":"Chemical Guys","description":"Reinigings- en verzorgingsproducten","publisher":{"@id":"https:\/\/chemicalguys.cleaning\/de\/#organization"},"potentialAction":[{"@type":"SearchAction","target":{"@type":"EntryPoint","urlTemplate":"https:\/\/chemicalguys.cleaning\/de\/?s={search_term_string}"},"query-input":{"@type":"PropertyValueSpecification","valueRequired":true,"valueName":"search_term_string"}}],"inLanguage":"de"},{"@type":"Organization","@id":"https:\/\/chemicalguys.cleaning\/de\/#organization","name":"chemicalguys.cleaning","url":"https:\/\/chemicalguys.cleaning\/de\/","logo":{"@type":"ImageObject","inLanguage":"de","@id":"https:\/\/chemicalguys.cleaning\/de\/#\/schema\/logo\/image\/","url":"https:\/\/i0.wp.com\/chemicalguys.cleaning\/wp-content\/uploads\/2025\/05\/ChemicalGuys-Logo-Official-Detailed.png?fit=2880%2C2880&ssl=1","contentUrl":"https:\/\/i0.wp.com\/chemicalguys.cleaning\/wp-content\/uploads\/2025\/05\/ChemicalGuys-Logo-Official-Detailed.png?fit=2880%2C2880&ssl=1","width":2880,"height":2880,"caption":"chemicalguys.cleaning"},"image":{"@id":"https:\/\/chemicalguys.cleaning\/de\/#\/schema\/logo\/image\/"},"sameAs":["https:\/\/www.facebook.com\/people\/Chemical-Guys-NL\/61576258888707\/","https:\/\/www.instagram.com\/chemicalguys_holland\/"]}]}},"jetpack_sharing_enabled":true,"_links":{"self":[{"href":"https:\/\/chemicalguys.cleaning\/de\/wp-json\/wp\/v2\/product\/9244","targetHints":{"allow":["GET"]}}],"collection":[{"href":"https:\/\/chemicalguys.cleaning\/de\/wp-json\/wp\/v2\/product"}],"about":[{"href":"https:\/\/chemicalguys.cleaning\/de\/wp-json\/wp\/v2\/types\/product"}],"replies":[{"embeddable":true,"href":"https:\/\/chemicalguys.cleaning\/de\/wp-json\/wp\/v2\/comments?post=9244"}],"wp:featuredmedia":[{"embeddable":true,"href":"https:\/\/chemicalguys.cleaning\/de\/wp-json\/wp\/v2\/media\/8165"}],"wp:attachment":[{"href":"https:\/\/chemicalguys.cleaning\/de\/wp-json\/wp\/v2\/media?parent=9244"}],"wp:term":[{"taxonomy":"product_brand","embeddable":true,"href":"https:\/\/chemicalguys.cleaning\/de\/wp-json\/wp\/v2\/product_brand?post=9244"},{"taxonomy":"product_cat","embeddable":true,"href":"https:\/\/chemicalguys.cleaning\/de\/wp-json\/wp\/v2\/product_cat?post=9244"},{"taxonomy":"product_tag","embeddable":true,"href":"https:\/\/chemicalguys.cleaning\/de\/wp-json\/wp\/v2\/product_tag?post=9244"}],"curies":[{"name":"wp","href":"https:\/\/api.w.org\/{rel}","templated":true}]}}