{"id":9235,"date":"2025-05-28T15:18:15","date_gmt":"2025-05-28T13:18:15","guid":{"rendered":"https:\/\/chemicalguys.cleaning\/product\/unkategorisiert\/chemical-guys-wheel-cleaner-signature-series-473ml\/"},"modified":"2025-05-30T08:28:55","modified_gmt":"2025-05-30T06:28:55","slug":"chemical-guys-wheel-cleaner-signature-series-473ml","status":"publish","type":"product","link":"https:\/\/chemicalguys.cleaning\/de\/produkt\/felgen-reifen\/felgenreiniger\/chemical-guys-wheel-cleaner-signature-series-473ml\/","title":{"rendered":"Chemical Guys Wheel Cleaner Signature Series (473ml)"},"content":{"rendered":"<p>Signature Series Wheel Cleaner ist ein leistungsstarker (und verd\u00fcnnbarer) Felgenreiniger auf Zitrusbasis, der hart gegen Bremsstaub und Schmutz ist, aber sanft genug f\u00fcr die meisten Felgenlacke und -materialien.<\/p>\n<p>&#8211; Unter unseren Felgenreinigern ist die Signature Series am besten f\u00fcr diejenigen geeignet die eine konzentrierte, rein nat\u00fcrliche Formel ben\u00f6tigen die verd\u00fcnnt werden kann. So k\u00f6nnen verchromte, polierte, pulverbeschichtete und lackierte Felgen sicher gereinigt werden<br \/>&#8211; L\u00f6st selbst hartn\u00e4ckigen Schmutz und Verunreinigungen<br \/>&#8211; Verhindert dauerhafte Sch\u00e4den an Felgen und Bremsen<br \/>&#8211; Entfernt Schmutz, Ablagerungen und Bremsstaub in Sekundenschnelle<br \/>&#8211; Verd\u00fcnnen Sie die Formel f\u00fcr die perfekte Reinigungskraft bei jeder Anwendung<\/p>\n<span class=\"et_bloom_bottom_trigger\"><\/span>","protected":false},"excerpt":{"rendered":"<p>Chemical Guys Wheel Cleaner Signature Series (473ml)<\/p>\n","protected":false},"featured_media":7960,"comment_status":"closed","ping_status":"closed","template":"","meta":{"_et_pb_use_builder":"","_et_pb_old_content":"","_et_gb_content_width":""},"product_brand":[],"product_cat":[400,409],"product_tag":[510],"class_list":{"0":"post-9235","1":"product","2":"type-product","3":"status-publish","4":"has-post-thumbnail","6":"product_cat-felgen-reifen","7":"product_cat-felgenreiniger","8":"product_tag-chemical-guys-4","9":"pa_farbe-blau","10":"pa_kleur-blau","11":"pa_materiaal-flussigkeit","12":"pa_material-flussigkeit","14":"first","15":"instock","16":"taxable","17":"shipping-taxable","18":"purchasable","19":"product-type-simple"},"yoast_head":"<!-- This site is optimized with the Yoast SEO plugin v27.3 - https:\/\/yoast.com\/product\/yoast-seo-wordpress\/ -->\n<title>Chemical Guys Wheel Cleaner Signature Series (473ml) - Chemical Guys<\/title>\n<meta name=\"robots\" content=\"index, follow, max-snippet:-1, max-image-preview:large, max-video-preview:-1\" \/>\n<link rel=\"canonical\" href=\"https:\/\/chemicalguys.cleaning\/de\/produkt\/felgen-reifen\/felgenreiniger\/chemical-guys-wheel-cleaner-signature-series-473ml\/\" \/>\n<meta property=\"og:locale\" content=\"de_DE\" \/>\n<meta property=\"og:type\" content=\"article\" \/>\n<meta property=\"og:title\" content=\"Chemical Guys Wheel Cleaner Signature Series (473ml) - Chemical Guys\" \/>\n<meta property=\"og:description\" content=\"Chemical Guys Wheel Cleaner Signature Series (473ml)\" \/>\n<meta property=\"og:url\" content=\"https:\/\/chemicalguys.cleaning\/de\/produkt\/felgen-reifen\/felgenreiniger\/chemical-guys-wheel-cleaner-signature-series-473ml\/\" \/>\n<meta property=\"og:site_name\" content=\"Chemical Guys\" \/>\n<meta property=\"article:publisher\" content=\"https:\/\/www.facebook.com\/people\/Chemical-Guys-NL\/61576258888707\/\" \/>\n<meta property=\"article:modified_time\" content=\"2025-05-30T06:28:55+00:00\" \/>\n<meta property=\"og:image\" content=\"https:\/\/chemicalguys.cleaning\/wp-content\/uploads\/2025\/05\/a65d8496-55ee-4acd-bd93-d5be433a4935-CG_CLD20316_1.jpg\" \/>\n\t<meta property=\"og:image:width\" content=\"800\" \/>\n\t<meta property=\"og:image:height\" content=\"800\" \/>\n\t<meta property=\"og:image:type\" content=\"image\/webp\" \/>\n<meta name=\"twitter:card\" content=\"summary_large_image\" \/>\n<meta name=\"twitter:label1\" content=\"Gesch\u00e4tzte Lesezeit\" \/>\n\t<meta name=\"twitter:data1\" content=\"1\u00a0Minute\" \/>\n<script type=\"application\/ld+json\" class=\"yoast-schema-graph\">{\"@context\":\"https:\\\/\\\/schema.org\",\"@graph\":[{\"@type\":\"WebPage\",\"@id\":\"https:\\\/\\\/chemicalguys.cleaning\\\/de\\\/produkt\\\/felgen-reifen\\\/felgenreiniger\\\/chemical-guys-wheel-cleaner-signature-series-473ml\\\/\",\"url\":\"https:\\\/\\\/chemicalguys.cleaning\\\/de\\\/produkt\\\/felgen-reifen\\\/felgenreiniger\\\/chemical-guys-wheel-cleaner-signature-series-473ml\\\/\",\"name\":\"Chemical Guys Wheel Cleaner Signature Series (473ml) - Chemical Guys\",\"isPartOf\":{\"@id\":\"https:\\\/\\\/chemicalguys.cleaning\\\/de\\\/#website\"},\"primaryImageOfPage\":{\"@id\":\"https:\\\/\\\/chemicalguys.cleaning\\\/de\\\/produkt\\\/felgen-reifen\\\/felgenreiniger\\\/chemical-guys-wheel-cleaner-signature-series-473ml\\\/#primaryimage\"},\"image\":{\"@id\":\"https:\\\/\\\/chemicalguys.cleaning\\\/de\\\/produkt\\\/felgen-reifen\\\/felgenreiniger\\\/chemical-guys-wheel-cleaner-signature-series-473ml\\\/#primaryimage\"},\"thumbnailUrl\":\"https:\\\/\\\/i0.wp.com\\\/chemicalguys.cleaning\\\/wp-content\\\/uploads\\\/2025\\\/05\\\/a65d8496-55ee-4acd-bd93-d5be433a4935-CG_CLD20316_1.jpg?fit=800%2C800&ssl=1\",\"datePublished\":\"2025-05-28T13:18:15+00:00\",\"dateModified\":\"2025-05-30T06:28:55+00:00\",\"breadcrumb\":{\"@id\":\"https:\\\/\\\/chemicalguys.cleaning\\\/de\\\/produkt\\\/felgen-reifen\\\/felgenreiniger\\\/chemical-guys-wheel-cleaner-signature-series-473ml\\\/#breadcrumb\"},\"inLanguage\":\"de\",\"potentialAction\":[{\"@type\":\"ReadAction\",\"target\":[\"https:\\\/\\\/chemicalguys.cleaning\\\/de\\\/produkt\\\/felgen-reifen\\\/felgenreiniger\\\/chemical-guys-wheel-cleaner-signature-series-473ml\\\/\"]}]},{\"@type\":\"ImageObject\",\"inLanguage\":\"de\",\"@id\":\"https:\\\/\\\/chemicalguys.cleaning\\\/de\\\/produkt\\\/felgen-reifen\\\/felgenreiniger\\\/chemical-guys-wheel-cleaner-signature-series-473ml\\\/#primaryimage\",\"url\":\"https:\\\/\\\/i0.wp.com\\\/chemicalguys.cleaning\\\/wp-content\\\/uploads\\\/2025\\\/05\\\/a65d8496-55ee-4acd-bd93-d5be433a4935-CG_CLD20316_1.jpg?fit=800%2C800&ssl=1\",\"contentUrl\":\"https:\\\/\\\/i0.wp.com\\\/chemicalguys.cleaning\\\/wp-content\\\/uploads\\\/2025\\\/05\\\/a65d8496-55ee-4acd-bd93-d5be433a4935-CG_CLD20316_1.jpg?fit=800%2C800&ssl=1\",\"width\":800,\"height\":800},{\"@type\":\"BreadcrumbList\",\"@id\":\"https:\\\/\\\/chemicalguys.cleaning\\\/de\\\/produkt\\\/felgen-reifen\\\/felgenreiniger\\\/chemical-guys-wheel-cleaner-signature-series-473ml\\\/#breadcrumb\",\"itemListElement\":[{\"@type\":\"ListItem\",\"position\":1,\"name\":\"Home\",\"item\":\"https:\\\/\\\/chemicalguys.cleaning\\\/de\\\/\"},{\"@type\":\"ListItem\",\"position\":2,\"name\":\"Shop\",\"item\":\"https:\\\/\\\/chemicalguys.cleaning\\\/winkel\\\/\"},{\"@type\":\"ListItem\",\"position\":3,\"name\":\"Chemical Guys Wheel Cleaner Signature Series (473ml)\"}]},{\"@type\":\"WebSite\",\"@id\":\"https:\\\/\\\/chemicalguys.cleaning\\\/de\\\/#website\",\"url\":\"https:\\\/\\\/chemicalguys.cleaning\\\/de\\\/\",\"name\":\"Chemical Guys\",\"description\":\"Reinigings- en verzorgingsproducten\",\"publisher\":{\"@id\":\"https:\\\/\\\/chemicalguys.cleaning\\\/de\\\/#organization\"},\"potentialAction\":[{\"@type\":\"SearchAction\",\"target\":{\"@type\":\"EntryPoint\",\"urlTemplate\":\"https:\\\/\\\/chemicalguys.cleaning\\\/de\\\/?s={search_term_string}\"},\"query-input\":{\"@type\":\"PropertyValueSpecification\",\"valueRequired\":true,\"valueName\":\"search_term_string\"}}],\"inLanguage\":\"de\"},{\"@type\":\"Organization\",\"@id\":\"https:\\\/\\\/chemicalguys.cleaning\\\/de\\\/#organization\",\"name\":\"chemicalguys.cleaning\",\"url\":\"https:\\\/\\\/chemicalguys.cleaning\\\/de\\\/\",\"logo\":{\"@type\":\"ImageObject\",\"inLanguage\":\"de\",\"@id\":\"https:\\\/\\\/chemicalguys.cleaning\\\/de\\\/#\\\/schema\\\/logo\\\/image\\\/\",\"url\":\"https:\\\/\\\/i0.wp.com\\\/chemicalguys.cleaning\\\/wp-content\\\/uploads\\\/2025\\\/05\\\/ChemicalGuys-Logo-Official-Detailed.png?fit=2880%2C2880&ssl=1\",\"contentUrl\":\"https:\\\/\\\/i0.wp.com\\\/chemicalguys.cleaning\\\/wp-content\\\/uploads\\\/2025\\\/05\\\/ChemicalGuys-Logo-Official-Detailed.png?fit=2880%2C2880&ssl=1\",\"width\":2880,\"height\":2880,\"caption\":\"chemicalguys.cleaning\"},\"image\":{\"@id\":\"https:\\\/\\\/chemicalguys.cleaning\\\/de\\\/#\\\/schema\\\/logo\\\/image\\\/\"},\"sameAs\":[\"https:\\\/\\\/www.facebook.com\\\/people\\\/Chemical-Guys-NL\\\/61576258888707\\\/\",\"https:\\\/\\\/www.instagram.com\\\/chemicalguys_holland\\\/\"]}]}<\/script>\n<!-- \/ Yoast SEO plugin. -->","yoast_head_json":{"title":"Chemical Guys Wheel Cleaner Signature Series (473ml) - Chemical Guys","robots":{"index":"index","follow":"follow","max-snippet":"max-snippet:-1","max-image-preview":"max-image-preview:large","max-video-preview":"max-video-preview:-1"},"canonical":"https:\/\/chemicalguys.cleaning\/de\/produkt\/felgen-reifen\/felgenreiniger\/chemical-guys-wheel-cleaner-signature-series-473ml\/","og_locale":"de_DE","og_type":"article","og_title":"Chemical Guys Wheel Cleaner Signature Series (473ml) - Chemical Guys","og_description":"Chemical Guys Wheel Cleaner Signature Series (473ml)","og_url":"https:\/\/chemicalguys.cleaning\/de\/produkt\/felgen-reifen\/felgenreiniger\/chemical-guys-wheel-cleaner-signature-series-473ml\/","og_site_name":"Chemical Guys","article_publisher":"https:\/\/www.facebook.com\/people\/Chemical-Guys-NL\/61576258888707\/","article_modified_time":"2025-05-30T06:28:55+00:00","og_image":[{"width":800,"height":800,"url":"https:\/\/chemicalguys.cleaning\/wp-content\/uploads\/2025\/05\/a65d8496-55ee-4acd-bd93-d5be433a4935-CG_CLD20316_1.jpg","type":"image\/webp"}],"twitter_card":"summary_large_image","twitter_misc":{"Gesch\u00e4tzte Lesezeit":"1\u00a0Minute"},"schema":{"@context":"https:\/\/schema.org","@graph":[{"@type":"WebPage","@id":"https:\/\/chemicalguys.cleaning\/de\/produkt\/felgen-reifen\/felgenreiniger\/chemical-guys-wheel-cleaner-signature-series-473ml\/","url":"https:\/\/chemicalguys.cleaning\/de\/produkt\/felgen-reifen\/felgenreiniger\/chemical-guys-wheel-cleaner-signature-series-473ml\/","name":"Chemical Guys Wheel Cleaner Signature Series (473ml) - Chemical Guys","isPartOf":{"@id":"https:\/\/chemicalguys.cleaning\/de\/#website"},"primaryImageOfPage":{"@id":"https:\/\/chemicalguys.cleaning\/de\/produkt\/felgen-reifen\/felgenreiniger\/chemical-guys-wheel-cleaner-signature-series-473ml\/#primaryimage"},"image":{"@id":"https:\/\/chemicalguys.cleaning\/de\/produkt\/felgen-reifen\/felgenreiniger\/chemical-guys-wheel-cleaner-signature-series-473ml\/#primaryimage"},"thumbnailUrl":"https:\/\/i0.wp.com\/chemicalguys.cleaning\/wp-content\/uploads\/2025\/05\/a65d8496-55ee-4acd-bd93-d5be433a4935-CG_CLD20316_1.jpg?fit=800%2C800&ssl=1","datePublished":"2025-05-28T13:18:15+00:00","dateModified":"2025-05-30T06:28:55+00:00","breadcrumb":{"@id":"https:\/\/chemicalguys.cleaning\/de\/produkt\/felgen-reifen\/felgenreiniger\/chemical-guys-wheel-cleaner-signature-series-473ml\/#breadcrumb"},"inLanguage":"de","potentialAction":[{"@type":"ReadAction","target":["https:\/\/chemicalguys.cleaning\/de\/produkt\/felgen-reifen\/felgenreiniger\/chemical-guys-wheel-cleaner-signature-series-473ml\/"]}]},{"@type":"ImageObject","inLanguage":"de","@id":"https:\/\/chemicalguys.cleaning\/de\/produkt\/felgen-reifen\/felgenreiniger\/chemical-guys-wheel-cleaner-signature-series-473ml\/#primaryimage","url":"https:\/\/i0.wp.com\/chemicalguys.cleaning\/wp-content\/uploads\/2025\/05\/a65d8496-55ee-4acd-bd93-d5be433a4935-CG_CLD20316_1.jpg?fit=800%2C800&ssl=1","contentUrl":"https:\/\/i0.wp.com\/chemicalguys.cleaning\/wp-content\/uploads\/2025\/05\/a65d8496-55ee-4acd-bd93-d5be433a4935-CG_CLD20316_1.jpg?fit=800%2C800&ssl=1","width":800,"height":800},{"@type":"BreadcrumbList","@id":"https:\/\/chemicalguys.cleaning\/de\/produkt\/felgen-reifen\/felgenreiniger\/chemical-guys-wheel-cleaner-signature-series-473ml\/#breadcrumb","itemListElement":[{"@type":"ListItem","position":1,"name":"Home","item":"https:\/\/chemicalguys.cleaning\/de\/"},{"@type":"ListItem","position":2,"name":"Shop","item":"https:\/\/chemicalguys.cleaning\/winkel\/"},{"@type":"ListItem","position":3,"name":"Chemical Guys Wheel Cleaner Signature Series (473ml)"}]},{"@type":"WebSite","@id":"https:\/\/chemicalguys.cleaning\/de\/#website","url":"https:\/\/chemicalguys.cleaning\/de\/","name":"Chemical Guys","description":"Reinigings- en verzorgingsproducten","publisher":{"@id":"https:\/\/chemicalguys.cleaning\/de\/#organization"},"potentialAction":[{"@type":"SearchAction","target":{"@type":"EntryPoint","urlTemplate":"https:\/\/chemicalguys.cleaning\/de\/?s={search_term_string}"},"query-input":{"@type":"PropertyValueSpecification","valueRequired":true,"valueName":"search_term_string"}}],"inLanguage":"de"},{"@type":"Organization","@id":"https:\/\/chemicalguys.cleaning\/de\/#organization","name":"chemicalguys.cleaning","url":"https:\/\/chemicalguys.cleaning\/de\/","logo":{"@type":"ImageObject","inLanguage":"de","@id":"https:\/\/chemicalguys.cleaning\/de\/#\/schema\/logo\/image\/","url":"https:\/\/i0.wp.com\/chemicalguys.cleaning\/wp-content\/uploads\/2025\/05\/ChemicalGuys-Logo-Official-Detailed.png?fit=2880%2C2880&ssl=1","contentUrl":"https:\/\/i0.wp.com\/chemicalguys.cleaning\/wp-content\/uploads\/2025\/05\/ChemicalGuys-Logo-Official-Detailed.png?fit=2880%2C2880&ssl=1","width":2880,"height":2880,"caption":"chemicalguys.cleaning"},"image":{"@id":"https:\/\/chemicalguys.cleaning\/de\/#\/schema\/logo\/image\/"},"sameAs":["https:\/\/www.facebook.com\/people\/Chemical-Guys-NL\/61576258888707\/","https:\/\/www.instagram.com\/chemicalguys_holland\/"]}]}},"jetpack_sharing_enabled":true,"_links":{"self":[{"href":"https:\/\/chemicalguys.cleaning\/de\/wp-json\/wp\/v2\/product\/9235","targetHints":{"allow":["GET"]}}],"collection":[{"href":"https:\/\/chemicalguys.cleaning\/de\/wp-json\/wp\/v2\/product"}],"about":[{"href":"https:\/\/chemicalguys.cleaning\/de\/wp-json\/wp\/v2\/types\/product"}],"replies":[{"embeddable":true,"href":"https:\/\/chemicalguys.cleaning\/de\/wp-json\/wp\/v2\/comments?post=9235"}],"wp:featuredmedia":[{"embeddable":true,"href":"https:\/\/chemicalguys.cleaning\/de\/wp-json\/wp\/v2\/media\/7960"}],"wp:attachment":[{"href":"https:\/\/chemicalguys.cleaning\/de\/wp-json\/wp\/v2\/media?parent=9235"}],"wp:term":[{"taxonomy":"product_brand","embeddable":true,"href":"https:\/\/chemicalguys.cleaning\/de\/wp-json\/wp\/v2\/product_brand?post=9235"},{"taxonomy":"product_cat","embeddable":true,"href":"https:\/\/chemicalguys.cleaning\/de\/wp-json\/wp\/v2\/product_cat?post=9235"},{"taxonomy":"product_tag","embeddable":true,"href":"https:\/\/chemicalguys.cleaning\/de\/wp-json\/wp\/v2\/product_tag?post=9235"}],"curies":[{"name":"wp","href":"https:\/\/api.w.org\/{rel}","templated":true}]}}