{"id":9228,"date":"2025-05-28T15:18:15","date_gmt":"2025-05-28T13:18:15","guid":{"rendered":"https:\/\/chemicalguys.cleaning\/product\/unkategorisiert\/chemical-guys-cyclone-dirt-trap-car-wash-bucket-insert-red\/"},"modified":"2025-05-30T08:28:39","modified_gmt":"2025-05-30T06:28:39","slug":"chemical-guys-cyclone-dirt-trap-car-wash-bucket-insert-red","status":"publish","type":"product","link":"https:\/\/chemicalguys.cleaning\/de\/produkt\/waschen\/eimer-grit-guards\/chemical-guys-cyclone-dirt-trap-car-wash-bucket-insert-red\/","title":{"rendered":"Chemical Guys Cyclone Dirt Trap Car Wash Bucket Insert (Red)"},"content":{"rendered":"<p>Dieses innovative Design verf\u00fcgt \u00fcber fast 300 Zyklon-Trichter, die das schmutzige Waschwasser unter dem Filter auffangen und so daf\u00fcr sorgen, dass abrasive Schmutzpartikel w\u00e4hrend des Waschvorgangs nicht auf Ihren Waschhandschuh gelangen. Erzielen Sie ein makellos sauberes Finish, ohne sich um Kratzer sorgen zu m\u00fcssen.<\/p>\n<p>&#8211; Sch\u00fctzen Sie die empfindliche Oberfl\u00e4che Ihres Fahrzeugs, indem Sie Schmutz und Sand auffangen<br \/>&#8211; Halten Sie Ihr Wasser beim Waschen sauber<br \/>&#8211; Verhindern Sie dass Schmutz wieder auf Ihr Auto gelangt<br \/>&#8211; Verringern das Risiko dass der Lack beim Waschen besch\u00e4digt wird<br \/>&#8211; Passt in die 16L Heavy-Duty Detailing Bucket<\/p>\n<span class=\"et_bloom_bottom_trigger\"><\/span>","protected":false},"excerpt":{"rendered":"<p>Chemical Guys Cyclone Dirt Trap Car Wash Bucket Insert (Red)<\/p>\n","protected":false},"featured_media":7817,"comment_status":"closed","ping_status":"closed","template":"","meta":{"_et_pb_use_builder":"","_et_pb_old_content":"","_et_gb_content_width":""},"product_brand":[],"product_cat":[421,138],"product_tag":[510],"class_list":{"0":"post-9228","1":"product","2":"type-product","3":"status-publish","4":"has-post-thumbnail","6":"product_cat-eimer-grit-guards","7":"product_cat-waschen","8":"product_tag-chemical-guys-4","9":"pa_farbe-rot","10":"pa_kleur-rot","11":"pa_materiaal-kunststoff","12":"pa_material-kunststoff","14":"first","15":"instock","16":"taxable","17":"shipping-taxable","18":"purchasable","19":"product-type-simple"},"yoast_head":"<!-- This site is optimized with the Yoast SEO plugin v27.4 - https:\/\/yoast.com\/product\/yoast-seo-wordpress\/ -->\n<title>Chemical Guys Cyclone Dirt Trap Car Wash Bucket Insert (Red) - Chemical Guys<\/title>\n<meta name=\"robots\" content=\"index, follow, max-snippet:-1, max-image-preview:large, max-video-preview:-1\" \/>\n<link rel=\"canonical\" href=\"https:\/\/chemicalguys.cleaning\/de\/produkt\/waschen\/eimer-grit-guards\/chemical-guys-cyclone-dirt-trap-car-wash-bucket-insert-red\/\" \/>\n<meta property=\"og:locale\" content=\"de_DE\" \/>\n<meta property=\"og:type\" content=\"article\" \/>\n<meta property=\"og:title\" content=\"Chemical Guys Cyclone Dirt Trap Car Wash Bucket Insert (Red) - Chemical Guys\" \/>\n<meta property=\"og:description\" content=\"Chemical Guys Cyclone Dirt Trap Car Wash Bucket Insert (Red)\" \/>\n<meta property=\"og:url\" content=\"https:\/\/chemicalguys.cleaning\/de\/produkt\/waschen\/eimer-grit-guards\/chemical-guys-cyclone-dirt-trap-car-wash-bucket-insert-red\/\" \/>\n<meta property=\"og:site_name\" content=\"Chemical Guys\" \/>\n<meta property=\"article:publisher\" content=\"https:\/\/www.facebook.com\/people\/Chemical-Guys-NL\/61576258888707\/\" \/>\n<meta property=\"article:modified_time\" content=\"2025-05-30T06:28:39+00:00\" \/>\n<meta property=\"og:image\" content=\"https:\/\/chemicalguys.cleaning\/wp-content\/uploads\/2025\/05\/023f4805-745b-4ebc-8be1-861fdaf9f940-CG_DIRTTRAP02_1.jpg\" \/>\n\t<meta property=\"og:image:width\" content=\"800\" \/>\n\t<meta property=\"og:image:height\" content=\"800\" \/>\n\t<meta property=\"og:image:type\" content=\"image\/webp\" \/>\n<meta name=\"twitter:card\" content=\"summary_large_image\" \/>\n<script type=\"application\/ld+json\" class=\"yoast-schema-graph\">{\"@context\":\"https:\\\/\\\/schema.org\",\"@graph\":[{\"@type\":\"WebPage\",\"@id\":\"https:\\\/\\\/chemicalguys.cleaning\\\/de\\\/produkt\\\/waschen\\\/eimer-grit-guards\\\/chemical-guys-cyclone-dirt-trap-car-wash-bucket-insert-red\\\/\",\"url\":\"https:\\\/\\\/chemicalguys.cleaning\\\/de\\\/produkt\\\/waschen\\\/eimer-grit-guards\\\/chemical-guys-cyclone-dirt-trap-car-wash-bucket-insert-red\\\/\",\"name\":\"Chemical Guys Cyclone Dirt Trap Car Wash Bucket Insert (Red) - Chemical Guys\",\"isPartOf\":{\"@id\":\"https:\\\/\\\/chemicalguys.cleaning\\\/de\\\/#website\"},\"primaryImageOfPage\":{\"@id\":\"https:\\\/\\\/chemicalguys.cleaning\\\/de\\\/produkt\\\/waschen\\\/eimer-grit-guards\\\/chemical-guys-cyclone-dirt-trap-car-wash-bucket-insert-red\\\/#primaryimage\"},\"image\":{\"@id\":\"https:\\\/\\\/chemicalguys.cleaning\\\/de\\\/produkt\\\/waschen\\\/eimer-grit-guards\\\/chemical-guys-cyclone-dirt-trap-car-wash-bucket-insert-red\\\/#primaryimage\"},\"thumbnailUrl\":\"https:\\\/\\\/i0.wp.com\\\/chemicalguys.cleaning\\\/wp-content\\\/uploads\\\/2025\\\/05\\\/023f4805-745b-4ebc-8be1-861fdaf9f940-CG_DIRTTRAP02_1.jpg?fit=800%2C800&ssl=1\",\"datePublished\":\"2025-05-28T13:18:15+00:00\",\"dateModified\":\"2025-05-30T06:28:39+00:00\",\"breadcrumb\":{\"@id\":\"https:\\\/\\\/chemicalguys.cleaning\\\/de\\\/produkt\\\/waschen\\\/eimer-grit-guards\\\/chemical-guys-cyclone-dirt-trap-car-wash-bucket-insert-red\\\/#breadcrumb\"},\"inLanguage\":\"de\",\"potentialAction\":[{\"@type\":\"ReadAction\",\"target\":[\"https:\\\/\\\/chemicalguys.cleaning\\\/de\\\/produkt\\\/waschen\\\/eimer-grit-guards\\\/chemical-guys-cyclone-dirt-trap-car-wash-bucket-insert-red\\\/\"]}]},{\"@type\":\"ImageObject\",\"inLanguage\":\"de\",\"@id\":\"https:\\\/\\\/chemicalguys.cleaning\\\/de\\\/produkt\\\/waschen\\\/eimer-grit-guards\\\/chemical-guys-cyclone-dirt-trap-car-wash-bucket-insert-red\\\/#primaryimage\",\"url\":\"https:\\\/\\\/i0.wp.com\\\/chemicalguys.cleaning\\\/wp-content\\\/uploads\\\/2025\\\/05\\\/023f4805-745b-4ebc-8be1-861fdaf9f940-CG_DIRTTRAP02_1.jpg?fit=800%2C800&ssl=1\",\"contentUrl\":\"https:\\\/\\\/i0.wp.com\\\/chemicalguys.cleaning\\\/wp-content\\\/uploads\\\/2025\\\/05\\\/023f4805-745b-4ebc-8be1-861fdaf9f940-CG_DIRTTRAP02_1.jpg?fit=800%2C800&ssl=1\",\"width\":800,\"height\":800},{\"@type\":\"BreadcrumbList\",\"@id\":\"https:\\\/\\\/chemicalguys.cleaning\\\/de\\\/produkt\\\/waschen\\\/eimer-grit-guards\\\/chemical-guys-cyclone-dirt-trap-car-wash-bucket-insert-red\\\/#breadcrumb\",\"itemListElement\":[{\"@type\":\"ListItem\",\"position\":1,\"name\":\"Home\",\"item\":\"https:\\\/\\\/chemicalguys.cleaning\\\/de\\\/\"},{\"@type\":\"ListItem\",\"position\":2,\"name\":\"Shop\",\"item\":\"https:\\\/\\\/chemicalguys.cleaning\\\/winkel\\\/\"},{\"@type\":\"ListItem\",\"position\":3,\"name\":\"Chemical Guys Cyclone Dirt Trap Car Wash Bucket Insert (Red)\"}]},{\"@type\":\"WebSite\",\"@id\":\"https:\\\/\\\/chemicalguys.cleaning\\\/de\\\/#website\",\"url\":\"https:\\\/\\\/chemicalguys.cleaning\\\/de\\\/\",\"name\":\"Chemical Guys\",\"description\":\"Reinigings- en verzorgingsproducten\",\"publisher\":{\"@id\":\"https:\\\/\\\/chemicalguys.cleaning\\\/de\\\/#organization\"},\"potentialAction\":[{\"@type\":\"SearchAction\",\"target\":{\"@type\":\"EntryPoint\",\"urlTemplate\":\"https:\\\/\\\/chemicalguys.cleaning\\\/de\\\/?s={search_term_string}\"},\"query-input\":{\"@type\":\"PropertyValueSpecification\",\"valueRequired\":true,\"valueName\":\"search_term_string\"}}],\"inLanguage\":\"de\"},{\"@type\":\"Organization\",\"@id\":\"https:\\\/\\\/chemicalguys.cleaning\\\/de\\\/#organization\",\"name\":\"chemicalguys.cleaning\",\"url\":\"https:\\\/\\\/chemicalguys.cleaning\\\/de\\\/\",\"logo\":{\"@type\":\"ImageObject\",\"inLanguage\":\"de\",\"@id\":\"https:\\\/\\\/chemicalguys.cleaning\\\/de\\\/#\\\/schema\\\/logo\\\/image\\\/\",\"url\":\"https:\\\/\\\/i0.wp.com\\\/chemicalguys.cleaning\\\/wp-content\\\/uploads\\\/2025\\\/05\\\/ChemicalGuys-Logo-Official-Detailed.png?fit=2880%2C2880&ssl=1\",\"contentUrl\":\"https:\\\/\\\/i0.wp.com\\\/chemicalguys.cleaning\\\/wp-content\\\/uploads\\\/2025\\\/05\\\/ChemicalGuys-Logo-Official-Detailed.png?fit=2880%2C2880&ssl=1\",\"width\":2880,\"height\":2880,\"caption\":\"chemicalguys.cleaning\"},\"image\":{\"@id\":\"https:\\\/\\\/chemicalguys.cleaning\\\/de\\\/#\\\/schema\\\/logo\\\/image\\\/\"},\"sameAs\":[\"https:\\\/\\\/www.facebook.com\\\/people\\\/Chemical-Guys-NL\\\/61576258888707\\\/\",\"https:\\\/\\\/www.instagram.com\\\/chemicalguys_holland\\\/\"]}]}<\/script>\n<!-- \/ Yoast SEO plugin. -->","yoast_head_json":{"title":"Chemical Guys Cyclone Dirt Trap Car Wash Bucket Insert (Red) - Chemical Guys","robots":{"index":"index","follow":"follow","max-snippet":"max-snippet:-1","max-image-preview":"max-image-preview:large","max-video-preview":"max-video-preview:-1"},"canonical":"https:\/\/chemicalguys.cleaning\/de\/produkt\/waschen\/eimer-grit-guards\/chemical-guys-cyclone-dirt-trap-car-wash-bucket-insert-red\/","og_locale":"de_DE","og_type":"article","og_title":"Chemical Guys Cyclone Dirt Trap Car Wash Bucket Insert (Red) - Chemical Guys","og_description":"Chemical Guys Cyclone Dirt Trap Car Wash Bucket Insert (Red)","og_url":"https:\/\/chemicalguys.cleaning\/de\/produkt\/waschen\/eimer-grit-guards\/chemical-guys-cyclone-dirt-trap-car-wash-bucket-insert-red\/","og_site_name":"Chemical Guys","article_publisher":"https:\/\/www.facebook.com\/people\/Chemical-Guys-NL\/61576258888707\/","article_modified_time":"2025-05-30T06:28:39+00:00","og_image":[{"width":800,"height":800,"url":"https:\/\/chemicalguys.cleaning\/wp-content\/uploads\/2025\/05\/023f4805-745b-4ebc-8be1-861fdaf9f940-CG_DIRTTRAP02_1.jpg","type":"image\/webp"}],"twitter_card":"summary_large_image","schema":{"@context":"https:\/\/schema.org","@graph":[{"@type":"WebPage","@id":"https:\/\/chemicalguys.cleaning\/de\/produkt\/waschen\/eimer-grit-guards\/chemical-guys-cyclone-dirt-trap-car-wash-bucket-insert-red\/","url":"https:\/\/chemicalguys.cleaning\/de\/produkt\/waschen\/eimer-grit-guards\/chemical-guys-cyclone-dirt-trap-car-wash-bucket-insert-red\/","name":"Chemical Guys Cyclone Dirt Trap Car Wash Bucket Insert (Red) - Chemical Guys","isPartOf":{"@id":"https:\/\/chemicalguys.cleaning\/de\/#website"},"primaryImageOfPage":{"@id":"https:\/\/chemicalguys.cleaning\/de\/produkt\/waschen\/eimer-grit-guards\/chemical-guys-cyclone-dirt-trap-car-wash-bucket-insert-red\/#primaryimage"},"image":{"@id":"https:\/\/chemicalguys.cleaning\/de\/produkt\/waschen\/eimer-grit-guards\/chemical-guys-cyclone-dirt-trap-car-wash-bucket-insert-red\/#primaryimage"},"thumbnailUrl":"https:\/\/i0.wp.com\/chemicalguys.cleaning\/wp-content\/uploads\/2025\/05\/023f4805-745b-4ebc-8be1-861fdaf9f940-CG_DIRTTRAP02_1.jpg?fit=800%2C800&ssl=1","datePublished":"2025-05-28T13:18:15+00:00","dateModified":"2025-05-30T06:28:39+00:00","breadcrumb":{"@id":"https:\/\/chemicalguys.cleaning\/de\/produkt\/waschen\/eimer-grit-guards\/chemical-guys-cyclone-dirt-trap-car-wash-bucket-insert-red\/#breadcrumb"},"inLanguage":"de","potentialAction":[{"@type":"ReadAction","target":["https:\/\/chemicalguys.cleaning\/de\/produkt\/waschen\/eimer-grit-guards\/chemical-guys-cyclone-dirt-trap-car-wash-bucket-insert-red\/"]}]},{"@type":"ImageObject","inLanguage":"de","@id":"https:\/\/chemicalguys.cleaning\/de\/produkt\/waschen\/eimer-grit-guards\/chemical-guys-cyclone-dirt-trap-car-wash-bucket-insert-red\/#primaryimage","url":"https:\/\/i0.wp.com\/chemicalguys.cleaning\/wp-content\/uploads\/2025\/05\/023f4805-745b-4ebc-8be1-861fdaf9f940-CG_DIRTTRAP02_1.jpg?fit=800%2C800&ssl=1","contentUrl":"https:\/\/i0.wp.com\/chemicalguys.cleaning\/wp-content\/uploads\/2025\/05\/023f4805-745b-4ebc-8be1-861fdaf9f940-CG_DIRTTRAP02_1.jpg?fit=800%2C800&ssl=1","width":800,"height":800},{"@type":"BreadcrumbList","@id":"https:\/\/chemicalguys.cleaning\/de\/produkt\/waschen\/eimer-grit-guards\/chemical-guys-cyclone-dirt-trap-car-wash-bucket-insert-red\/#breadcrumb","itemListElement":[{"@type":"ListItem","position":1,"name":"Home","item":"https:\/\/chemicalguys.cleaning\/de\/"},{"@type":"ListItem","position":2,"name":"Shop","item":"https:\/\/chemicalguys.cleaning\/winkel\/"},{"@type":"ListItem","position":3,"name":"Chemical Guys Cyclone Dirt Trap Car Wash Bucket Insert (Red)"}]},{"@type":"WebSite","@id":"https:\/\/chemicalguys.cleaning\/de\/#website","url":"https:\/\/chemicalguys.cleaning\/de\/","name":"Chemical Guys","description":"Reinigings- en verzorgingsproducten","publisher":{"@id":"https:\/\/chemicalguys.cleaning\/de\/#organization"},"potentialAction":[{"@type":"SearchAction","target":{"@type":"EntryPoint","urlTemplate":"https:\/\/chemicalguys.cleaning\/de\/?s={search_term_string}"},"query-input":{"@type":"PropertyValueSpecification","valueRequired":true,"valueName":"search_term_string"}}],"inLanguage":"de"},{"@type":"Organization","@id":"https:\/\/chemicalguys.cleaning\/de\/#organization","name":"chemicalguys.cleaning","url":"https:\/\/chemicalguys.cleaning\/de\/","logo":{"@type":"ImageObject","inLanguage":"de","@id":"https:\/\/chemicalguys.cleaning\/de\/#\/schema\/logo\/image\/","url":"https:\/\/i0.wp.com\/chemicalguys.cleaning\/wp-content\/uploads\/2025\/05\/ChemicalGuys-Logo-Official-Detailed.png?fit=2880%2C2880&ssl=1","contentUrl":"https:\/\/i0.wp.com\/chemicalguys.cleaning\/wp-content\/uploads\/2025\/05\/ChemicalGuys-Logo-Official-Detailed.png?fit=2880%2C2880&ssl=1","width":2880,"height":2880,"caption":"chemicalguys.cleaning"},"image":{"@id":"https:\/\/chemicalguys.cleaning\/de\/#\/schema\/logo\/image\/"},"sameAs":["https:\/\/www.facebook.com\/people\/Chemical-Guys-NL\/61576258888707\/","https:\/\/www.instagram.com\/chemicalguys_holland\/"]}]}},"jetpack_sharing_enabled":true,"_links":{"self":[{"href":"https:\/\/chemicalguys.cleaning\/de\/wp-json\/wp\/v2\/product\/9228","targetHints":{"allow":["GET"]}}],"collection":[{"href":"https:\/\/chemicalguys.cleaning\/de\/wp-json\/wp\/v2\/product"}],"about":[{"href":"https:\/\/chemicalguys.cleaning\/de\/wp-json\/wp\/v2\/types\/product"}],"replies":[{"embeddable":true,"href":"https:\/\/chemicalguys.cleaning\/de\/wp-json\/wp\/v2\/comments?post=9228"}],"wp:featuredmedia":[{"embeddable":true,"href":"https:\/\/chemicalguys.cleaning\/de\/wp-json\/wp\/v2\/media\/7817"}],"wp:attachment":[{"href":"https:\/\/chemicalguys.cleaning\/de\/wp-json\/wp\/v2\/media?parent=9228"}],"wp:term":[{"taxonomy":"product_brand","embeddable":true,"href":"https:\/\/chemicalguys.cleaning\/de\/wp-json\/wp\/v2\/product_brand?post=9228"},{"taxonomy":"product_cat","embeddable":true,"href":"https:\/\/chemicalguys.cleaning\/de\/wp-json\/wp\/v2\/product_cat?post=9228"},{"taxonomy":"product_tag","embeddable":true,"href":"https:\/\/chemicalguys.cleaning\/de\/wp-json\/wp\/v2\/product_tag?post=9228"}],"curies":[{"name":"wp","href":"https:\/\/api.w.org\/{rel}","templated":true}]}}